{"id":10552,"date":"2025-02-18T12:21:38","date_gmt":"2025-02-18T11:21:38","guid":{"rendered":"https:\/\/wiejskieprzysmaki.estima.site\/produkt\/daktyle-sproszkowane-bio-200-g-helpa\/"},"modified":"2025-02-18T12:21:45","modified_gmt":"2025-02-18T11:21:45","slug":"daktyle-sproszkowane-bio-200-g-helpa","status":"publish","type":"product","link":"https:\/\/wiejskieprzysmaki.estima.site\/en\/product\/daktyle-sproszkowane-bio-200-g-helpa\/","title":{"rendered":"DAKTYLE SPROSZKOWANE BIO 200 g &#8211; HELPA"},"content":{"rendered":"<p>SK\u0141ADNIKI<br \/>ekologiczne daktyle sproszkowane 100 %<\/p>\n<p>OPIS<br \/>Bio Daktyle sproszkowane to ekologiczne daktyle w formie wygodnego do u\u017cycia proszku w praktycznym opakowaniu ze strun\u0105. <br \/>Co wyr\u00f3\u017cnia Bio Daktyle sproszkowane? <br \/>&#8211; To naturalna alternatywa dla cukru <br \/>&#8211; To nie tylko s\u0142odki dodatek do posi\u0142k\u00f3w, ale r\u00f3wnie\u017c \u017ar\u00f3d\u0142o b\u0142onnika pokarmowego i sk\u0142adnik\u00f3w mineralnych. suszonych daktyl i nic wi\u0119cej<br \/>&#8211; Mo\u017cesz doda\u0107 je wsz\u0119dzie tam, gdzie potrzebna jest odrobina s\u0142odko\u015bci &#8211; do owsianek, ciasteczek, ciast i innych deser\u00f3w. Dodaj odrobin\u0119 s\u0142odyczy swoim wypiekom i deserom, dzi\u0119ki Bio Daktylom HELPA. Poznaj alternatyw\u0119 dla tradycyjnego cukru. Sprawd\u017a, jakie s\u0142odkie i pyszne s\u0105 daktyle!<\/p>\n<p>WARTO\u015a\u0106 OD\u017bYWCZA w 100 g <br \/>Warto\u015b\u0107 energetyczna: 1493 kJ \/ 353 kcal<br \/>T\u0142uszcz: 0 g<br \/>w tym kwasy nasycone: 0 g<br \/>W\u0119glowodany: 80 g<br \/>w tym cukry: 74 g<br \/>B\u0142onnik: 11 g<br \/>Bia\u0142ko: 2,7 g<br \/>S\u00f3l: 0,02 g<\/p>\n<p>INFORMACJA ALERGENNA<br \/>Na terenie zak\u0142adu przetwarzane s\u0105 surowce zawieraj\u0105ce gluten<\/p>\n<p>ZALECANE WARUNKI PRZECHOWYWANIA<br \/>Po otwarciu przechowywa\u0107 w suchym i ch\u0142odnym miejscu, w szczelnie zamkni\u0119tym opakowaniu. <\/p>","protected":false},"excerpt":{"rendered":"<p>SK\u0141ADNIKIekologiczne daktyle sproszkowane 100 % OPISBio Daktyle sproszkowane to ekologiczne daktyle w formie wygodnego do u\u017cycia proszku w praktycznym opakowaniu ze strun\u0105. Co wyr\u00f3\u017cnia Bio Daktyle sproszkowane? &#8211; To naturalna alternatywa dla cukru &#8211; To nie tylko s\u0142odki dodatek do posi\u0142k\u00f3w, ale r\u00f3wnie\u017c \u017ar\u00f3d\u0142o b\u0142onnika pokarmowego i sk\u0142adnik\u00f3w mineralnych. suszonych daktyl i nic wi\u0119cej&#8211; Mo\u017cesz [&hellip;]<\/p>","protected":false},"featured_media":10553,"comment_status":"closed","ping_status":"open","template":"","meta":{"_acf_changed":false},"product_brand":[],"product_cat":[329,304],"product_tag":[],"class_list":{"0":"post-10552","1":"product","2":"type-product","3":"status-publish","4":"has-post-thumbnail","6":"product_cat-cukry-slodziki-owoce-sproszkowane","7":"product_cat-slodziki","8":"pa_ean-matka-7993","9":"pa_gwarancja-przydatnosci-320","10":"pa_ilosc-w-opakowaniu-392","11":"pa_jednostka-podstawowa-szt","12":"pa_kod-cn-0804-10-00","13":"pa_masa-netto-354","14":"pa_objetosc-brutto-1673","15":"pa_producent-helpa-kaszki","16":"pa_producent-nazwa-adres-helpa-spolka-z-ograniczona-odpowiedzialnoscia-spolka-komandytowa-zabia-40-05-504-henrykow-urocze","17":"pa_tagi-bez-cukru-w-skladnikach","18":"pa_tagi-bez-glutenu-w-skladnikach","19":"pa_tagi-certyfikat-bio","20":"pa_tagi-weganski","21":"pa_tagi-wegetarianski","23":"first","24":"instock","25":"taxable","26":"shipping-taxable","27":"purchasable","28":"product-type-simple"},"acf":[],"_links":{"self":[{"href":"https:\/\/wiejskieprzysmaki.estima.site\/en\/wp-json\/wp\/v2\/product\/10552","targetHints":{"allow":["GET"]}}],"collection":[{"href":"https:\/\/wiejskieprzysmaki.estima.site\/en\/wp-json\/wp\/v2\/product"}],"about":[{"href":"https:\/\/wiejskieprzysmaki.estima.site\/en\/wp-json\/wp\/v2\/types\/product"}],"replies":[{"embeddable":true,"href":"https:\/\/wiejskieprzysmaki.estima.site\/en\/wp-json\/wp\/v2\/comments?post=10552"}],"wp:featuredmedia":[{"embeddable":true,"href":"https:\/\/wiejskieprzysmaki.estima.site\/en\/wp-json\/wp\/v2\/media\/10553"}],"wp:attachment":[{"href":"https:\/\/wiejskieprzysmaki.estima.site\/en\/wp-json\/wp\/v2\/media?parent=10552"}],"wp:term":[{"taxonomy":"product_brand","embeddable":true,"href":"https:\/\/wiejskieprzysmaki.estima.site\/en\/wp-json\/wp\/v2\/product_brand?post=10552"},{"taxonomy":"product_cat","embeddable":true,"href":"https:\/\/wiejskieprzysmaki.estima.site\/en\/wp-json\/wp\/v2\/product_cat?post=10552"},{"taxonomy":"product_tag","embeddable":true,"href":"https:\/\/wiejskieprzysmaki.estima.site\/en\/wp-json\/wp\/v2\/product_tag?post=10552"}],"curies":[{"name":"wp","href":"https:\/\/api.w.org\/{rel}","templated":true}]}}