{"id":10577,"date":"2025-02-18T12:21:54","date_gmt":"2025-02-18T11:21:54","guid":{"rendered":"https:\/\/wiejskieprzysmaki.estima.site\/produkt\/orzechy-nerkowca-w-polewie-kurkuma-imbir-cytryna-bezglutenowe-bio-60-g-benjamissimo\/"},"modified":"2025-02-18T12:22:09","modified_gmt":"2025-02-18T11:22:09","slug":"orzechy-nerkowca-w-polewie-kurkuma-imbir-cytryna-bezglutenowe-bio-60-g-benjamissimo","status":"publish","type":"product","link":"https:\/\/wiejskieprzysmaki.estima.site\/en\/product\/orzechy-nerkowca-w-polewie-kurkuma-imbir-cytryna-bezglutenowe-bio-60-g-benjamissimo\/","title":{"rendered":"ORZECHY NERKOWCA W POLEWIE KURKUMA &#8211; IMBIR &#8211; CYTRYNA BEZGLUTENOWE BIO 60 g &#8211; BENJAMISSIMO"},"content":{"rendered":"<p>SK\u0141ADNIKI <br \/>polewa z kurkum\u0105, imbirem i cytryn\u0105* (66 %) [cukier trzcinowy*, t\u0142uszcz kakaowy*, m\u0105ka z orzech\u00f3w tygrysich*, nap\u00f3j \u200b\u200bkokosowy*, kurkuma w proszku* (2 %), proszek imbirowy* (0,7%), olejek cytrynowy* (0,5 %), emulgator: lecytyny (ze s\u0142onecznika*)], pra\u017cone ORZECHY NERKOWCA* (33 %), s\u00f3l himalajska (1,5 %). (*certyfikowany sk\u0142adnik ekologiczny)<\/p>\n<p>WARTO\u015a\u0106 OD\u017bYWCZA W 100 g<br \/>Warto\u015b\u0107 energetyczna: 2437 kJ \/ 587 kcal <br \/>T\u0142uszcz: 46 g <br \/>w tym kwasy t\u0142uszczowe nasycone: 20 g<br \/>W\u0119glowodany: 37 g<br \/>w tym cukry: 28 g<br \/>Bia\u0142ko: 8,3 g <br \/>S\u00f3l: 1,5 g <\/p>\n<p>INFORMACJA ALERGENNA<br \/>Mo\u017ce zawiera\u0107 ORZECHY LASKOWE, MIGDA\u0141Y, PISTACJE, ORZESZKI ZIEMNE i inne orzechy. <\/p>\n<p>ZALECANE WARUNKI PRZECHOWYWANIA<br \/>Przechowywa\u0107 w suchym, ch\u0142odnym i zacienionym miejscu, z dala od \u015bwiat\u0142a s\u0142onecznego. <\/p>","protected":false},"excerpt":{"rendered":"<p>SK\u0141ADNIKI polewa z kurkum\u0105, imbirem i cytryn\u0105* (66 %) [cukier trzcinowy*, t\u0142uszcz kakaowy*, m\u0105ka z orzech\u00f3w tygrysich*, nap\u00f3j \u200b\u200bkokosowy*, kurkuma w proszku* (2 %), proszek imbirowy* (0,7%), olejek cytrynowy* (0,5 %), emulgator: lecytyny (ze s\u0142onecznika*)], pra\u017cone ORZECHY NERKOWCA* (33 %), s\u00f3l himalajska (1,5 %). (*certyfikowany sk\u0142adnik ekologiczny) WARTO\u015a\u0106 OD\u017bYWCZA W 100 gWarto\u015b\u0107 energetyczna: 2437 kJ [&hellip;]<\/p>","protected":false},"featured_media":10578,"comment_status":"closed","ping_status":"open","template":"","meta":{"_acf_changed":false},"product_brand":[],"product_cat":[700,139],"product_tag":[],"class_list":{"0":"post-10577","1":"product","2":"type-product","3":"status-publish","4":"has-post-thumbnail","6":"product_cat-bakalie-w-czekol-i-kandyz","7":"product_cat-slodycze-i-przekaski","8":"pa_ean-matka-8015","9":"pa_gwarancja-przydatnosci-324","10":"pa_ilosc-w-opakowaniu-331","11":"pa_jednostka-podstawowa-szt","12":"pa_kod-cn-1704-90-61","13":"pa_masa-netto-284","14":"pa_objetosc-brutto-8010","15":"pa_producent-benjamissimo-czekolady-migdaly-orzeszki","16":"pa_producent-nazwa-adres-bio-benjamin-ood-iskarsko-shose-blvd-9a-1528-iskar-refinery-sofia-bulgaria","17":"pa_tagi-bez-glutenu-deklaracja","18":"pa_tagi-bez-glutenu-w-skladnikach","19":"pa_tagi-certyfikat-bio","20":"pa_tagi-weganski","21":"pa_tagi-wegetarianski","23":"first","24":"instock","25":"taxable","26":"shipping-taxable","27":"purchasable","28":"product-type-simple"},"acf":[],"_links":{"self":[{"href":"https:\/\/wiejskieprzysmaki.estima.site\/en\/wp-json\/wp\/v2\/product\/10577","targetHints":{"allow":["GET"]}}],"collection":[{"href":"https:\/\/wiejskieprzysmaki.estima.site\/en\/wp-json\/wp\/v2\/product"}],"about":[{"href":"https:\/\/wiejskieprzysmaki.estima.site\/en\/wp-json\/wp\/v2\/types\/product"}],"replies":[{"embeddable":true,"href":"https:\/\/wiejskieprzysmaki.estima.site\/en\/wp-json\/wp\/v2\/comments?post=10577"}],"wp:featuredmedia":[{"embeddable":true,"href":"https:\/\/wiejskieprzysmaki.estima.site\/en\/wp-json\/wp\/v2\/media\/10578"}],"wp:attachment":[{"href":"https:\/\/wiejskieprzysmaki.estima.site\/en\/wp-json\/wp\/v2\/media?parent=10577"}],"wp:term":[{"taxonomy":"product_brand","embeddable":true,"href":"https:\/\/wiejskieprzysmaki.estima.site\/en\/wp-json\/wp\/v2\/product_brand?post=10577"},{"taxonomy":"product_cat","embeddable":true,"href":"https:\/\/wiejskieprzysmaki.estima.site\/en\/wp-json\/wp\/v2\/product_cat?post=10577"},{"taxonomy":"product_tag","embeddable":true,"href":"https:\/\/wiejskieprzysmaki.estima.site\/en\/wp-json\/wp\/v2\/product_tag?post=10577"}],"curies":[{"name":"wp","href":"https:\/\/api.w.org\/{rel}","templated":true}]}}