{"id":1058,"date":"2025-02-18T10:33:54","date_gmt":"2025-02-18T09:33:54","guid":{"rendered":"https:\/\/wiejskieprzysmaki.estima.site\/produkt\/ketchup-dla-dzieci-bezglutenowy-bio-500-ml-zwergenwiese\/"},"modified":"2025-02-18T10:34:13","modified_gmt":"2025-02-18T09:34:13","slug":"ketchup-dla-dzieci-bezglutenowy-bio-500-ml-zwergenwiese","status":"publish","type":"product","link":"https:\/\/wiejskieprzysmaki.estima.site\/en\/product\/ketchup-dla-dzieci-bezglutenowy-bio-500-ml-zwergenwiese\/","title":{"rendered":"KETCHUP DLA DZIECI BEZGLUTENOWY BIO 500 ml &#8211; ZWERGENWIESE"},"content":{"rendered":"<p>SK\u0141ADNIKI<br \/>koncentrat pomidorowy* (75 %), syrop jab\u0142kowy*, przecier jab\u0142kowy* (8 %), woda, s\u00f3l, ocet brandy*, papryka*, cebula*, cynamon*. (*certyfikowany sk\u0142adnik ekologiczny).<\/p>\n<p>OPIS<br \/>294 g pomidor\u00f3w zu\u017cyto na 100 g produktu. <br \/>Produkt bezglutenowy, wega\u0144ski. Doskona\u0142y jako dodatek m.in. do frytek, makaron\u00f3w i potraw z grilla.<\/p>\n<p>WARTO\u015a\u0106 OD\u017bYWCZA W 100 g<br \/>Warto\u015b\u0107 energetyczna: 303 kJ\/72 kcal<br \/>T\u0142uszcz: &lt;0,5 g<br \/>w tym kwasy t\u0142uszczowe nasycone: 0 g<br \/>W\u0119glowodany: 16 g<br \/>w tym cukry: 15 g<br \/>B\u0142onnik: 1,7 g<br \/>Bia\u0142ko: 1,4 g<br \/>S\u00f3l: 1,2 g<\/p>\n<p>ZALECANE WARUNKI PRZECHOWYWANIA <br \/>Po otwarciu przechowywa\u0107 w temperaturze 6 &#8211; 8\u00b0 C.<\/p>","protected":false},"excerpt":{"rendered":"<p>SK\u0141ADNIKIkoncentrat pomidorowy* (75 %), syrop jab\u0142kowy*, przecier jab\u0142kowy* (8 %), woda, s\u00f3l, ocet brandy*, papryka*, cebula*, cynamon*. (*certyfikowany sk\u0142adnik ekologiczny). OPIS294 g pomidor\u00f3w zu\u017cyto na 100 g produktu. Produkt bezglutenowy, wega\u0144ski. Doskona\u0142y jako dodatek m.in. do frytek, makaron\u00f3w i potraw z grilla. WARTO\u015a\u0106 OD\u017bYWCZA W 100 gWarto\u015b\u0107 energetyczna: 303 kJ\/72 kcalT\u0142uszcz: &lt;0,5 gw tym kwasy [&hellip;]<\/p>","protected":false},"featured_media":1059,"comment_status":"closed","ping_status":"open","template":"","meta":{"_acf_changed":false},"product_brand":[],"product_cat":[95,94],"product_tag":[],"class_list":{"0":"post-1058","1":"product","2":"type-product","3":"status-publish","4":"has-post-thumbnail","6":"product_cat-ketchupy-koncentraty-sosy-pomidorowe","7":"product_cat-sosy","8":"pa_ean-matka-1083","9":"pa_gwarancja-przydatnosci-320","10":"pa_ilosc-w-opakowaniu-298","11":"pa_jednostka-podstawowa-szt","12":"pa_kod-cn-2103-20-00","13":"pa_objetosc-brutto-820","14":"pa_objetosc-netto-376","15":"pa_producent-zwergenwiese-pasty-musy-sosy","16":"pa_producent-nazwa-adres-zwergenwiese-naturkost-gmbh-langacker-1-d-24887-silberstedt","17":"pa_tagi-bez-glutenu-deklaracja","18":"pa_tagi-bez-glutenu-w-skladnikach","19":"pa_tagi-certyfikat-bio","20":"pa_tagi-weganski","21":"pa_tagi-wegetarianski","23":"first","24":"instock","25":"taxable","26":"shipping-taxable","27":"purchasable","28":"product-type-simple"},"acf":[],"_links":{"self":[{"href":"https:\/\/wiejskieprzysmaki.estima.site\/en\/wp-json\/wp\/v2\/product\/1058","targetHints":{"allow":["GET"]}}],"collection":[{"href":"https:\/\/wiejskieprzysmaki.estima.site\/en\/wp-json\/wp\/v2\/product"}],"about":[{"href":"https:\/\/wiejskieprzysmaki.estima.site\/en\/wp-json\/wp\/v2\/types\/product"}],"replies":[{"embeddable":true,"href":"https:\/\/wiejskieprzysmaki.estima.site\/en\/wp-json\/wp\/v2\/comments?post=1058"}],"wp:featuredmedia":[{"embeddable":true,"href":"https:\/\/wiejskieprzysmaki.estima.site\/en\/wp-json\/wp\/v2\/media\/1059"}],"wp:attachment":[{"href":"https:\/\/wiejskieprzysmaki.estima.site\/en\/wp-json\/wp\/v2\/media?parent=1058"}],"wp:term":[{"taxonomy":"product_brand","embeddable":true,"href":"https:\/\/wiejskieprzysmaki.estima.site\/en\/wp-json\/wp\/v2\/product_brand?post=1058"},{"taxonomy":"product_cat","embeddable":true,"href":"https:\/\/wiejskieprzysmaki.estima.site\/en\/wp-json\/wp\/v2\/product_cat?post=1058"},{"taxonomy":"product_tag","embeddable":true,"href":"https:\/\/wiejskieprzysmaki.estima.site\/en\/wp-json\/wp\/v2\/product_tag?post=1058"}],"curies":[{"name":"wp","href":"https:\/\/api.w.org\/{rel}","templated":true}]}}