{"id":10586,"date":"2025-02-18T12:22:14","date_gmt":"2025-02-18T11:22:14","guid":{"rendered":"https:\/\/wiejskieprzysmaki.estima.site\/produkt\/czekolada-gorzka-70-bio-40-g-cocoa\/"},"modified":"2025-02-18T12:22:19","modified_gmt":"2025-02-18T11:22:19","slug":"czekolada-gorzka-70-bio-40-g-cocoa","status":"publish","type":"product","link":"https:\/\/wiejskieprzysmaki.estima.site\/en\/product\/czekolada-gorzka-70-bio-40-g-cocoa\/","title":{"rendered":"CZEKOLADA GORZKA 70 % BIO 40 g &#8211; COCOA"},"content":{"rendered":"<p>SK\u0141ADNIKI<br \/>niepra\u017cone ziarno kakaowca*, cukier z kwiatu palmy kokosowej*, t\u0142uszcz kakaowy*. (*certyfikowany sk\u0142adnik ekologiczny)<br \/>Masa kakaowa minimum 70 %. <\/p>\n<p>OPIS<br \/>Jest to gorzka czekolada wytworzona z surowych ziaren kakaowca, w kt\u00f3rej gorycz surowego ziarna przenika si\u0119 z karmelow\u0105 nut\u0105 nektaru z kwiatu palmy kokosowej. Tabliczka tej czekolady zaskakuje \u0142agodno\u015bci\u0105, przy czym nie jest pozbawiona swojego intensywnego charakteru.<\/p>\n<p>WARTO\u015a\u0106 OD\u017bYWCZA w 100 g<br \/>Warto\u015b\u0107 energetyczna: 2443 kJ \/ 590 kcal<br \/>T\u0142uszcz: 45 g<br \/>w tym kwasy t\u0142uszczowe nasycone: 29 g<br \/>W\u0119glowodany: 33 g<br \/>w tym cukry: 29 g<br \/>B\u0142onnik: 10 g<br \/>Bia\u0142ko: 8,0 g<br \/>S\u00f3l: 0,2 g<\/p>\n<p>INFORMACJA ALERGENNA<br \/>Mo\u017ce zawiera\u0107 orzechy<\/p>\n<p>ZALECANE WARUNKI PRZECHOWYWANIA<br \/>Przechowywa\u0107 w suchym i ch\u0142odnym miejscu<\/p>","protected":false},"excerpt":{"rendered":"<p>SK\u0141ADNIKIniepra\u017cone ziarno kakaowca*, cukier z kwiatu palmy kokosowej*, t\u0142uszcz kakaowy*. (*certyfikowany sk\u0142adnik ekologiczny)Masa kakaowa minimum 70 %. OPISJest to gorzka czekolada wytworzona z surowych ziaren kakaowca, w kt\u00f3rej gorycz surowego ziarna przenika si\u0119 z karmelow\u0105 nut\u0105 nektaru z kwiatu palmy kokosowej. Tabliczka tej czekolady zaskakuje \u0142agodno\u015bci\u0105, przy czym nie jest pozbawiona swojego intensywnego charakteru. WARTO\u015a\u0106 [&hellip;]<\/p>","protected":false},"featured_media":10587,"comment_status":"closed","ping_status":"open","template":"","meta":{"_acf_changed":false},"product_brand":[],"product_cat":[1187,139],"product_tag":[],"class_list":{"0":"post-10586","1":"product","2":"type-product","3":"status-publish","4":"has-post-thumbnail","6":"product_cat-czekolady-i-czekoladki","7":"product_cat-slodycze-i-przekaski","8":"pa_ean-matka-8021","9":"pa_gwarancja-przydatnosci-311","10":"pa_ilosc-w-opakowaniu-3660","11":"pa_jednostka-podstawowa-szt","12":"pa_kod-cn-1806-32-90","13":"pa_masa-netto-351","14":"pa_objetosc-brutto-2480","15":"pa_producent-cocoa-czekolady-i-bakalie-w-surowej-czekoladzie","16":"pa_producent-nazwa-adres-surovital-marcin-rendak-karol-szwed-s-c-sw-urszuli-ledochowskiej-5-18-02-972-warszawa","17":"pa_tagi-bez-glutenu-w-skladnikach","18":"pa_tagi-certyfikat-bio","19":"pa_tagi-weganski","20":"pa_tagi-wegetarianski","22":"first","23":"instock","24":"taxable","25":"shipping-taxable","26":"purchasable","27":"product-type-simple"},"acf":[],"_links":{"self":[{"href":"https:\/\/wiejskieprzysmaki.estima.site\/en\/wp-json\/wp\/v2\/product\/10586","targetHints":{"allow":["GET"]}}],"collection":[{"href":"https:\/\/wiejskieprzysmaki.estima.site\/en\/wp-json\/wp\/v2\/product"}],"about":[{"href":"https:\/\/wiejskieprzysmaki.estima.site\/en\/wp-json\/wp\/v2\/types\/product"}],"replies":[{"embeddable":true,"href":"https:\/\/wiejskieprzysmaki.estima.site\/en\/wp-json\/wp\/v2\/comments?post=10586"}],"wp:featuredmedia":[{"embeddable":true,"href":"https:\/\/wiejskieprzysmaki.estima.site\/en\/wp-json\/wp\/v2\/media\/10587"}],"wp:attachment":[{"href":"https:\/\/wiejskieprzysmaki.estima.site\/en\/wp-json\/wp\/v2\/media?parent=10586"}],"wp:term":[{"taxonomy":"product_brand","embeddable":true,"href":"https:\/\/wiejskieprzysmaki.estima.site\/en\/wp-json\/wp\/v2\/product_brand?post=10586"},{"taxonomy":"product_cat","embeddable":true,"href":"https:\/\/wiejskieprzysmaki.estima.site\/en\/wp-json\/wp\/v2\/product_cat?post=10586"},{"taxonomy":"product_tag","embeddable":true,"href":"https:\/\/wiejskieprzysmaki.estima.site\/en\/wp-json\/wp\/v2\/product_tag?post=10586"}],"curies":[{"name":"wp","href":"https:\/\/api.w.org\/{rel}","templated":true}]}}