{"id":10594,"date":"2025-02-18T12:22:14","date_gmt":"2025-02-18T11:22:14","guid":{"rendered":"https:\/\/wiejskieprzysmaki.estima.site\/produkt\/syrop-pomaranczowy-500-ml-rembowscy\/"},"modified":"2025-02-18T12:22:22","modified_gmt":"2025-02-18T11:22:22","slug":"syrop-pomaranczowy-500-ml-rembowscy","status":"publish","type":"product","link":"https:\/\/wiejskieprzysmaki.estima.site\/en\/product\/syrop-pomaranczowy-500-ml-rembowscy\/","title":{"rendered":"SYROP POMARA\u0143CZOWY 500 ml &#8211; REMBOWSCY"},"content":{"rendered":"<p>SK\u0141ADNIKI<br \/>sok pomara\u0144czowy t\u0142oczony 55 %, cukier. <\/p>\n<p>OPIS<br \/>Syrop pomara\u0144czowy jest sporz\u0105dzony z t\u0142oczonego soku pomara\u0144czowego. Dzi\u0119ki temu ma naturalny mocny smak. Doskona\u0142y do stworzenia w\u0142asnej oran\u017cady, jako dodatek do deser\u00f3w, lod\u00f3w lub herbaty. Produkt poddany pasteryzacji.<br \/>Przepis na Domowa oran\u017cada: do dzbanka wlej 1,5 litra zimnej wody, mo\u017ce by\u0107 gazowana. Nalej 250 ml syropu pomara\u0144czowego i dok\u0142adnie wymieszaj. Dodaj l\u00f3d, udekoruj szklanki i smakuj zdrowy letni nap\u00f3j.&nbsp;<\/p>\n<p>WARTO\u015a\u0106 OD\u017bYWCZA w 100 ml<br \/>Warto\u015b\u0107 energetyczna: 883 kJ \/ 208 kcal<br \/>T\u0142uszcz: 0,3 g<br \/>w tym kwasy t\u0142uszczowe nasycone: 0,1 g<br \/>W\u0119glowodany: 51,1 g<br \/>w tym cukry: 50,3 g<br \/>Bia\u0142ko: 0,36 g<br \/>S\u00f3l: 0 g<\/p>\n<p>UWAGA<br \/>Przed spo\u017cyciem produkt nale\u017cy wstrz\u0105sn\u0105\u0107. Osad na dnie butelki jest zjawiskiem naturalnym.&nbsp;<\/p>\n<p>ZALECANE WARUNKI PRZECHOWYWANIA<br \/>Przechowywa\u0107 w temperaturze pokojowej, chroni\u0107 przed bezpo\u015brednim dzia\u0142aniem promieni s\u0142onecznych. Po otwarciu przechowywa\u0107 w lod\u00f3wce.<\/p>","protected":false},"excerpt":{"rendered":"<p>SK\u0141ADNIKIsok pomara\u0144czowy t\u0142oczony 55 %, cukier. OPISSyrop pomara\u0144czowy jest sporz\u0105dzony z t\u0142oczonego soku pomara\u0144czowego. Dzi\u0119ki temu ma naturalny mocny smak. Doskona\u0142y do stworzenia w\u0142asnej oran\u017cady, jako dodatek do deser\u00f3w, lod\u00f3w lub herbaty. Produkt poddany pasteryzacji.Przepis na Domowa oran\u017cada: do dzbanka wlej 1,5 litra zimnej wody, mo\u017ce by\u0107 gazowana. Nalej 250 ml syropu pomara\u0144czowego i dok\u0142adnie [&hellip;]<\/p>","protected":false},"featured_media":10595,"comment_status":"closed","ping_status":"open","template":"","meta":{"_acf_changed":false},"product_brand":[],"product_cat":[134,744],"product_tag":[],"class_list":{"0":"post-10594","1":"product","2":"type-product","3":"status-publish","4":"has-post-thumbnail","6":"product_cat-napoje","7":"product_cat-syropy-owocowe-i-inne","8":"pa_ean-matka-8026","9":"pa_gwarancja-przydatnosci-324","10":"pa_ilosc-w-opakowaniu-374","11":"pa_jednostka-podstawowa-szt","12":"pa_kod-cn-2106-90-59","13":"pa_objetosc-brutto-8023","14":"pa_objetosc-netto-376","15":"pa_producent-rembowscy-soki-lemoniady","16":"pa_producent-nazwa-adres-przedsiebiorstwo-produkcyjne-katarzyna-i-tomasz-rembowscy-zukowo-12-64-606-popowko","17":"pa_tagi-bez-glutenu-w-skladnikach","18":"pa_tagi-weganski","19":"pa_tagi-wegetarianski","21":"first","22":"instock","23":"taxable","24":"shipping-taxable","25":"purchasable","26":"product-type-simple"},"acf":[],"_links":{"self":[{"href":"https:\/\/wiejskieprzysmaki.estima.site\/en\/wp-json\/wp\/v2\/product\/10594","targetHints":{"allow":["GET"]}}],"collection":[{"href":"https:\/\/wiejskieprzysmaki.estima.site\/en\/wp-json\/wp\/v2\/product"}],"about":[{"href":"https:\/\/wiejskieprzysmaki.estima.site\/en\/wp-json\/wp\/v2\/types\/product"}],"replies":[{"embeddable":true,"href":"https:\/\/wiejskieprzysmaki.estima.site\/en\/wp-json\/wp\/v2\/comments?post=10594"}],"wp:featuredmedia":[{"embeddable":true,"href":"https:\/\/wiejskieprzysmaki.estima.site\/en\/wp-json\/wp\/v2\/media\/10595"}],"wp:attachment":[{"href":"https:\/\/wiejskieprzysmaki.estima.site\/en\/wp-json\/wp\/v2\/media?parent=10594"}],"wp:term":[{"taxonomy":"product_brand","embeddable":true,"href":"https:\/\/wiejskieprzysmaki.estima.site\/en\/wp-json\/wp\/v2\/product_brand?post=10594"},{"taxonomy":"product_cat","embeddable":true,"href":"https:\/\/wiejskieprzysmaki.estima.site\/en\/wp-json\/wp\/v2\/product_cat?post=10594"},{"taxonomy":"product_tag","embeddable":true,"href":"https:\/\/wiejskieprzysmaki.estima.site\/en\/wp-json\/wp\/v2\/product_tag?post=10594"}],"curies":[{"name":"wp","href":"https:\/\/api.w.org\/{rel}","templated":true}]}}