{"id":10614,"date":"2025-02-18T12:22:25","date_gmt":"2025-02-18T11:22:25","guid":{"rendered":"https:\/\/wiejskieprzysmaki.estima.site\/produkt\/olej-kokosowy-virgin-bio-217-ml-bordoni-econature\/"},"modified":"2025-02-18T12:22:28","modified_gmt":"2025-02-18T11:22:28","slug":"olej-kokosowy-virgin-bio-217-ml-bordoni-econature","status":"publish","type":"product","link":"https:\/\/wiejskieprzysmaki.estima.site\/en\/product\/olej-kokosowy-virgin-bio-217-ml-bordoni-econature\/","title":{"rendered":"OLEJ KOKOSOWY VIRGIN BIO 217 ml  &#8211; BORDONI (ECONATURE)"},"content":{"rendered":"<p>SK\u0141ADNIKI <br \/>ekologiczny olej kokosowy t\u0142oczony na zimno. <\/p>\n<p>OPIS <br \/>Olej kokosowy to smaczna wega\u0144ska alternatywa dla mas\u0142a. Odporny na wysokie temperatury, a jego s\u0142odko-orzechowy smak sprawia, \u017ce \u200b\u200bszczeg\u00f3lnie nadaje si\u0119 do wyrob\u00f3w cukierniczych\u2026 a dlaczego nie, zanurz si\u0119 w egzotycznych przepisach.<br \/>Topi si\u0119 naturalnie w temperaturze powy\u017cej 26\u00b0C. Ewentualne ciemne osady s\u0105 pochodzenia ro\u015blinnego i nie wp\u0142ywaj\u0105 na jako\u015b\u0107 produktu.<\/p>\n<p>WARTO\u015a\u0106 OD\u017bYWCZA W 100 g <br \/>Warto\u015b\u0107 energetyczna: 3765 kJ\/900 kcal<br \/>T\u0142uszcz: 100 g<br \/>w tym kwasy t\u0142uszczowe nasycone: 89 g<br \/>kwasy t\u0142uszczowe jednonienasycone: 5,3 g<br \/>kwasy t\u0142uszczowe wielonienasycone: 1,0 g<br \/>W\u0119glowodany: 0 g<br \/>w tym cukry: 0 g<br \/>Bia\u0142ko: 0 g<br \/>S\u00f3l: 0 g<\/p>\n<p>ZALECANE WARUNKI PRZECHOWYWANIA<br \/>Przechowywa\u0107 w ch\u0142odnym i zacienionym miejscu<\/p>","protected":false},"excerpt":{"rendered":"<p>SK\u0141ADNIKI ekologiczny olej kokosowy t\u0142oczony na zimno. OPIS Olej kokosowy to smaczna wega\u0144ska alternatywa dla mas\u0142a. Odporny na wysokie temperatury, a jego s\u0142odko-orzechowy smak sprawia, \u017ce \u200b\u200bszczeg\u00f3lnie nadaje si\u0119 do wyrob\u00f3w cukierniczych\u2026 a dlaczego nie, zanurz si\u0119 w egzotycznych przepisach.Topi si\u0119 naturalnie w temperaturze powy\u017cej 26\u00b0C. Ewentualne ciemne osady s\u0105 pochodzenia ro\u015blinnego i nie wp\u0142ywaj\u0105 [&hellip;]<\/p>","protected":false},"featured_media":10615,"comment_status":"closed","ping_status":"open","template":"","meta":{"_acf_changed":false},"product_brand":[],"product_cat":[993,994],"product_tag":[],"class_list":{"0":"post-10614","1":"product","2":"type-product","3":"status-publish","4":"has-post-thumbnail","6":"product_cat-oleje-i-oliwy","7":"product_cat-stale-kokosowe-kakaowe-shea","8":"pa_ean-matka-8046","9":"pa_gwarancja-przydatnosci-320","10":"pa_ilosc-w-opakowaniu-298","11":"pa_jednostka-podstawowa-szt","12":"pa_kod-cn-1513-11-91","13":"pa_objetosc-brutto-8044","14":"pa_objetosc-netto-8043","15":"pa_producent-bordoni-oleje-oliwy","16":"pa_producent-nazwa-adres-bordoni-italia-srl-via-degli-artigiani-20-22-ginestra-fiorentina-50055-loc-lastra-a-signa-fi-italy-2","17":"pa_tagi-bez-cukru-w-skladnikach","18":"pa_tagi-bez-glutenu-w-skladnikach","19":"pa_tagi-certyfikat-bio","20":"pa_tagi-weganski","21":"pa_tagi-wegetarianski","23":"first","24":"instock","25":"taxable","26":"shipping-taxable","27":"purchasable","28":"product-type-simple"},"acf":[],"_links":{"self":[{"href":"https:\/\/wiejskieprzysmaki.estima.site\/en\/wp-json\/wp\/v2\/product\/10614","targetHints":{"allow":["GET"]}}],"collection":[{"href":"https:\/\/wiejskieprzysmaki.estima.site\/en\/wp-json\/wp\/v2\/product"}],"about":[{"href":"https:\/\/wiejskieprzysmaki.estima.site\/en\/wp-json\/wp\/v2\/types\/product"}],"replies":[{"embeddable":true,"href":"https:\/\/wiejskieprzysmaki.estima.site\/en\/wp-json\/wp\/v2\/comments?post=10614"}],"wp:featuredmedia":[{"embeddable":true,"href":"https:\/\/wiejskieprzysmaki.estima.site\/en\/wp-json\/wp\/v2\/media\/10615"}],"wp:attachment":[{"href":"https:\/\/wiejskieprzysmaki.estima.site\/en\/wp-json\/wp\/v2\/media?parent=10614"}],"wp:term":[{"taxonomy":"product_brand","embeddable":true,"href":"https:\/\/wiejskieprzysmaki.estima.site\/en\/wp-json\/wp\/v2\/product_brand?post=10614"},{"taxonomy":"product_cat","embeddable":true,"href":"https:\/\/wiejskieprzysmaki.estima.site\/en\/wp-json\/wp\/v2\/product_cat?post=10614"},{"taxonomy":"product_tag","embeddable":true,"href":"https:\/\/wiejskieprzysmaki.estima.site\/en\/wp-json\/wp\/v2\/product_tag?post=10614"}],"curies":[{"name":"wp","href":"https:\/\/api.w.org\/{rel}","templated":true}]}}