{"id":10632,"date":"2025-02-18T12:22:31","date_gmt":"2025-02-18T11:22:31","guid":{"rendered":"https:\/\/wiejskieprzysmaki.estima.site\/produkt\/grzyby-reishi-z-witamina-c-60-kapsulek-medicura\/"},"modified":"2025-02-20T15:11:46","modified_gmt":"2025-02-20T14:11:46","slug":"grzyby-reishi-z-witamina-c-60-kapsulek-medicura","status":"publish","type":"product","link":"https:\/\/wiejskieprzysmaki.estima.site\/en\/product\/grzyby-reishi-z-witamina-c-60-kapsulek-medicura\/","title":{"rendered":"GRZYBY REISHI Z WITAMIN\u0104 C 60 KAPSU\u0141EK &#8211; MEDICURA"},"content":{"rendered":"<p>SK\u0141ADNIKI <br \/>kwas L-askorbinowy (witamina C) (43,07 %), ekstrakt z grzyb\u00f3w reishi (43,07 %), kapsu\u0142ka: hydroksypropylometyloceluloza, substancje przeciwzbrylaj\u0105ce: sole magnezowe kwas\u00f3w t\u0142uszczowych, dwutlenek krzemu.<\/p>\n<p>Sk\u0142adniki w porcji dziennej &#8211; 3 kapsu\u0142ki<br \/>ekstrakt z grzyb\u00f3w reishi &#8211; 900 mg<br \/>witamina C &#8211; 900 mg (1125 %*)<br \/>*referencyjna warto\u015b\u0107 spo\u017cycia<\/p>\n<p>OPIS <br \/>Suplement diety.<br \/>Grzyby reishi pomagaj\u0105 w prawid\u0142owym funkcjonowaniu uk\u0142adu odporno\u015bciowego, przyczyniaj\u0105 si\u0119 do utrzymania prawid\u0142owego funkcjonowania uk\u0142adu kr\u0105\u017cenia. Pomagaj\u0105 w utrzymaniu prawid\u0142owego st\u0119\u017cenia cholesterolu LDL we krwi<br \/>Witamina C pomaga w prawid\u0142owym funkcjonowaniu uk\u0142adu odporno\u015bciowego.<\/p>\n<p>ZALECANE SPO\u017bYCIE I INNE UWAGI <br \/>Zalecana porcja produktu do spo\u017cycia w ci\u0105gu dnia:&nbsp;3 kapsu\u0142ki.<br \/>Nie nale\u017cy przekracza\u0107 zalecanej porcji do spo\u017cycia w ci\u0105gu dnia. Nie stosowa\u0107 w przypadku uczulenia na kt\u00f3rykolwiek ze sk\u0142adnik\u00f3w. Produkt dla doros\u0142ych. Spo\u017cywania produktu nie zaleca si\u0119 kobietom w ci\u0105\u017cy i karmi\u0105cym piersi\u0105. Produkt nie mo\u017ce by\u0107 stosowany jako substytut zr\u00f3\u017cnicowanej diety. Wa\u017cne jest prowadzenie zdrowego trybu \u017cycia i zr\u00f3wnowa\u017conego sposobu \u017cywienia.<\/p>\n<p>ZALECANE WARUNKI PRZECHOWYWANIA<br \/>Chroni\u0107 przed \u015bwiat\u0142em. Przechowywa\u0107 w suchym i ch\u0142odnym miejscu, w spos\u00f3b niedost\u0119pny dla ma\u0142ych dzieci.&nbsp;<\/p>","protected":false},"excerpt":{"rendered":"<p>SK\u0141ADNIKI kwas L-askorbinowy (witamina C) (43,07 %), ekstrakt z grzyb\u00f3w reishi (43,07 %), kapsu\u0142ka: hydroksypropylometyloceluloza, substancje przeciwzbrylaj\u0105ce: sole magnezowe kwas\u00f3w t\u0142uszczowych, dwutlenek krzemu. Sk\u0142adniki w porcji dziennej &#8211; 3 kapsu\u0142kiekstrakt z grzyb\u00f3w reishi &#8211; 900 mgwitamina C &#8211; 900 mg (1125 %*)*referencyjna warto\u015b\u0107 spo\u017cycia OPIS Suplement diety.Grzyby reishi pomagaj\u0105 w prawid\u0142owym funkcjonowaniu uk\u0142adu odporno\u015bciowego, przyczyniaj\u0105 [&hellip;]<\/p>","protected":false},"featured_media":10633,"comment_status":"closed","ping_status":"open","template":"","meta":{"_acf_changed":false},"product_brand":[],"product_cat":[1497,9057],"product_tag":[],"class_list":{"0":"post-10632","1":"product","2":"type-product","3":"status-publish","4":"has-post-thumbnail","6":"product_cat-kapsulki-tabletki","7":"product_cat-suplementy-diety","8":"pa_ean-matka-8058","9":"pa_gwarancja-przydatnosci-320","10":"pa_ilosc-w-opakowaniu-1491","11":"pa_jednostka-podstawowa-szt","12":"pa_kod-cn-2106-90-98","13":"pa_masa-netto-4848","14":"pa_objetosc-brutto-1494","15":"pa_producent-medicura-soki-aloe-noni-goji-inne-superfood","16":"pa_producent-nazwa-adres-medicura-naturprodukte-ag-am-sandberg-1-97618-niederlauer","17":"pa_tagi-bez-cukru-w-skladnikach","18":"pa_tagi-bez-glutenu-w-skladnikach","19":"pa_tagi-weganski","20":"pa_tagi-wegetarianski","22":"first","23":"instock","24":"taxable","25":"shipping-taxable","26":"purchasable","27":"product-type-simple"},"acf":[],"_links":{"self":[{"href":"https:\/\/wiejskieprzysmaki.estima.site\/en\/wp-json\/wp\/v2\/product\/10632","targetHints":{"allow":["GET"]}}],"collection":[{"href":"https:\/\/wiejskieprzysmaki.estima.site\/en\/wp-json\/wp\/v2\/product"}],"about":[{"href":"https:\/\/wiejskieprzysmaki.estima.site\/en\/wp-json\/wp\/v2\/types\/product"}],"replies":[{"embeddable":true,"href":"https:\/\/wiejskieprzysmaki.estima.site\/en\/wp-json\/wp\/v2\/comments?post=10632"}],"wp:featuredmedia":[{"embeddable":true,"href":"https:\/\/wiejskieprzysmaki.estima.site\/en\/wp-json\/wp\/v2\/media\/10633"}],"wp:attachment":[{"href":"https:\/\/wiejskieprzysmaki.estima.site\/en\/wp-json\/wp\/v2\/media?parent=10632"}],"wp:term":[{"taxonomy":"product_brand","embeddable":true,"href":"https:\/\/wiejskieprzysmaki.estima.site\/en\/wp-json\/wp\/v2\/product_brand?post=10632"},{"taxonomy":"product_cat","embeddable":true,"href":"https:\/\/wiejskieprzysmaki.estima.site\/en\/wp-json\/wp\/v2\/product_cat?post=10632"},{"taxonomy":"product_tag","embeddable":true,"href":"https:\/\/wiejskieprzysmaki.estima.site\/en\/wp-json\/wp\/v2\/product_tag?post=10632"}],"curies":[{"name":"wp","href":"https:\/\/api.w.org\/{rel}","templated":true}]}}