{"id":1066,"date":"2025-02-18T10:34:14","date_gmt":"2025-02-18T09:34:14","guid":{"rendered":"https:\/\/wiejskieprzysmaki.estima.site\/produkt\/pomidory-pelati-bez-skory-bio-400-g-240-g-la-bio-idea\/"},"modified":"2025-02-18T10:34:17","modified_gmt":"2025-02-18T09:34:17","slug":"pomidory-pelati-bez-skory-bio-400-g-240-g-la-bio-idea","status":"publish","type":"product","link":"https:\/\/wiejskieprzysmaki.estima.site\/en\/product\/pomidory-pelati-bez-skory-bio-400-g-240-g-la-bio-idea\/","title":{"rendered":"POMIDORY PELATI BEZ SK\u00d3RY BIO 400 g (240 g) &#8211; LA BIO IDEA"},"content":{"rendered":"<p>SK\u0141ADNIKI<br \/>pomidory bez sk\u00f3rki* 64 %, sok pomidorowy* 36 % (*certyfikowany sk\u0142adnik ekologiczny)<\/p>\n<p>OPIS<br \/>Pomidory w sosie w\u0142asnym, bez sk\u00f3ry, w ca\u0142o\u015bci.<\/p>\n<p>WARTO\u015a\u0106 OD\u017bYWCZA W 100 g<br \/>Warto\u015b\u0107 energetyczna: 96 kJ \/ 23 kcal  <br \/>T\u0142uszcz: 0,5 g<br \/>w tym kwasy t\u0142uszczowe nasycone: 0,1 g<br \/>W\u0119glowodany: 3,0 g<br \/>w tym cukry: 3,0 g <br \/>Bia\u0142ko: 1,2 g<br \/>S\u00f3l: < 0,1 g\n\nZALECANE WARUNKI PRZECHOWYWANIA  <br \/>Przechowywa\u0107 w suchym i ch\u0142odnym miejscu.<\/p>","protected":false},"excerpt":{"rendered":"<p>SK\u0141ADNIKIpomidory bez sk\u00f3rki* 64 %, sok pomidorowy* 36 % (*certyfikowany sk\u0142adnik ekologiczny) OPISPomidory w sosie w\u0142asnym, bez sk\u00f3ry, w ca\u0142o\u015bci. WARTO\u015a\u0106 OD\u017bYWCZA W 100 gWarto\u015b\u0107 energetyczna: 96 kJ \/ 23 kcal T\u0142uszcz: 0,5 gw tym kwasy t\u0142uszczowe nasycone: 0,1 gW\u0119glowodany: 3,0 gw tym cukry: 3,0 g Bia\u0142ko: 1,2 gS\u00f3l: < 0,1 g ZALECANE WARUNKI PRZECHOWYWANIA [&hellip;]\n<\/p>","protected":false},"featured_media":1067,"comment_status":"closed","ping_status":"open","template":"","meta":{"_acf_changed":false},"product_brand":[],"product_cat":[1061,180],"product_tag":[],"class_list":{"0":"post-1066","1":"product","2":"type-product","3":"status-publish","4":"has-post-thumbnail","6":"product_cat-marynowane-kiszone","7":"product_cat-warzywa-i-grzyby-przetworzone","8":"pa_ean-matka-1092","9":"pa_gwarancja-przydatnosci-718","10":"pa_ilosc-w-opakowaniu-374","11":"pa_jednostka-podstawowa-szt","12":"pa_kod-cn-2002-10-11","13":"pa_kraj-pochodzenia-skladnikow-wlochy","14":"pa_masa-netto-268","15":"pa_objetosc-brutto-1091","16":"pa_producent-la-bio-idea-makarony-straczkowesosy-pomidorowe","17":"pa_producent-nazwa-adres-do-it-consumer-products-bv-hermesweg-7-3771-nd-barneveld","18":"pa_tagi-bez-cukru-w-skladnikach","19":"pa_tagi-bez-glutenu-w-skladnikach","20":"pa_tagi-certyfikat-bio","21":"pa_tagi-weganski","22":"pa_tagi-wegetarianski","24":"first","25":"instock","26":"taxable","27":"shipping-taxable","28":"purchasable","29":"product-type-simple"},"acf":[],"_links":{"self":[{"href":"https:\/\/wiejskieprzysmaki.estima.site\/en\/wp-json\/wp\/v2\/product\/1066","targetHints":{"allow":["GET"]}}],"collection":[{"href":"https:\/\/wiejskieprzysmaki.estima.site\/en\/wp-json\/wp\/v2\/product"}],"about":[{"href":"https:\/\/wiejskieprzysmaki.estima.site\/en\/wp-json\/wp\/v2\/types\/product"}],"replies":[{"embeddable":true,"href":"https:\/\/wiejskieprzysmaki.estima.site\/en\/wp-json\/wp\/v2\/comments?post=1066"}],"wp:featuredmedia":[{"embeddable":true,"href":"https:\/\/wiejskieprzysmaki.estima.site\/en\/wp-json\/wp\/v2\/media\/1067"}],"wp:attachment":[{"href":"https:\/\/wiejskieprzysmaki.estima.site\/en\/wp-json\/wp\/v2\/media?parent=1066"}],"wp:term":[{"taxonomy":"product_brand","embeddable":true,"href":"https:\/\/wiejskieprzysmaki.estima.site\/en\/wp-json\/wp\/v2\/product_brand?post=1066"},{"taxonomy":"product_cat","embeddable":true,"href":"https:\/\/wiejskieprzysmaki.estima.site\/en\/wp-json\/wp\/v2\/product_cat?post=1066"},{"taxonomy":"product_tag","embeddable":true,"href":"https:\/\/wiejskieprzysmaki.estima.site\/en\/wp-json\/wp\/v2\/product_tag?post=1066"}],"curies":[{"name":"wp","href":"https:\/\/api.w.org\/{rel}","templated":true}]}}