{"id":1068,"date":"2025-02-18T10:34:14","date_gmt":"2025-02-18T09:34:14","guid":{"rendered":"https:\/\/wiejskieprzysmaki.estima.site\/produkt\/krem-z-orzeszkow-ziemnych-bio-350-g-horizon\/"},"modified":"2025-02-18T10:34:18","modified_gmt":"2025-02-18T09:34:18","slug":"krem-z-orzeszkow-ziemnych-bio-350-g-horizon","status":"publish","type":"product","link":"https:\/\/wiejskieprzysmaki.estima.site\/en\/product\/krem-z-orzeszkow-ziemnych-bio-350-g-horizon\/","title":{"rendered":"KREM Z ORZESZK\u00d3W ZIEMNYCH BIO 350 g &#8211; HORIZON"},"content":{"rendered":"<p>SK\u0141ADNIKI<br \/>ORZESZKI ZIEMNE* (*certyfikowany sk\u0142adnik ekologiczny)<\/p>\n<p>WARTO\u015a\u0106 OD\u017bYWCZA W 100 g<br \/>Warto\u015b\u0107 energetyczna: 2561 kJ \/ 671 kcal  <br \/>T\u0142uszcz: 49 g<br \/>w tym:  <br \/>kwasy t\u0142uszczowe nasycone: 7,0 g<br \/>kwasy t\u0142uszczowe jednonienasycone: 34 g  <br \/>kwasy t\u0142uszczowe wielonienasycone: 10 g  <br \/>W\u0119glowodany: 17 g<br \/>w tym cukry: 5,0 g<br \/>Bia\u0142ko: 27 g<br \/>S\u00f3l: 0,02 g  <br \/>Zawarto\u015b\u0107 soli wynika wy\u0142\u0105cznie z obecno\u015bci naturalnie wyst\u0119puj\u0105cego sodu.<\/p>\n<p>INFORMACJA ALERGENNA  <br \/>Mo\u017ce zawiera\u0107 ORZECHY, SEZAM.<\/p>\n<p>ZALECANE WARUNKI PRZECHOWYWANIA<br \/>Przechowywa\u0107 w suchym, ch\u0142odnym i zaciemnionym miejscu.<\/p>","protected":false},"excerpt":{"rendered":"<p>SK\u0141ADNIKIORZESZKI ZIEMNE* (*certyfikowany sk\u0142adnik ekologiczny) WARTO\u015a\u0106 OD\u017bYWCZA W 100 gWarto\u015b\u0107 energetyczna: 2561 kJ \/ 671 kcal T\u0142uszcz: 49 gw tym: kwasy t\u0142uszczowe nasycone: 7,0 gkwasy t\u0142uszczowe jednonienasycone: 34 g kwasy t\u0142uszczowe wielonienasycone: 10 g W\u0119glowodany: 17 gw tym cukry: 5,0 gBia\u0142ko: 27 gS\u00f3l: 0,02 g Zawarto\u015b\u0107 soli wynika wy\u0142\u0105cznie z obecno\u015bci naturalnie wyst\u0119puj\u0105cego sodu. INFORMACJA [&hellip;]<\/p>","protected":false},"featured_media":1069,"comment_status":"closed","ping_status":"open","template":"","meta":{"_acf_changed":false},"product_brand":[],"product_cat":[734],"product_tag":[],"class_list":{"0":"post-1068","1":"product","2":"type-product","3":"status-publish","4":"has-post-thumbnail","6":"product_cat-kremy-orzechowe-czekoladowe-tahini","7":"pa_ean-matka-1094","8":"pa_gwarancja-przydatnosci-320","9":"pa_ilosc-w-opakowaniu-298","10":"pa_jednostka-podstawowa-szt","11":"pa_kod-cn-2008-11-10","12":"pa_kraj-pochodzenia-skladnikow-chiny","13":"pa_masa-netto-203","14":"pa_objetosc-brutto-303","15":"pa_producent-horizon-syropy-kremy-orzechowe","16":"pa_producent-nazwa-adres-horizon-natuurvoeding-bv-lage-dijk-noord-20a-3401-va-ijsselstein","17":"pa_tagi-bez-cukru-w-skladnikach","18":"pa_tagi-bez-glutenu-w-skladnikach","19":"pa_tagi-certyfikat-bio","20":"pa_tagi-weganski","21":"pa_tagi-wegetarianski","23":"first","24":"instock","25":"taxable","26":"shipping-taxable","27":"purchasable","28":"product-type-simple"},"acf":[],"_links":{"self":[{"href":"https:\/\/wiejskieprzysmaki.estima.site\/en\/wp-json\/wp\/v2\/product\/1068","targetHints":{"allow":["GET"]}}],"collection":[{"href":"https:\/\/wiejskieprzysmaki.estima.site\/en\/wp-json\/wp\/v2\/product"}],"about":[{"href":"https:\/\/wiejskieprzysmaki.estima.site\/en\/wp-json\/wp\/v2\/types\/product"}],"replies":[{"embeddable":true,"href":"https:\/\/wiejskieprzysmaki.estima.site\/en\/wp-json\/wp\/v2\/comments?post=1068"}],"wp:featuredmedia":[{"embeddable":true,"href":"https:\/\/wiejskieprzysmaki.estima.site\/en\/wp-json\/wp\/v2\/media\/1069"}],"wp:attachment":[{"href":"https:\/\/wiejskieprzysmaki.estima.site\/en\/wp-json\/wp\/v2\/media?parent=1068"}],"wp:term":[{"taxonomy":"product_brand","embeddable":true,"href":"https:\/\/wiejskieprzysmaki.estima.site\/en\/wp-json\/wp\/v2\/product_brand?post=1068"},{"taxonomy":"product_cat","embeddable":true,"href":"https:\/\/wiejskieprzysmaki.estima.site\/en\/wp-json\/wp\/v2\/product_cat?post=1068"},{"taxonomy":"product_tag","embeddable":true,"href":"https:\/\/wiejskieprzysmaki.estima.site\/en\/wp-json\/wp\/v2\/product_tag?post=1068"}],"curies":[{"name":"wp","href":"https:\/\/api.w.org\/{rel}","templated":true}]}}