{"id":1070,"date":"2025-02-18T10:34:14","date_gmt":"2025-02-18T09:34:14","guid":{"rendered":"https:\/\/wiejskieprzysmaki.estima.site\/produkt\/krem-z-migdalow-blanszowanych-bio-350-g-horizon\/"},"modified":"2025-02-18T10:34:19","modified_gmt":"2025-02-18T09:34:19","slug":"krem-z-migdalow-blanszowanych-bio-350-g-horizon","status":"publish","type":"product","link":"https:\/\/wiejskieprzysmaki.estima.site\/en\/product\/krem-z-migdalow-blanszowanych-bio-350-g-horizon\/","title":{"rendered":"KREM Z MIGDA\u0141\u00d3W BLANSZOWANYCH BIO 350 g &#8211; HORIZON"},"content":{"rendered":"<p>SK\u0141ADNIKI<br \/>MIGDA\u0141Y blanszowane* (*certyfikowany sk\u0142adnik ekologiczny)<\/p>\n<p>OPIS<br \/>Krem mo\u017cna wykorzysta\u0107 r\u00f3wnie\u017c jako dodatek do deser\u00f3w, przek\u0105sek, wypiek\u00f3w czy krem\u00f3w. W swoim sk\u0142adzie zawiera tylko i wy\u0142\u0105cznie zmielone blanszowane MIGDA\u0141Y, bez \u017cadnych dodatk\u00f3w.   Idealny dla wegetarian i wegan.<\/p>\n<p>WARTO\u015a\u0106 OD\u017bYWCZA W 100 g<br \/>Warto\u015b\u0107 energetyczna: 2777 kJ \/ 671 kcal  <br \/>T\u0142uszcz: 57 g<br \/>w tym kwasy t\u0142uszczowe nasycone: 4,0 g<br \/>W\u0119glowodany: 14 g<br \/>w tym cukry: 4,0 g<br \/>Bia\u0142ko: 22 g<br \/>S\u00f3l: 0,0 g<\/p>\n<p>INFORMACJA ALERGENNA<br \/>Mo\u017ce zawiera\u0107 ORZECHY, SEZAM.<\/p>\n<p>ZALECANE WARUNKI PRZECHOWYWANIA<br \/>Przechowywa\u0107 w suchym, ch\u0142odnym i zaciemnionym miejscu.<\/p>","protected":false},"excerpt":{"rendered":"<p>SK\u0141ADNIKIMIGDA\u0141Y blanszowane* (*certyfikowany sk\u0142adnik ekologiczny) OPISKrem mo\u017cna wykorzysta\u0107 r\u00f3wnie\u017c jako dodatek do deser\u00f3w, przek\u0105sek, wypiek\u00f3w czy krem\u00f3w. W swoim sk\u0142adzie zawiera tylko i wy\u0142\u0105cznie zmielone blanszowane MIGDA\u0141Y, bez \u017cadnych dodatk\u00f3w. Idealny dla wegetarian i wegan. WARTO\u015a\u0106 OD\u017bYWCZA W 100 gWarto\u015b\u0107 energetyczna: 2777 kJ \/ 671 kcal T\u0142uszcz: 57 gw tym kwasy t\u0142uszczowe nasycone: 4,0 gW\u0119glowodany: [&hellip;]<\/p>","protected":false},"featured_media":1071,"comment_status":"closed","ping_status":"open","template":"","meta":{"_acf_changed":false},"product_brand":[],"product_cat":[734],"product_tag":[],"class_list":{"0":"post-1070","1":"product","2":"type-product","3":"status-publish","4":"has-post-thumbnail","6":"product_cat-kremy-orzechowe-czekoladowe-tahini","7":"pa_ean-matka-1096","8":"pa_gwarancja-przydatnosci-320","9":"pa_ilosc-w-opakowaniu-298","10":"pa_jednostka-podstawowa-szt","11":"pa_kod-cn-2008-19-93","12":"pa_kraj-pochodzenia-skladnikow-hiszpania","13":"pa_masa-netto-203","14":"pa_objetosc-brutto-303","15":"pa_producent-horizon-syropy-kremy-orzechowe","16":"pa_producent-nazwa-adres-horizon-natuurvoeding-bv-lage-dijk-noord-20a-3401-va-ijsselstein","17":"pa_tagi-bez-cukru-w-skladnikach","18":"pa_tagi-bez-glutenu-w-skladnikach","19":"pa_tagi-certyfikat-bio","20":"pa_tagi-weganski","21":"pa_tagi-wegetarianski","23":"first","24":"instock","25":"taxable","26":"shipping-taxable","27":"purchasable","28":"product-type-simple"},"acf":[],"_links":{"self":[{"href":"https:\/\/wiejskieprzysmaki.estima.site\/en\/wp-json\/wp\/v2\/product\/1070","targetHints":{"allow":["GET"]}}],"collection":[{"href":"https:\/\/wiejskieprzysmaki.estima.site\/en\/wp-json\/wp\/v2\/product"}],"about":[{"href":"https:\/\/wiejskieprzysmaki.estima.site\/en\/wp-json\/wp\/v2\/types\/product"}],"replies":[{"embeddable":true,"href":"https:\/\/wiejskieprzysmaki.estima.site\/en\/wp-json\/wp\/v2\/comments?post=1070"}],"wp:featuredmedia":[{"embeddable":true,"href":"https:\/\/wiejskieprzysmaki.estima.site\/en\/wp-json\/wp\/v2\/media\/1071"}],"wp:attachment":[{"href":"https:\/\/wiejskieprzysmaki.estima.site\/en\/wp-json\/wp\/v2\/media?parent=1070"}],"wp:term":[{"taxonomy":"product_brand","embeddable":true,"href":"https:\/\/wiejskieprzysmaki.estima.site\/en\/wp-json\/wp\/v2\/product_brand?post=1070"},{"taxonomy":"product_cat","embeddable":true,"href":"https:\/\/wiejskieprzysmaki.estima.site\/en\/wp-json\/wp\/v2\/product_cat?post=1070"},{"taxonomy":"product_tag","embeddable":true,"href":"https:\/\/wiejskieprzysmaki.estima.site\/en\/wp-json\/wp\/v2\/product_tag?post=1070"}],"curies":[{"name":"wp","href":"https:\/\/api.w.org\/{rel}","templated":true}]}}