{"id":10719,"date":"2025-02-18T12:23:22","date_gmt":"2025-02-18T11:23:22","guid":{"rendered":"https:\/\/wiejskieprzysmaki.estima.site\/produkt\/ciastka-markizy-orkiszowe-z-kremem-rokitnik-pomarancza-weganskie-bio-300-g-pural-bio-bis\/"},"modified":"2025-02-18T12:23:22","modified_gmt":"2025-02-18T11:23:22","slug":"ciastka-markizy-orkiszowe-z-kremem-rokitnik-pomarancza-weganskie-bio-300-g-pural-bio-bis","status":"publish","type":"product","link":"https:\/\/wiejskieprzysmaki.estima.site\/en\/product\/ciastka-markizy-orkiszowe-z-kremem-rokitnik-pomarancza-weganskie-bio-300-g-pural-bio-bis\/","title":{"rendered":"CIASTKA MARKIZY ORKISZOWE Z KREMEM ROKITNIK &#8211; POMARA\u0143CZA WEGA\u0143SKIE BIO 300 g &#8211; PURAL (BIO BIS)"},"content":{"rendered":"<p>SK\u0141ADNIKI <br \/>m\u0105ka z PSZENICY ORKISZ pe\u0142noziarnista* (25 %), m\u0105ka z PSZENICY ORKISZ* (25 %), cukier buraczany*, t\u0142uszcz palmowy*, skrobia kukurydziana*, syrop ry\u017cowy*, substancja spulchniaj\u0105ca: wodorow\u0119glan sodu, koncentrat soku z rokitnika* (0,29 %), s\u00f3l morska, olejek z krwawej pomara\u0144czy* (0,14 %), mielona wanilia bourbon*. (*certyfikowany sk\u0142adnik ekologiczny)<\/p>\n<p>OPIS<br \/>Pyszna przek\u0105ska dla ka\u017cdego, idealnie nadaj\u0105 si\u0119 do chrupania przy kawie, herbacie lub szklance mleka.<\/p>\n<p>WARTO\u015a\u0106 OD\u017bYWCZA W 100 g <br \/>Warto\u015b\u0107 energetyczna: 2095 kJ\/ 500 kcal <br \/>T\u0142uszcz: 23 g<br \/>w tym kwasy t\u0142uszczowe nasycone: 11 g<br \/>W\u0119glowodany: 65 g<br \/>w tym cukry: 29 g<br \/>B\u0142onnik: 3,5 g<br \/>Bia\u0142ko: 6,6 g<br \/>S\u00f3l: 0,38 g<\/p>\n<p>INFORMACJA ALERGENNA<br \/>Mo\u017ce zawiera\u0107 ORZECHY, MLEKO, JAJA i soj\u0119.<\/p>\n<p>ZALECANE WARUNKI PRZECHOWYWANIA<br \/>Przechowywa\u0107 w suchym i ch\u0142odnym miejscu. <\/p>","protected":false},"excerpt":{"rendered":"<p>SK\u0141ADNIKI m\u0105ka z PSZENICY ORKISZ pe\u0142noziarnista* (25 %), m\u0105ka z PSZENICY ORKISZ* (25 %), cukier buraczany*, t\u0142uszcz palmowy*, skrobia kukurydziana*, syrop ry\u017cowy*, substancja spulchniaj\u0105ca: wodorow\u0119glan sodu, koncentrat soku z rokitnika* (0,29 %), s\u00f3l morska, olejek z krwawej pomara\u0144czy* (0,14 %), mielona wanilia bourbon*. (*certyfikowany sk\u0142adnik ekologiczny) OPISPyszna przek\u0105ska dla ka\u017cdego, idealnie nadaj\u0105 si\u0119 do chrupania [&hellip;]<\/p>","protected":false},"featured_media":10720,"comment_status":"closed","ping_status":"open","template":"","meta":{"_acf_changed":false},"product_brand":[],"product_cat":[1434,139],"product_tag":[],"class_list":{"0":"post-10719","1":"product","2":"type-product","3":"status-publish","4":"has-post-thumbnail","6":"product_cat-ciastka","7":"product_cat-slodycze-i-przekaski","8":"pa_ean-matka-8131","9":"pa_gwarancja-przydatnosci-324","10":"pa_ilosc-w-opakowaniu-454","11":"pa_jednostka-podstawowa-szt","12":"pa_kod-cn-1905-31-91","13":"pa_masa-netto-207","14":"pa_objetosc-brutto-8130","15":"pa_producent-pural-ciastka","16":"pa_producent-nazwa-adres-claus-reformwaren-service-team-gmbh-kiefernstr-11-76532-baden-baden","17":"pa_tagi-certyfikat-bio","18":"pa_tagi-weganski","19":"pa_tagi-wegetarianski","21":"first","22":"instock","23":"taxable","24":"shipping-taxable","25":"purchasable","26":"product-type-simple"},"acf":[],"_links":{"self":[{"href":"https:\/\/wiejskieprzysmaki.estima.site\/en\/wp-json\/wp\/v2\/product\/10719","targetHints":{"allow":["GET"]}}],"collection":[{"href":"https:\/\/wiejskieprzysmaki.estima.site\/en\/wp-json\/wp\/v2\/product"}],"about":[{"href":"https:\/\/wiejskieprzysmaki.estima.site\/en\/wp-json\/wp\/v2\/types\/product"}],"replies":[{"embeddable":true,"href":"https:\/\/wiejskieprzysmaki.estima.site\/en\/wp-json\/wp\/v2\/comments?post=10719"}],"wp:featuredmedia":[{"embeddable":true,"href":"https:\/\/wiejskieprzysmaki.estima.site\/en\/wp-json\/wp\/v2\/media\/10720"}],"wp:attachment":[{"href":"https:\/\/wiejskieprzysmaki.estima.site\/en\/wp-json\/wp\/v2\/media?parent=10719"}],"wp:term":[{"taxonomy":"product_brand","embeddable":true,"href":"https:\/\/wiejskieprzysmaki.estima.site\/en\/wp-json\/wp\/v2\/product_brand?post=10719"},{"taxonomy":"product_cat","embeddable":true,"href":"https:\/\/wiejskieprzysmaki.estima.site\/en\/wp-json\/wp\/v2\/product_cat?post=10719"},{"taxonomy":"product_tag","embeddable":true,"href":"https:\/\/wiejskieprzysmaki.estima.site\/en\/wp-json\/wp\/v2\/product_tag?post=10719"}],"curies":[{"name":"wp","href":"https:\/\/api.w.org\/{rel}","templated":true}]}}