{"id":1072,"date":"2025-02-18T10:34:14","date_gmt":"2025-02-18T09:34:14","guid":{"rendered":"https:\/\/wiejskieprzysmaki.estima.site\/produkt\/oliwa-z-oliwek-do-smazenia-bio-500-ml-bio-planete\/"},"modified":"2025-02-18T10:34:19","modified_gmt":"2025-02-18T09:34:19","slug":"oliwa-z-oliwek-do-smazenia-bio-500-ml-bio-planete","status":"publish","type":"product","link":"https:\/\/wiejskieprzysmaki.estima.site\/en\/product\/oliwa-z-oliwek-do-smazenia-bio-500-ml-bio-planete\/","title":{"rendered":"OLIWA Z OLIWEK DO SMA\u017bENIA BIO 500 ml &#8211; BIO PLANETE"},"content":{"rendered":"<p>SK\u0141ADNIKI<br \/>oliwa z oliwek rafinowana* (80 %), oliwa z oliwek z pierwszego t\u0142oczenia* (20 %). (*certyfikowany sk\u0142adnik ekologiczny)<\/p>\n<p>OPIS <br \/>Oliwa z oliwek do pieczenia i sma\u017cenia stanowi smaczn\u0105 alternatyw\u0119 dla powszechnie stosowanych olej\u00f3w do sma\u017cenia. Zawiera oliw\u0119 z oliwek virgin oraz dezodorowan\u0105 oliw\u0119 z oliwek. Delikatna obr\u00f3bka par\u0105 wodn\u0105 zwi\u0119ksza odporno\u015b\u0107 oliwy na wysok\u0105 temperatur\u0119. Mieszanka ta charakteryzuje si\u0119 bardzo wysokim punktem dymienia&nbsp;\u2013 a\u017c 210\u00b0C. Dzi\u0119ki temu nadaje przygotowywanym potrawom delikatny, przyjemnie owocowy posmak. To w\u0142a\u015bnie niezwyk\u0142a odporno\u015b\u0107 na wysokie temperatury sprawia, \u017ce oliwa z oliwek do pieczenia i sma\u017cenia firmy Bio Planete idealnie nadaje si\u0119 do stosowania w wysokich temperaturach. Nasza oliwa to smaczna towarzyszka ka\u017cdego kucharza, doskona\u0142a do przyrz\u0105dzania wszelkich gor\u0105cych da\u0144.<\/p>\n<p>WARTO\u015a\u0106 OD\u017bYWCZA W 100 ml<br \/>Warto\u015b\u0107 energetyczna &#8211; 3404 kJ\/828 kcal <br \/>T\u0142uszcz &#8211; 92 g <br \/>w tym kwasy t\u0142uszczowe nasycone &#8211; 15 g <br \/>Zawiera znikome ilo\u015bci w\u0119glowodan\u00f3w, cukr\u00f3w, bia\u0142ka i soli.<br \/>Witamina E &#8211; 27 mg [225 % dziennej referencyjnej warto\u015bci spo\u017cycia witaminy E (dla osoby doros\u0142ej)] <\/p>\n<p>INFORMACJA ALERGENNA <br \/>Produkt mo\u017ce zawiera\u0107 ORZESZKI ZIEMNE, SEZAM, MIGDA\u0141Y, ORZECHY LASKOWE i ORZECHY W\u0141OSKIE.<\/p>\n<p>ZALECANE WARUNKI PRZECHOWYWANIA <br \/>Przechowywa\u0107 w temperaturze pokojowej, chroni\u0107 przed \u015bwiat\u0142em. <\/p>","protected":false},"excerpt":{"rendered":"<p>SK\u0141ADNIKIoliwa z oliwek rafinowana* (80 %), oliwa z oliwek z pierwszego t\u0142oczenia* (20 %). (*certyfikowany sk\u0142adnik ekologiczny) OPIS Oliwa z oliwek do pieczenia i sma\u017cenia stanowi smaczn\u0105 alternatyw\u0119 dla powszechnie stosowanych olej\u00f3w do sma\u017cenia. Zawiera oliw\u0119 z oliwek virgin oraz dezodorowan\u0105 oliw\u0119 z oliwek. Delikatna obr\u00f3bka par\u0105 wodn\u0105 zwi\u0119ksza odporno\u015b\u0107 oliwy na wysok\u0105 temperatur\u0119. Mieszanka [&hellip;]<\/p>","protected":false},"featured_media":1073,"comment_status":"closed","ping_status":"open","template":"","meta":{"_acf_changed":false},"product_brand":[],"product_cat":[993,1100],"product_tag":[],"class_list":{"0":"post-1072","1":"product","2":"type-product","3":"status-publish","4":"has-post-thumbnail","6":"product_cat-oleje-i-oliwy","7":"product_cat-oliwy","8":"pa_ean-matka-1099","9":"pa_gwarancja-przydatnosci-311","10":"pa_ilosc-w-opakowaniu-298","11":"pa_jednostka-podstawowa-szt","12":"pa_kod-cn-1509-90-00","13":"pa_kraj-pochodzenia-skladnikow-tunezja","14":"pa_objetosc-brutto-1098","15":"pa_objetosc-netto-376","16":"pa_producent-bio-planete-oleje-i-oliwy","17":"pa_producent-nazwa-adres-bio-planete-huilerie-f-j-moog-sa-route-de-limoux-f-11150-bram","18":"pa_tagi-bez-cukru-w-skladnikach","19":"pa_tagi-bez-glutenu-w-skladnikach","20":"pa_tagi-certyfikat-bio","21":"pa_tagi-weganski","22":"pa_tagi-wegetarianski","24":"first","25":"instock","26":"taxable","27":"shipping-taxable","28":"purchasable","29":"product-type-simple"},"acf":[],"_links":{"self":[{"href":"https:\/\/wiejskieprzysmaki.estima.site\/en\/wp-json\/wp\/v2\/product\/1072","targetHints":{"allow":["GET"]}}],"collection":[{"href":"https:\/\/wiejskieprzysmaki.estima.site\/en\/wp-json\/wp\/v2\/product"}],"about":[{"href":"https:\/\/wiejskieprzysmaki.estima.site\/en\/wp-json\/wp\/v2\/types\/product"}],"replies":[{"embeddable":true,"href":"https:\/\/wiejskieprzysmaki.estima.site\/en\/wp-json\/wp\/v2\/comments?post=1072"}],"wp:featuredmedia":[{"embeddable":true,"href":"https:\/\/wiejskieprzysmaki.estima.site\/en\/wp-json\/wp\/v2\/media\/1073"}],"wp:attachment":[{"href":"https:\/\/wiejskieprzysmaki.estima.site\/en\/wp-json\/wp\/v2\/media?parent=1072"}],"wp:term":[{"taxonomy":"product_brand","embeddable":true,"href":"https:\/\/wiejskieprzysmaki.estima.site\/en\/wp-json\/wp\/v2\/product_brand?post=1072"},{"taxonomy":"product_cat","embeddable":true,"href":"https:\/\/wiejskieprzysmaki.estima.site\/en\/wp-json\/wp\/v2\/product_cat?post=1072"},{"taxonomy":"product_tag","embeddable":true,"href":"https:\/\/wiejskieprzysmaki.estima.site\/en\/wp-json\/wp\/v2\/product_tag?post=1072"}],"curies":[{"name":"wp","href":"https:\/\/api.w.org\/{rel}","templated":true}]}}