{"id":10727,"date":"2025-02-18T12:23:22","date_gmt":"2025-02-18T11:23:22","guid":{"rendered":"https:\/\/wiejskieprzysmaki.estima.site\/produkt\/chleb-foremkowy-jasny-bezglutenowy-250-g-balviten\/"},"modified":"2025-02-18T12:23:26","modified_gmt":"2025-02-18T11:23:26","slug":"chleb-foremkowy-jasny-bezglutenowy-250-g-balviten","status":"publish","type":"product","link":"https:\/\/wiejskieprzysmaki.estima.site\/en\/product\/chleb-foremkowy-jasny-bezglutenowy-250-g-balviten\/","title":{"rendered":"CHLEB FOREMKOWY JASNY BEZGLUTENOWY 250 g &#8211; BALVITEN"},"content":{"rendered":"<p>SK\u0141ADNIKI<br \/>woda, skrobia kukurydziana, zakwas (woda, m\u0105ka ry\u017cowa), m\u0105ka ry\u017cowa, syrop cukru inwertowanego, skrobia ry\u017cowa, olej s\u0142onecznikowy, bia\u0142ko SOJOWE, b\u0142onnik (z babki p\u0142esznik, jab\u0142kowy), substancje zag\u0119szczaj\u0105ce (hydroksypropylometyloceluloza, guma guar), dro\u017cd\u017ce, cukier, s\u00f3l, m\u0105ka jaglana. <\/p>\n<p>OPIS<br \/>Pakowano w atmosferze ochronnej.<\/p>\n<p>WARTO\u015a\u0106 OD\u017bYWCZA w 100 g <br \/>Warto\u015b\u0107 energetyczna: 985 kJ \/ 233 kcal<br \/>T\u0142uszcz: 3,2 g<br \/>w tym kwasy t\u0142uszczowe nasycone: 0,26 g<br \/>W\u0119glowodany: 45 g<br \/>w tym cukry: 4,6 g<br \/>B\u0142onnik: 4,7 g<br \/>Bia\u0142ko: 4,0 g<br \/>S\u00f3l: 0,94 g<\/p>\n<p>INFORMACJA ALERGENNA<br \/>Mo\u017ce zawiera\u0107 SEZAM.<\/p>\n<p>ZALECANE WARUNKI PRZECHOWYWANIA<br \/>Przechowywa\u0107 w suchym, ch\u0142odnym i zacienionym miejscu. Po otwarciu spo\u017cy\u0107 w ci\u0105gu 48 h.<\/p>","protected":false},"excerpt":{"rendered":"<p>SK\u0141ADNIKIwoda, skrobia kukurydziana, zakwas (woda, m\u0105ka ry\u017cowa), m\u0105ka ry\u017cowa, syrop cukru inwertowanego, skrobia ry\u017cowa, olej s\u0142onecznikowy, bia\u0142ko SOJOWE, b\u0142onnik (z babki p\u0142esznik, jab\u0142kowy), substancje zag\u0119szczaj\u0105ce (hydroksypropylometyloceluloza, guma guar), dro\u017cd\u017ce, cukier, s\u00f3l, m\u0105ka jaglana. OPISPakowano w atmosferze ochronnej. WARTO\u015a\u0106 OD\u017bYWCZA w 100 g Warto\u015b\u0107 energetyczna: 985 kJ \/ 233 kcalT\u0142uszcz: 3,2 gw tym kwasy t\u0142uszczowe nasycone: [&hellip;]<\/p>","protected":false},"featured_media":10728,"comment_status":"closed","ping_status":"open","template":"","meta":{"_acf_changed":false},"product_brand":[],"product_cat":[1437,64],"product_tag":[],"class_list":{"0":"post-10727","1":"product","2":"type-product","3":"status-publish","4":"has-post-thumbnail","6":"product_cat-chleby-bulki","7":"product_cat-pieczywo","8":"pa_ean-matka-8137","9":"pa_gwarancja-przydatnosci-535","10":"pa_ilosc-w-opakowaniu-331","11":"pa_jednostka-podstawowa-szt","12":"pa_kod-cn-1905-90-30","13":"pa_masa-netto-480","14":"pa_objetosc-brutto-8136","15":"pa_producent-balviten-chleby-mieszanki-do-wypieku","16":"pa_producent-nazwa-adres-balviten-aleja-wojciecha-korfantego-191-40-153-katowice","17":"pa_tagi-bez-glutenu-deklaracja","18":"pa_tagi-bez-glutenu-w-skladnikach","19":"pa_tagi-weganski","20":"pa_tagi-wegetarianski","22":"first","23":"instock","24":"taxable","25":"shipping-taxable","26":"purchasable","27":"product-type-simple"},"acf":[],"_links":{"self":[{"href":"https:\/\/wiejskieprzysmaki.estima.site\/en\/wp-json\/wp\/v2\/product\/10727","targetHints":{"allow":["GET"]}}],"collection":[{"href":"https:\/\/wiejskieprzysmaki.estima.site\/en\/wp-json\/wp\/v2\/product"}],"about":[{"href":"https:\/\/wiejskieprzysmaki.estima.site\/en\/wp-json\/wp\/v2\/types\/product"}],"replies":[{"embeddable":true,"href":"https:\/\/wiejskieprzysmaki.estima.site\/en\/wp-json\/wp\/v2\/comments?post=10727"}],"wp:featuredmedia":[{"embeddable":true,"href":"https:\/\/wiejskieprzysmaki.estima.site\/en\/wp-json\/wp\/v2\/media\/10728"}],"wp:attachment":[{"href":"https:\/\/wiejskieprzysmaki.estima.site\/en\/wp-json\/wp\/v2\/media?parent=10727"}],"wp:term":[{"taxonomy":"product_brand","embeddable":true,"href":"https:\/\/wiejskieprzysmaki.estima.site\/en\/wp-json\/wp\/v2\/product_brand?post=10727"},{"taxonomy":"product_cat","embeddable":true,"href":"https:\/\/wiejskieprzysmaki.estima.site\/en\/wp-json\/wp\/v2\/product_cat?post=10727"},{"taxonomy":"product_tag","embeddable":true,"href":"https:\/\/wiejskieprzysmaki.estima.site\/en\/wp-json\/wp\/v2\/product_tag?post=10727"}],"curies":[{"name":"wp","href":"https:\/\/api.w.org\/{rel}","templated":true}]}}