{"id":10731,"date":"2025-02-18T12:23:22","date_gmt":"2025-02-18T11:23:22","guid":{"rendered":"https:\/\/wiejskieprzysmaki.estima.site\/produkt\/baton-kawowy-agent-cooper-bezglutenowy-70-g-zmiany-zmiany\/"},"modified":"2025-02-18T12:23:27","modified_gmt":"2025-02-18T11:23:27","slug":"baton-kawowy-agent-cooper-bezglutenowy-70-g-zmiany-zmiany","status":"publish","type":"product","link":"https:\/\/wiejskieprzysmaki.estima.site\/en\/product\/baton-kawowy-agent-cooper-bezglutenowy-70-g-zmiany-zmiany\/","title":{"rendered":"BATON KAWOWY &#8220;AGENT COOPER&#8221; BEZGLUTENOWY 70 g &#8211; ZMIANY ZMIANY"},"content":{"rendered":"<p>SK\u0141ADNIKI<br \/>rodzynki, daktyle, s\u0142onecznik, MIGDA\u0141Y, kawa (5 %).<\/p>\n<p>OPIS<br \/>Baton kawowy zawieraj\u0105cy, \u015bwie\u017co palon\u0105 kaw\u0119 z lokalnej palarni. Ma mocno kawowy smak z posmakiem migda\u0142a. Zawiera 100% naturalnych ro\u015blinnych sk\u0142adnik\u00f3w. Przetworzony wy\u0142\u0105cznie mechanicznie, bez obr\u00f3bki termicznej. Nie zawiera dodanego cukru, konserwant\u00f3w, aromat\u00f3w, spulchniaczy i utwardzaczy ani \u017cadnych dodatk\u00f3w chemicznych. Wega\u0144ski, bezglutenowy, bez laktozy. <br \/>Zawiera kofein\u0119; nie zaleca si\u0119 stosowania u dzieci i kobiet w ci\u0105\u017cy (63 mg kofeiny w 100 g produktu).<br \/>Zawarto\u015b\u0107 kofeiny w jednym batonie = 44 mg (r\u00f3wnowarto\u015b\u0107 jednej fili\u017canki espresso)<\/p>\n<p>WARTO\u015a\u0106 OD\u017bYWCZA w 100 g<br \/>Warto\u015b\u0107 energetyczna: 1770 kJ \/ 423 kcal<br \/>T\u0142uszcz: 23 g<br \/>w tym kwasy t\u0142uszczowe nasycone: 2,4 g<br \/>W\u0119glowodany: 40 g<br \/>w tym cukry: 36 g<br \/>Bia\u0142ko: 11 g<br \/>S\u00f3l: 0,04 g<\/p>\n<p>UWAGA<br \/>Mo\u017ce zawiera\u0107 ma\u0142e kawa\u0142ki pestek.<\/p>\n<p>ZALECANE WARUNKI PRZECHOWYWANIA<br \/>Przechowywa\u0107 w suchym i ch\u0142odnym miejscu<\/p>","protected":false},"excerpt":{"rendered":"<p>SK\u0141ADNIKIrodzynki, daktyle, s\u0142onecznik, MIGDA\u0141Y, kawa (5 %). OPISBaton kawowy zawieraj\u0105cy, \u015bwie\u017co palon\u0105 kaw\u0119 z lokalnej palarni. Ma mocno kawowy smak z posmakiem migda\u0142a. Zawiera 100% naturalnych ro\u015blinnych sk\u0142adnik\u00f3w. Przetworzony wy\u0142\u0105cznie mechanicznie, bez obr\u00f3bki termicznej. Nie zawiera dodanego cukru, konserwant\u00f3w, aromat\u00f3w, spulchniaczy i utwardzaczy ani \u017cadnych dodatk\u00f3w chemicznych. Wega\u0144ski, bezglutenowy, bez laktozy. Zawiera kofein\u0119; nie zaleca [&hellip;]<\/p>","protected":false},"featured_media":10732,"comment_status":"closed","ping_status":"open","template":"","meta":{"_acf_changed":false},"product_brand":[],"product_cat":[465,139],"product_tag":[],"class_list":{"0":"post-10731","1":"product","2":"type-product","3":"status-publish","4":"has-post-thumbnail","6":"product_cat-batony-wafelki-sezamki","7":"product_cat-slodycze-i-przekaski","8":"pa_ean-matka-8139","9":"pa_gwarancja-przydatnosci-311","10":"pa_ilosc-w-opakowaniu-374","11":"pa_jednostka-podstawowa-szt","12":"pa_kod-cn-2008-97-78","13":"pa_masa-netto-695","14":"pa_objetosc-brutto-1385","15":"pa_producent-zmiany-zmiany-batony","16":"pa_producent-nazwa-adres-zmiany-zmiany-sp-z-o-o-czeska-wies-54-49-332-olszanka","17":"pa_tagi-bez-cukru-w-skladnikach","18":"pa_tagi-bez-glutenu-deklaracja","19":"pa_tagi-bez-glutenu-w-skladnikach","20":"pa_tagi-weganski","21":"pa_tagi-wegetarianski","23":"first","24":"instock","25":"taxable","26":"shipping-taxable","27":"purchasable","28":"product-type-simple"},"acf":[],"_links":{"self":[{"href":"https:\/\/wiejskieprzysmaki.estima.site\/en\/wp-json\/wp\/v2\/product\/10731","targetHints":{"allow":["GET"]}}],"collection":[{"href":"https:\/\/wiejskieprzysmaki.estima.site\/en\/wp-json\/wp\/v2\/product"}],"about":[{"href":"https:\/\/wiejskieprzysmaki.estima.site\/en\/wp-json\/wp\/v2\/types\/product"}],"replies":[{"embeddable":true,"href":"https:\/\/wiejskieprzysmaki.estima.site\/en\/wp-json\/wp\/v2\/comments?post=10731"}],"wp:featuredmedia":[{"embeddable":true,"href":"https:\/\/wiejskieprzysmaki.estima.site\/en\/wp-json\/wp\/v2\/media\/10732"}],"wp:attachment":[{"href":"https:\/\/wiejskieprzysmaki.estima.site\/en\/wp-json\/wp\/v2\/media?parent=10731"}],"wp:term":[{"taxonomy":"product_brand","embeddable":true,"href":"https:\/\/wiejskieprzysmaki.estima.site\/en\/wp-json\/wp\/v2\/product_brand?post=10731"},{"taxonomy":"product_cat","embeddable":true,"href":"https:\/\/wiejskieprzysmaki.estima.site\/en\/wp-json\/wp\/v2\/product_cat?post=10731"},{"taxonomy":"product_tag","embeddable":true,"href":"https:\/\/wiejskieprzysmaki.estima.site\/en\/wp-json\/wp\/v2\/product_tag?post=10731"}],"curies":[{"name":"wp","href":"https:\/\/api.w.org\/{rel}","templated":true}]}}