{"id":10755,"date":"2025-02-18T12:23:34","date_gmt":"2025-02-18T11:23:34","guid":{"rendered":"https:\/\/wiejskieprzysmaki.estima.site\/produkt\/makaron-ryzowy-penne-bezglutenowy-bio-250-g-bartolini\/"},"modified":"2025-02-18T12:23:42","modified_gmt":"2025-02-18T11:23:42","slug":"makaron-ryzowy-penne-bezglutenowy-bio-250-g-bartolini","status":"publish","type":"product","link":"https:\/\/wiejskieprzysmaki.estima.site\/en\/product\/makaron-ryzowy-penne-bezglutenowy-bio-250-g-bartolini\/","title":{"rendered":"MAKARON (RY\u017bOWY) PENNE BEZGLUTENOWY BIO 250 g &#8211; BARTOLINI"},"content":{"rendered":"<p>SK\u0141ADNIKI<br \/>ekologiczna m\u0105ka ry\u017cowa.<\/p>\n<p>OPIS<br \/>Makaron ry\u017cowy wyr\u00f3\u017cnia si\u0119 niezwykle delikatnym smakiem, dzi\u0119ki czemu z powodzeniem mo\u017cna go \u0142\u0105czy\u0107 z najr\u00f3\u017cniejszymi dodatkami.<br \/>Z racji tego, \u017ce jest to produkt bezglutenowy, do swojej diety mog\u0105 w\u0142\u0105czy\u0107 go osoby z nietolerancj\u0105 glutenu.<\/p>\n<p>SPOS\u00d3B PRZYGOTOWANIA<br \/>Przed spo\u017cyciem gotowa\u0107 we wrz\u0105cej wodzie (\u015bredni ogie\u0144), zgodnie z czasem podanym w ikonie garnka (11-13 minut) (100 g makaronu na 1 litr osolonej wody).<br \/>Ugotowany makaron odcedzi\u0107 i przela\u0107 zimn\u0105 wod\u0105.<\/p>\n<p>WARTO\u015a\u0106 OD\u017bYWCZA w 100 g<br \/>Warto\u015b\u0107 energetyczna: 1499 kJ\/353 kcal<br \/>T\u0142uszcz: 0,9 g<br \/>w tym kwasy t\u0142uszczowe nasycone: 0,3 g<br \/>W\u0119glowodany: 77,5 g<br \/>w tym cukry: 0,4 g<br \/>B\u0142onnik: 1,5 g<br \/>Bia\u0142ko: 8,1 g<br \/>S\u00f3l: &lt;0,01 g<\/p>\n<p>INFORMACJA ALERGENNA<br \/>Mo\u017ce zawiera\u0107 soj\u0119.<\/p>\n<p>ZALECANE WARUNKI PRZECHOWYWANIA<br \/>Przechowywa\u0107 w suchym i przewiewnym miejscu (max 25\u00b0C), z dala od \u017ar\u00f3de\u0142 ciep\u0142a i promieni s\u0142onecznych.<\/p>","protected":false},"excerpt":{"rendered":"<p>SK\u0141ADNIKIekologiczna m\u0105ka ry\u017cowa. OPISMakaron ry\u017cowy wyr\u00f3\u017cnia si\u0119 niezwykle delikatnym smakiem, dzi\u0119ki czemu z powodzeniem mo\u017cna go \u0142\u0105czy\u0107 z najr\u00f3\u017cniejszymi dodatkami.Z racji tego, \u017ce jest to produkt bezglutenowy, do swojej diety mog\u0105 w\u0142\u0105czy\u0107 go osoby z nietolerancj\u0105 glutenu. SPOS\u00d3B PRZYGOTOWANIAPrzed spo\u017cyciem gotowa\u0107 we wrz\u0105cej wodzie (\u015bredni ogie\u0144), zgodnie z czasem podanym w ikonie garnka (11-13 minut) [&hellip;]<\/p>","protected":false},"featured_media":10756,"comment_status":"closed","ping_status":"open","template":"","meta":{"_acf_changed":false},"product_brand":[],"product_cat":[1163,1162],"product_tag":[],"class_list":{"0":"post-10755","1":"product","2":"type-product","3":"status-publish","4":"has-post-thumbnail","6":"product_cat-bezglutenowe","7":"product_cat-makarony","8":"pa_ean-matka-8152","9":"pa_gwarancja-przydatnosci-522","10":"pa_ilosc-w-opakowaniu-331","11":"pa_jednostka-podstawowa-szt","12":"pa_kod-cn-1902-19-10","13":"pa_masa-netto-480","14":"pa_objetosc-brutto-6358","15":"pa_producent-bartolini-makarony","16":"pa_producent-nazwa-adres-p-p-h-tabit-sp-z-o-o-kollataja-44-05-402-otwock","17":"pa_tagi-bez-cukru-w-skladnikach","18":"pa_tagi-bez-glutenu-deklaracja","19":"pa_tagi-bez-glutenu-w-skladnikach","20":"pa_tagi-certyfikat-bio","21":"pa_tagi-weganski","22":"pa_tagi-wegetarianski","24":"first","25":"instock","26":"taxable","27":"shipping-taxable","28":"purchasable","29":"product-type-simple"},"acf":[],"_links":{"self":[{"href":"https:\/\/wiejskieprzysmaki.estima.site\/en\/wp-json\/wp\/v2\/product\/10755","targetHints":{"allow":["GET"]}}],"collection":[{"href":"https:\/\/wiejskieprzysmaki.estima.site\/en\/wp-json\/wp\/v2\/product"}],"about":[{"href":"https:\/\/wiejskieprzysmaki.estima.site\/en\/wp-json\/wp\/v2\/types\/product"}],"replies":[{"embeddable":true,"href":"https:\/\/wiejskieprzysmaki.estima.site\/en\/wp-json\/wp\/v2\/comments?post=10755"}],"wp:featuredmedia":[{"embeddable":true,"href":"https:\/\/wiejskieprzysmaki.estima.site\/en\/wp-json\/wp\/v2\/media\/10756"}],"wp:attachment":[{"href":"https:\/\/wiejskieprzysmaki.estima.site\/en\/wp-json\/wp\/v2\/media?parent=10755"}],"wp:term":[{"taxonomy":"product_brand","embeddable":true,"href":"https:\/\/wiejskieprzysmaki.estima.site\/en\/wp-json\/wp\/v2\/product_brand?post=10755"},{"taxonomy":"product_cat","embeddable":true,"href":"https:\/\/wiejskieprzysmaki.estima.site\/en\/wp-json\/wp\/v2\/product_cat?post=10755"},{"taxonomy":"product_tag","embeddable":true,"href":"https:\/\/wiejskieprzysmaki.estima.site\/en\/wp-json\/wp\/v2\/product_tag?post=10755"}],"curies":[{"name":"wp","href":"https:\/\/api.w.org\/{rel}","templated":true}]}}