{"id":10769,"date":"2025-02-18T12:23:44","date_gmt":"2025-02-18T11:23:44","guid":{"rendered":"https:\/\/wiejskieprzysmaki.estima.site\/produkt\/oliwki-mix-bez-pestek-bio-80-g-bio-verde\/"},"modified":"2025-02-18T12:23:50","modified_gmt":"2025-02-18T11:23:50","slug":"oliwki-mix-bez-pestek-bio-80-g-bio-verde","status":"publish","type":"product","link":"https:\/\/wiejskieprzysmaki.estima.site\/en\/product\/oliwki-mix-bez-pestek-bio-80-g-bio-verde\/","title":{"rendered":"OLIWKI MIX BEZ PESTEK BIO 80 g &#8211; BIO VERDE"},"content":{"rendered":"<p>SK\u0141ADNIKI<br \/>zielone i czarne oliwki* (92 %), zio\u0142a* (3 %) (bazylia*, natka pietruszki*, oregano*, tymianek*, rozmaryn*), olej s\u0142onecznikowy*, s\u00f3l morska, oliwa z oliwek*, skoncentrowany sok z cytryny*, p\u0142atki ziemniaczane*. (*certyfikowany sk\u0142adnik ekologiczny)<\/p>\n<p>WARTO\u015a\u0106 OD\u017bYWCZA w 100 g<br \/>Warto\u015b\u0107 energetyczna: 851 kJ \/ 207 kcal<br \/>T\u0142uszcz: 22 g<br \/>w tym kwasy t\u0142uszczowe nasycone: 2,9 g<br \/>W\u0119glowodany: 1,0 g<br \/>w tym cukry: &lt;0,5 g<br \/>Bia\u0142ko: 1,3 g<br \/>S\u00f3l: 2,6 g<\/p>\n<p>UWAGA<br \/>Produkt mo\u017ce zawiera\u0107 pozosta\u0142o\u015bci pestek!<\/p>\n<p>ZALECANE WARUNKI PRZECHOWYWANIA<br \/>Przechowywa\u0107 w temperaturze od +4 do +8\u00b0C.&nbsp;Spo\u017cy\u0107 w ci\u0105gu 4-5 dni od otwarcia.<\/p>","protected":false},"excerpt":{"rendered":"<p>SK\u0141ADNIKIzielone i czarne oliwki* (92 %), zio\u0142a* (3 %) (bazylia*, natka pietruszki*, oregano*, tymianek*, rozmaryn*), olej s\u0142onecznikowy*, s\u00f3l morska, oliwa z oliwek*, skoncentrowany sok z cytryny*, p\u0142atki ziemniaczane*. (*certyfikowany sk\u0142adnik ekologiczny) WARTO\u015a\u0106 OD\u017bYWCZA w 100 gWarto\u015b\u0107 energetyczna: 851 kJ \/ 207 kcalT\u0142uszcz: 22 gw tym kwasy t\u0142uszczowe nasycone: 2,9 gW\u0119glowodany: 1,0 gw tym cukry: &lt;0,5 [&hellip;]<\/p>","protected":false},"featured_media":10770,"comment_status":"closed","ping_status":"open","template":"","meta":{"_acf_changed":false},"product_brand":[],"product_cat":[274,1117],"product_tag":[],"class_list":{"0":"post-10769","1":"product","2":"type-product","3":"status-publish","4":"has-post-thumbnail","6":"product_cat-lodowka-inne","7":"product_cat-warzywa-i-owoce-przetworzone","8":"pa_ean-matka-8161","9":"pa_gwarancja-przydatnosci-6614","10":"pa_ilosc-w-opakowaniu-543","11":"pa_jednostka-podstawowa-szt","12":"pa_kod-cn-2005-70-00","13":"pa_masa-netto-1271","14":"pa_objetosc-brutto-3304","15":"pa_producent-bio-verde-oliwki-sery-makarony-przystawki","16":"pa_producent-nazwa-adres-isana-naturfeinkost-gmbh-co-kg","17":"pa_tagi-bez-cukru-w-skladnikach","18":"pa_tagi-bez-glutenu-w-skladnikach","19":"pa_tagi-certyfikat-bio","20":"pa_tagi-weganski","21":"pa_tagi-wegetarianski","23":"first","24":"instock","25":"taxable","26":"shipping-taxable","27":"purchasable","28":"product-type-simple"},"acf":[],"_links":{"self":[{"href":"https:\/\/wiejskieprzysmaki.estima.site\/en\/wp-json\/wp\/v2\/product\/10769","targetHints":{"allow":["GET"]}}],"collection":[{"href":"https:\/\/wiejskieprzysmaki.estima.site\/en\/wp-json\/wp\/v2\/product"}],"about":[{"href":"https:\/\/wiejskieprzysmaki.estima.site\/en\/wp-json\/wp\/v2\/types\/product"}],"replies":[{"embeddable":true,"href":"https:\/\/wiejskieprzysmaki.estima.site\/en\/wp-json\/wp\/v2\/comments?post=10769"}],"wp:featuredmedia":[{"embeddable":true,"href":"https:\/\/wiejskieprzysmaki.estima.site\/en\/wp-json\/wp\/v2\/media\/10770"}],"wp:attachment":[{"href":"https:\/\/wiejskieprzysmaki.estima.site\/en\/wp-json\/wp\/v2\/media?parent=10769"}],"wp:term":[{"taxonomy":"product_brand","embeddable":true,"href":"https:\/\/wiejskieprzysmaki.estima.site\/en\/wp-json\/wp\/v2\/product_brand?post=10769"},{"taxonomy":"product_cat","embeddable":true,"href":"https:\/\/wiejskieprzysmaki.estima.site\/en\/wp-json\/wp\/v2\/product_cat?post=10769"},{"taxonomy":"product_tag","embeddable":true,"href":"https:\/\/wiejskieprzysmaki.estima.site\/en\/wp-json\/wp\/v2\/product_tag?post=10769"}],"curies":[{"name":"wp","href":"https:\/\/api.w.org\/{rel}","templated":true}]}}