{"id":10773,"date":"2025-02-18T12:23:44","date_gmt":"2025-02-18T11:23:44","guid":{"rendered":"https:\/\/wiejskieprzysmaki.estima.site\/produkt\/dzem-malinowy-bio-340-g-bionova\/"},"modified":"2025-02-18T12:23:51","modified_gmt":"2025-02-18T11:23:51","slug":"dzem-malinowy-bio-340-g-bionova","status":"publish","type":"product","link":"https:\/\/wiejskieprzysmaki.estima.site\/en\/product\/dzem-malinowy-bio-340-g-bionova\/","title":{"rendered":"D\u017bEM MALINOWY BIO 340 g &#8211; BIONOVA"},"content":{"rendered":"<p>SK\u0141ADNIKI<br \/>cukier trzcinowy*, maliny* 41 %, koncentrat z cytryny*, substancja \u017celuj\u0105ca: pektyna (pektyna, dekstroza). (* certyfikowany sk\u0142adnik ekologiczny).<\/p>\n<p>OPIS<br \/>Sporz\u0105dzono z 41 g owocu na 100 g produktu. \u0141\u0105czna zawarto\u015b\u0107 cukru 50 g na 100 g produktu.&nbsp;<\/p>\n<p>WARTO\u015a\u0106 OD\u017bYWCZA W 100 g<br \/>Warto\u015b\u0107 energetyczna: 860 kJ\/206 kcal<br \/>T\u0142uszcz: 0 g <br \/>w tym kwasy t\u0142uszczowe nasycone: 0 g <br \/>W\u0119glowodany: 50 g<br \/>w tym cukry: 50 g<br \/>B\u0142onnik: 4,3 g<br \/>Bia\u0142ko: 0,42 g<br \/>S\u00f3l: 0,03 g<\/p>\n<p>ZALECANE WARUNKI PRZECHOWYWANIA<br \/>Po otwarciu przechowywa\u0107 w lod\u00f3wce. <\/p>","protected":false},"excerpt":{"rendered":"<p>SK\u0141ADNIKIcukier trzcinowy*, maliny* 41 %, koncentrat z cytryny*, substancja \u017celuj\u0105ca: pektyna (pektyna, dekstroza). (* certyfikowany sk\u0142adnik ekologiczny). OPISSporz\u0105dzono z 41 g owocu na 100 g produktu. \u0141\u0105czna zawarto\u015b\u0107 cukru 50 g na 100 g produktu.&nbsp; WARTO\u015a\u0106 OD\u017bYWCZA W 100 gWarto\u015b\u0107 energetyczna: 860 kJ\/206 kcalT\u0142uszcz: 0 g w tym kwasy t\u0142uszczowe nasycone: 0 g W\u0119glowodany: 50 [&hellip;]<\/p>","protected":false},"featured_media":10774,"comment_status":"closed","ping_status":"open","template":"","meta":{"_acf_changed":false},"product_brand":[],"product_cat":[999,998],"product_tag":[],"class_list":{"0":"post-10773","1":"product","2":"type-product","3":"status-publish","4":"has-post-thumbnail","6":"product_cat-dzemy-konfitury-musy","7":"product_cat-przetwory-warzywne-i-owocowe","8":"pa_ean-matka-8163","9":"pa_gwarancja-przydatnosci-320","10":"pa_ilosc-w-opakowaniu-298","11":"pa_jednostka-podstawowa-szt","12":"pa_kod-cn-2007-99-39","13":"pa_masa-netto-3409","14":"pa_objetosc-brutto-7916","15":"pa_producent-bionova-sosy-marmolady-dzemy","16":"pa_producent-nazwa-adres-fz-organic-food-trafo-oppers-58-8471-zm-wolvega","17":"pa_tagi-bez-glutenu-w-skladnikach","18":"pa_tagi-certyfikat-bio","19":"pa_tagi-weganski","20":"pa_tagi-wegetarianski","22":"first","23":"instock","24":"taxable","25":"shipping-taxable","26":"purchasable","27":"product-type-simple"},"acf":[],"_links":{"self":[{"href":"https:\/\/wiejskieprzysmaki.estima.site\/en\/wp-json\/wp\/v2\/product\/10773","targetHints":{"allow":["GET"]}}],"collection":[{"href":"https:\/\/wiejskieprzysmaki.estima.site\/en\/wp-json\/wp\/v2\/product"}],"about":[{"href":"https:\/\/wiejskieprzysmaki.estima.site\/en\/wp-json\/wp\/v2\/types\/product"}],"replies":[{"embeddable":true,"href":"https:\/\/wiejskieprzysmaki.estima.site\/en\/wp-json\/wp\/v2\/comments?post=10773"}],"wp:featuredmedia":[{"embeddable":true,"href":"https:\/\/wiejskieprzysmaki.estima.site\/en\/wp-json\/wp\/v2\/media\/10774"}],"wp:attachment":[{"href":"https:\/\/wiejskieprzysmaki.estima.site\/en\/wp-json\/wp\/v2\/media?parent=10773"}],"wp:term":[{"taxonomy":"product_brand","embeddable":true,"href":"https:\/\/wiejskieprzysmaki.estima.site\/en\/wp-json\/wp\/v2\/product_brand?post=10773"},{"taxonomy":"product_cat","embeddable":true,"href":"https:\/\/wiejskieprzysmaki.estima.site\/en\/wp-json\/wp\/v2\/product_cat?post=10773"},{"taxonomy":"product_tag","embeddable":true,"href":"https:\/\/wiejskieprzysmaki.estima.site\/en\/wp-json\/wp\/v2\/product_tag?post=10773"}],"curies":[{"name":"wp","href":"https:\/\/api.w.org\/{rel}","templated":true}]}}