{"id":10779,"date":"2025-02-18T12:23:54","date_gmt":"2025-02-18T11:23:54","guid":{"rendered":"https:\/\/wiejskieprzysmaki.estima.site\/produkt\/makaron-semolinowy-fusilli-bio-5-kg-horeca\/"},"modified":"2025-02-18T12:23:54","modified_gmt":"2025-02-18T11:23:54","slug":"makaron-semolinowy-fusilli-bio-5-kg-horeca","status":"publish","type":"product","link":"https:\/\/wiejskieprzysmaki.estima.site\/en\/product\/makaron-semolinowy-fusilli-bio-5-kg-horeca\/","title":{"rendered":"MAKARON (SEMOLINOWY) FUSILLI BIO 5 kg &#8211; HORECA"},"content":{"rendered":"<p>SK\u0141ADNIKI<br \/>ekologiczna semolina (m\u0105ka z PSZENICY durum).<\/p>\n<p>SPOS\u00d3B PRZYGOTOWANIA<br \/>Makaron gotowa\u0107 we wrz\u0105cej, osolonej wodzie (1 l wody na 100 g makaronu), przez 8-9 minut, od czasu do czasu mieszaj\u0105c.<br \/>(Podany czas gotowania nale\u017cy traktowa\u0107 w przybli\u017ceniu).<\/p>\n<p>WARTO\u015a\u0106 OD\u017bYWCZA W 100 g<br \/>Warto\u015b\u0107 energetyczna &#8211; 1499 kJ\/354 kcal<br \/>T\u0142uszcz &#8211; 1,3 g<br \/>w tym kwasy t\u0142uszczowe nasycone &#8211; 0,2 g<br \/>W\u0119glowodany &#8211; 72 g<br \/>w tym cukry &#8211; 2,3 g<br \/>B\u0142onnik &#8211; 2,9 g<br \/>Bia\u0142ko &#8211; 12 g<br \/>S\u00f3l &#8211; 0,02 g<\/p>\n<p>INFORMACJA ALERGENNA<br \/>Mo\u017ce zawiera\u0107 SOJ\u0118 i gorczyc\u0119<\/p>\n<p>ZALECANE WARUNKI PRZECHOWYWANIA<br \/>Przechowywa\u0107 w temperaturze 5 &#8211; 28\u00b0C, w ch\u0142odnym i suchym miejscu, z dala od ciep\u0142a i \u015bwiat\u0142a.&nbsp;<\/p>","protected":false},"excerpt":{"rendered":"<p>SK\u0141ADNIKIekologiczna semolina (m\u0105ka z PSZENICY durum). SPOS\u00d3B PRZYGOTOWANIAMakaron gotowa\u0107 we wrz\u0105cej, osolonej wodzie (1 l wody na 100 g makaronu), przez 8-9 minut, od czasu do czasu mieszaj\u0105c.(Podany czas gotowania nale\u017cy traktowa\u0107 w przybli\u017ceniu). WARTO\u015a\u0106 OD\u017bYWCZA W 100 gWarto\u015b\u0107 energetyczna &#8211; 1499 kJ\/354 kcalT\u0142uszcz &#8211; 1,3 gw tym kwasy t\u0142uszczowe nasycone &#8211; 0,2 gW\u0119glowodany &#8211; [&hellip;]<\/p>","protected":false},"featured_media":10780,"comment_status":"closed","ping_status":"open","template":"","meta":{"_acf_changed":false},"product_brand":[],"product_cat":[1162,1246],"product_tag":[],"class_list":{"0":"post-10779","1":"product","2":"type-product","3":"status-publish","4":"has-post-thumbnail","6":"product_cat-makarony","7":"product_cat-zbozowe-z-glutenem","8":"pa_ean-matka-8170","9":"pa_gwarancja-przydatnosci-301","10":"pa_ilosc-w-opakowaniu-1487","11":"pa_jednostka-podstawowa-szt","12":"pa_kod-cn-1902-19-10","13":"pa_kraj-pochodzenia-skladnikow-wlochy","14":"pa_masa-netto-1488","15":"pa_objetosc-brutto-8169","16":"pa_producent-horeca-bio-pozostale","17":"pa_producent-nazwa-adres-cooperativa-agricola-montana-piante-officinali-e-prodotti-agc-a-m-p-o-s-c-a-strada-castelgagliardo-3-61030-isola-del-piano-pu","18":"pa_tagi-bez-cukru-w-skladnikach","19":"pa_tagi-certyfikat-bio","20":"pa_tagi-weganski","21":"pa_tagi-wegetarianski","23":"first","24":"instock","25":"taxable","26":"shipping-taxable","27":"purchasable","28":"product-type-simple"},"acf":[],"_links":{"self":[{"href":"https:\/\/wiejskieprzysmaki.estima.site\/en\/wp-json\/wp\/v2\/product\/10779","targetHints":{"allow":["GET"]}}],"collection":[{"href":"https:\/\/wiejskieprzysmaki.estima.site\/en\/wp-json\/wp\/v2\/product"}],"about":[{"href":"https:\/\/wiejskieprzysmaki.estima.site\/en\/wp-json\/wp\/v2\/types\/product"}],"replies":[{"embeddable":true,"href":"https:\/\/wiejskieprzysmaki.estima.site\/en\/wp-json\/wp\/v2\/comments?post=10779"}],"wp:featuredmedia":[{"embeddable":true,"href":"https:\/\/wiejskieprzysmaki.estima.site\/en\/wp-json\/wp\/v2\/media\/10780"}],"wp:attachment":[{"href":"https:\/\/wiejskieprzysmaki.estima.site\/en\/wp-json\/wp\/v2\/media?parent=10779"}],"wp:term":[{"taxonomy":"product_brand","embeddable":true,"href":"https:\/\/wiejskieprzysmaki.estima.site\/en\/wp-json\/wp\/v2\/product_brand?post=10779"},{"taxonomy":"product_cat","embeddable":true,"href":"https:\/\/wiejskieprzysmaki.estima.site\/en\/wp-json\/wp\/v2\/product_cat?post=10779"},{"taxonomy":"product_tag","embeddable":true,"href":"https:\/\/wiejskieprzysmaki.estima.site\/en\/wp-json\/wp\/v2\/product_tag?post=10779"}],"curies":[{"name":"wp","href":"https:\/\/api.w.org\/{rel}","templated":true}]}}