{"id":10793,"date":"2025-02-18T12:23:54","date_gmt":"2025-02-18T11:23:54","guid":{"rendered":"https:\/\/wiejskieprzysmaki.estima.site\/produkt\/rurki-waflowe-kokosowo-czekoladowe-bezglutenowe-bio-140-g-amaizin\/"},"modified":"2025-02-18T12:24:08","modified_gmt":"2025-02-18T11:24:08","slug":"rurki-waflowe-kokosowo-czekoladowe-bezglutenowe-bio-140-g-amaizin","status":"publish","type":"product","link":"https:\/\/wiejskieprzysmaki.estima.site\/en\/product\/rurki-waflowe-kokosowo-czekoladowe-bezglutenowe-bio-140-g-amaizin\/","title":{"rendered":"RURKI WAFLOWE KOKOSOWO &#8211; CZEKOLADOWE BEZGLUTENOWE BIO 140 g &#8211; AMAIZIN"},"content":{"rendered":"<p>SK\u0141ADNIKI<br \/>nap\u00f3j kokosowy* 60 %, m\u0105ka ry\u017cowa*, m\u0105ka z manioku*, cukier kokosowy*, cukier trzcinowy*, miazga kakaowa* 5 %. (*certyfikowany sk\u0142adnik ekologiczny)<\/p>\n<p>OPIS<br \/>Amaizin Coco Crispy Rolls &#8211; s\u0142odkie, chrupi\u0105ce i wykonane z ekologicznego napoju kokosowego ze Sri Lanki. Ca\u0142kowicie naturalne sk\u0142adniki, bezglutenowe i w 100 % wega\u0144skie.&nbsp;<br \/>Je\u015bli jeste\u015b entuzjast\u0105 kokosa lub po prostu masz ochot\u0119 na s\u0142odki pocz\u0119stunek, to rurki s\u0105 dla Ciebie odpowiednie. Teraz jeste\u015bmy na fali! Nie przegap naszych Coco Crispy Roll Chocolate.&nbsp;<br \/>Wskaz\u00f3wka: zjedz pyszne Coco Crispy Rolls jako chrupi\u0105c\u0105 przek\u0105sk\u0119, posyp ni\u0105 deser lub delektuj si\u0119 nimi z kaw\u0105 lub herbat\u0105.&nbsp;<\/p>\n<p>WARTO\u015a\u0106 OD\u017bYWCZA w 100 g <br \/>Warto\u015b\u0107 energetyczna: 2153 kJ \/ 514 kcal<br \/>T\u0142uszcz: 28 g<br \/>w tym kwasy t\u0142uszczowe nasycone: 26 g<br \/>W\u0119glowodany: 64 g<br \/>w tym cukry: 20 g<br \/>Bia\u0142ko: 4,8 g<br \/>S\u00f3l: 0,1 g<\/p>\n<p>ZALECANE WARUNKI PRZECHOWYWANIA<br \/>Przechowywa\u0107 w suchym i ch\u0142odnym miejscu<\/p>","protected":false},"excerpt":{"rendered":"<p>SK\u0141ADNIKInap\u00f3j kokosowy* 60 %, m\u0105ka ry\u017cowa*, m\u0105ka z manioku*, cukier kokosowy*, cukier trzcinowy*, miazga kakaowa* 5 %. (*certyfikowany sk\u0142adnik ekologiczny) OPISAmaizin Coco Crispy Rolls &#8211; s\u0142odkie, chrupi\u0105ce i wykonane z ekologicznego napoju kokosowego ze Sri Lanki. Ca\u0142kowicie naturalne sk\u0142adniki, bezglutenowe i w 100 % wega\u0144skie.&nbsp;Je\u015bli jeste\u015b entuzjast\u0105 kokosa lub po prostu masz ochot\u0119 na s\u0142odki [&hellip;]<\/p>","protected":false},"featured_media":10794,"comment_status":"closed","ping_status":"open","template":"","meta":{"_acf_changed":false},"product_brand":[],"product_cat":[465,139],"product_tag":[],"class_list":{"0":"post-10793","1":"product","2":"type-product","3":"status-publish","4":"has-post-thumbnail","6":"product_cat-batony-wafelki-sezamki","7":"product_cat-slodycze-i-przekaski","8":"pa_ean-matka-8180","9":"pa_gwarancja-przydatnosci-311","10":"pa_ilosc-w-opakowaniu-298","11":"pa_jednostka-podstawowa-szt","12":"pa_kod-cn-1905-90-20","13":"pa_masa-netto-1330","14":"pa_objetosc-brutto-8178","15":"pa_producent-amaizin-napoje-kokosowe-tortilla-chipsy-inne","16":"pa_producent-nazwa-adres-do-it-consumer-products-bv","17":"pa_tagi-bez-glutenu-deklaracja","18":"pa_tagi-bez-glutenu-w-skladnikach","19":"pa_tagi-certyfikat-bio","20":"pa_tagi-weganski","21":"pa_tagi-wegetarianski","23":"first","24":"instock","25":"taxable","26":"shipping-taxable","27":"purchasable","28":"product-type-simple"},"acf":[],"_links":{"self":[{"href":"https:\/\/wiejskieprzysmaki.estima.site\/en\/wp-json\/wp\/v2\/product\/10793","targetHints":{"allow":["GET"]}}],"collection":[{"href":"https:\/\/wiejskieprzysmaki.estima.site\/en\/wp-json\/wp\/v2\/product"}],"about":[{"href":"https:\/\/wiejskieprzysmaki.estima.site\/en\/wp-json\/wp\/v2\/types\/product"}],"replies":[{"embeddable":true,"href":"https:\/\/wiejskieprzysmaki.estima.site\/en\/wp-json\/wp\/v2\/comments?post=10793"}],"wp:featuredmedia":[{"embeddable":true,"href":"https:\/\/wiejskieprzysmaki.estima.site\/en\/wp-json\/wp\/v2\/media\/10794"}],"wp:attachment":[{"href":"https:\/\/wiejskieprzysmaki.estima.site\/en\/wp-json\/wp\/v2\/media?parent=10793"}],"wp:term":[{"taxonomy":"product_brand","embeddable":true,"href":"https:\/\/wiejskieprzysmaki.estima.site\/en\/wp-json\/wp\/v2\/product_brand?post=10793"},{"taxonomy":"product_cat","embeddable":true,"href":"https:\/\/wiejskieprzysmaki.estima.site\/en\/wp-json\/wp\/v2\/product_cat?post=10793"},{"taxonomy":"product_tag","embeddable":true,"href":"https:\/\/wiejskieprzysmaki.estima.site\/en\/wp-json\/wp\/v2\/product_tag?post=10793"}],"curies":[{"name":"wp","href":"https:\/\/api.w.org\/{rel}","templated":true}]}}