{"id":10799,"date":"2025-02-18T12:24:10","date_gmt":"2025-02-18T11:24:10","guid":{"rendered":"https:\/\/wiejskieprzysmaki.estima.site\/produkt\/mus-pani-roza-z-pigwowcem-bio-200-g-dary-natury\/"},"modified":"2025-02-18T12:24:10","modified_gmt":"2025-02-18T11:24:10","slug":"mus-pani-roza-z-pigwowcem-bio-200-g-dary-natury","status":"publish","type":"product","link":"https:\/\/wiejskieprzysmaki.estima.site\/en\/product\/mus-pani-roza-z-pigwowcem-bio-200-g-dary-natury\/","title":{"rendered":"MUS PANI R\u00d3\u017bA Z PIGWOWCEM BIO 200 g &#8211; DARY NATURY"},"content":{"rendered":"<p>SK\u0141ADNIKI<br \/>r\u00f3\u017ca owoc* 34 %, pigwowiec owoc* 34 %, cukier*. (*certyfikowany sk\u0142adnik ekologiczny)<\/p>\n<p>OPIS<br \/>Mus z pigwowca z dodatkiem r\u00f3\u017cy jest wy\u015bmienitym dodatkiem do ciast czy deser\u00f3w. \u015awietnie wkomponuje si\u0119 r\u00f3wnie\u017c jako obowi\u0105zkowy sk\u0142adnik ka\u017cdego \u015bniadania czy kolacji. <br \/>Produkt pasteryzowany. <br \/>Wysoka zawarto\u015b\u0107 witaminy C.<\/p>\n<p>WARTO\u015a\u0106 OD\u017bYWCZA w 100 g <br \/>Warto\u015b\u0107 energetyczna: 728 kJ \/ 172 kcal<br \/>T\u0142uszcz: 0,5 g<br \/>w tym kwasy t\u0142uszczowe nasycone: 0,5 g<br \/>W\u0119glowodany: 38 g<br \/>w tym cukry: 37 g<br \/>B\u0142onnik: 8,4 g<br \/>Bia\u0142ko: 0,5 g<br \/>S\u00f3l: 0 g<br \/>Witamina C: 208,9 mg (261 %)**<br \/>** dzienna referencyjna warto\u015b\u0107 spo\u017cycia<\/p>\n<p>ZALECANE WARUNKI PRZECHOWYWANIA<br \/>Przechowywa\u0107 w suchym i ch\u0142odnym miejscu, po otwarciu w lod\u00f3wce.<\/p>","protected":false},"excerpt":{"rendered":"<p>SK\u0141ADNIKIr\u00f3\u017ca owoc* 34 %, pigwowiec owoc* 34 %, cukier*. (*certyfikowany sk\u0142adnik ekologiczny) OPISMus z pigwowca z dodatkiem r\u00f3\u017cy jest wy\u015bmienitym dodatkiem do ciast czy deser\u00f3w. \u015awietnie wkomponuje si\u0119 r\u00f3wnie\u017c jako obowi\u0105zkowy sk\u0142adnik ka\u017cdego \u015bniadania czy kolacji. Produkt pasteryzowany. Wysoka zawarto\u015b\u0107 witaminy C. WARTO\u015a\u0106 OD\u017bYWCZA w 100 g Warto\u015b\u0107 energetyczna: 728 kJ \/ 172 kcalT\u0142uszcz: 0,5 [&hellip;]<\/p>","protected":false},"featured_media":10800,"comment_status":"closed","ping_status":"open","template":"","meta":{"_acf_changed":false},"product_brand":[],"product_cat":[999,998],"product_tag":[],"class_list":{"0":"post-10799","1":"product","2":"type-product","3":"status-publish","4":"has-post-thumbnail","6":"product_cat-dzemy-konfitury-musy","7":"product_cat-przetwory-warzywne-i-owocowe","8":"pa_ean-matka-8186","9":"pa_gwarancja-przydatnosci-324","10":"pa_ilosc-w-opakowaniu-350","11":"pa_jednostka-podstawowa-szt","12":"pa_kod-cn-2007-99-39","13":"pa_masa-netto-354","14":"pa_objetosc-brutto-837","15":"pa_producent-dary-natury-inne","16":"pa_producent-nazwa-adres-dary-natury-sp-z-o-o-koryciny-73-17-315-grodzisk-3","17":"pa_tagi-bez-glutenu-w-skladnikach","18":"pa_tagi-certyfikat-bio","19":"pa_tagi-weganski","20":"pa_tagi-wegetarianski","22":"first","23":"instock","24":"taxable","25":"shipping-taxable","26":"purchasable","27":"product-type-simple"},"acf":[],"_links":{"self":[{"href":"https:\/\/wiejskieprzysmaki.estima.site\/en\/wp-json\/wp\/v2\/product\/10799","targetHints":{"allow":["GET"]}}],"collection":[{"href":"https:\/\/wiejskieprzysmaki.estima.site\/en\/wp-json\/wp\/v2\/product"}],"about":[{"href":"https:\/\/wiejskieprzysmaki.estima.site\/en\/wp-json\/wp\/v2\/types\/product"}],"replies":[{"embeddable":true,"href":"https:\/\/wiejskieprzysmaki.estima.site\/en\/wp-json\/wp\/v2\/comments?post=10799"}],"wp:featuredmedia":[{"embeddable":true,"href":"https:\/\/wiejskieprzysmaki.estima.site\/en\/wp-json\/wp\/v2\/media\/10800"}],"wp:attachment":[{"href":"https:\/\/wiejskieprzysmaki.estima.site\/en\/wp-json\/wp\/v2\/media?parent=10799"}],"wp:term":[{"taxonomy":"product_brand","embeddable":true,"href":"https:\/\/wiejskieprzysmaki.estima.site\/en\/wp-json\/wp\/v2\/product_brand?post=10799"},{"taxonomy":"product_cat","embeddable":true,"href":"https:\/\/wiejskieprzysmaki.estima.site\/en\/wp-json\/wp\/v2\/product_cat?post=10799"},{"taxonomy":"product_tag","embeddable":true,"href":"https:\/\/wiejskieprzysmaki.estima.site\/en\/wp-json\/wp\/v2\/product_tag?post=10799"}],"curies":[{"name":"wp","href":"https:\/\/api.w.org\/{rel}","templated":true}]}}