{"id":10813,"date":"2025-02-18T12:24:10","date_gmt":"2025-02-18T11:24:10","guid":{"rendered":"https:\/\/wiejskieprzysmaki.estima.site\/produkt\/bob-prazony-o-smaku-miodu-i-musztardy-50-g-greenergy\/"},"modified":"2025-02-18T12:24:30","modified_gmt":"2025-02-18T11:24:30","slug":"bob-prazony-o-smaku-miodu-i-musztardy-50-g-greenergy","status":"publish","type":"product","link":"https:\/\/wiejskieprzysmaki.estima.site\/en\/product\/bob-prazony-o-smaku-miodu-i-musztardy-50-g-greenergy\/","title":{"rendered":"B\u00d3B PRA\u017bONY O SMAKU MIODU I MUSZTARDY 50 g &#8211; GREENERGY"},"content":{"rendered":"<p>SK\u0141ADNIKI<br \/>b\u00f3b (75,5 %), olej s\u0142onecznikowy, aromaty (mi\u00f3d i musztarda), s\u00f3l morska.<\/p>\n<p>OPIS<br \/>Chipsy z bobu to pyszna ro\u015blinna przek\u0105ska. Zapakowane w niewielk\u0105 paczk\u0119 o wadze 50 gram\u00f3w, kt\u00f3r\u0105 mo\u017cna zabra\u0107 ze sob\u0105 wsz\u0119dzie \u2013 do pracy, na wycieczk\u0119, jako przegryzk\u0119 do samochodu i atrakcyjny, zdrowy dodatek do lunch\u00f3wki nastolatka.&nbsp;Chipsy z bobu to r\u00f3wnie\u017c bogactwo bia\u0142ka ro\u015blinnego i b\u0142onnika, kt\u00f3re jest bardzo po\u017c\u0105danym sk\u0142adnikiem diety wega\u0144skiej.<\/p>\n<p>WARTO\u015a\u0106 OD\u017bYWCZA w 100 g <br \/>Warto\u015b\u0107 energetyczna: 1982 kJ \/ 472 kcal<br \/>T\u0142uszcz: 25 g<br \/>w tym kwasy t\u0142uszczowe nasycone: 2,4 g<br \/>W\u0119glowodany: 47 g<br \/>w tym cukry: 2,2 g<br \/>B\u0142onnik: 17 g<br \/>Bia\u0142ko: 23 g<br \/>S\u00f3l: 1,3 g<\/p>\n<p>INFORMACJA ALERGENNA<br \/>Mo\u017ce zawiera\u0107 ZBO\u017bA ZAWIERAJ\u0104CE GLUTEN, ORZESZKI ZIEMNE, ORZECHY, GORCZYC\u0118, nasiona sezamu.<\/p>\n<p>UWAGA<br \/>Produkt nie jest zalecany dla dzieci z powodu ryzyka zad\u0142awienia.<\/p>\n<p>ZALECANE WARUNKI PRZECHOWYWANIA<br \/>Przechowywa\u0107 w ch\u0142odnym i suchym miejscu.<\/p>","protected":false},"excerpt":{"rendered":"<p>SK\u0141ADNIKIb\u00f3b (75,5 %), olej s\u0142onecznikowy, aromaty (mi\u00f3d i musztarda), s\u00f3l morska. OPISChipsy z bobu to pyszna ro\u015blinna przek\u0105ska. Zapakowane w niewielk\u0105 paczk\u0119 o wadze 50 gram\u00f3w, kt\u00f3r\u0105 mo\u017cna zabra\u0107 ze sob\u0105 wsz\u0119dzie \u2013 do pracy, na wycieczk\u0119, jako przegryzk\u0119 do samochodu i atrakcyjny, zdrowy dodatek do lunch\u00f3wki nastolatka.&nbsp;Chipsy z bobu to r\u00f3wnie\u017c bogactwo bia\u0142ka ro\u015blinnego [&hellip;]<\/p>","protected":false},"featured_media":10814,"comment_status":"closed","ping_status":"open","template":"","meta":{"_acf_changed":false},"product_brand":[],"product_cat":[422,139],"product_tag":[],"class_list":{"0":"post-10813","1":"product","2":"type-product","3":"status-publish","4":"has-post-thumbnail","6":"product_cat-chipsy-chrupki-popcorn","7":"product_cat-slodycze-i-przekaski","8":"pa_ean-matka-8200","9":"pa_gwarancja-przydatnosci-324","10":"pa_ilosc-w-opakowaniu-374","11":"pa_jednostka-podstawowa-szt","12":"pa_kod-cn-2005-99-80","13":"pa_masa-netto-461","14":"pa_objetosc-brutto-7404","15":"pa_producent-greenergy-chipsy-przekaski","16":"pa_producent-nazwa-adres-bluemoor-rynek-glowny-6-32-600-oswiecim-polska","17":"pa_tagi-bez-cukru-w-skladnikach","18":"pa_tagi-bez-glutenu-w-skladnikach","19":"pa_tagi-weganski","20":"pa_tagi-wegetarianski","22":"first","23":"instock","24":"taxable","25":"shipping-taxable","26":"purchasable","27":"product-type-simple"},"acf":[],"_links":{"self":[{"href":"https:\/\/wiejskieprzysmaki.estima.site\/en\/wp-json\/wp\/v2\/product\/10813","targetHints":{"allow":["GET"]}}],"collection":[{"href":"https:\/\/wiejskieprzysmaki.estima.site\/en\/wp-json\/wp\/v2\/product"}],"about":[{"href":"https:\/\/wiejskieprzysmaki.estima.site\/en\/wp-json\/wp\/v2\/types\/product"}],"replies":[{"embeddable":true,"href":"https:\/\/wiejskieprzysmaki.estima.site\/en\/wp-json\/wp\/v2\/comments?post=10813"}],"wp:featuredmedia":[{"embeddable":true,"href":"https:\/\/wiejskieprzysmaki.estima.site\/en\/wp-json\/wp\/v2\/media\/10814"}],"wp:attachment":[{"href":"https:\/\/wiejskieprzysmaki.estima.site\/en\/wp-json\/wp\/v2\/media?parent=10813"}],"wp:term":[{"taxonomy":"product_brand","embeddable":true,"href":"https:\/\/wiejskieprzysmaki.estima.site\/en\/wp-json\/wp\/v2\/product_brand?post=10813"},{"taxonomy":"product_cat","embeddable":true,"href":"https:\/\/wiejskieprzysmaki.estima.site\/en\/wp-json\/wp\/v2\/product_cat?post=10813"},{"taxonomy":"product_tag","embeddable":true,"href":"https:\/\/wiejskieprzysmaki.estima.site\/en\/wp-json\/wp\/v2\/product_tag?post=10813"}],"curies":[{"name":"wp","href":"https:\/\/api.w.org\/{rel}","templated":true}]}}