{"id":10823,"date":"2025-02-18T12:24:40","date_gmt":"2025-02-18T11:24:40","guid":{"rendered":"https:\/\/wiejskieprzysmaki.estima.site\/produkt\/czekolada-creamy-z-truskawkami-bez-dodatku-cukrow-bio-40-g-cocoa\/"},"modified":"2025-02-18T12:24:42","modified_gmt":"2025-02-18T11:24:42","slug":"czekolada-creamy-z-truskawkami-bez-dodatku-cukrow-bio-40-g-cocoa","status":"publish","type":"product","link":"https:\/\/wiejskieprzysmaki.estima.site\/en\/product\/czekolada-creamy-z-truskawkami-bez-dodatku-cukrow-bio-40-g-cocoa\/","title":{"rendered":"CZEKOLADA CREAMY Z TRUSKAWKAMI BEZ DODATKU CUKR\u00d3W BIO 40 g &#8211; COCOA"},"content":{"rendered":"<p>SK\u0141ADNIKI<br \/>t\u0142uszcz kakaowy*, inulina*, substancja s\u0142odz\u0105ca: erytrytol*, MIGDA\u0141Y*, sproszkowany nap\u00f3j OWSIANY*, niepra\u017cone ziarno kakao*, sproszkowany mi\u0105\u017csz kokosowy*, naturalne aromaty, liofilizowane truskawki* 2 %, emulgator: lecytyny (ze s\u0142onecznika*). (*certyfikowany sk\u0142adnik ekologiczny).<br \/>Masa kakaowa min. 31 %.<\/p>\n<p>OPIS<br \/>Nasza autorska kremowa czekolada to prawdziwa gratka dla mi\u0142o\u015bnik\u00f3w kremowo\u015bci! Jest niezwykle subtelna w smaku dzi\u0119ki u\u017cyciu czystego mi\u0105\u017cszu kokosowego. Surowa czekolada zapewnia nam intensywny smak ziaren peruwia\u0144skiego kakaowca, kt\u00f3re \u015bwietnie komponuj\u0105 si\u0119 z nutami owocowymi. Gwarantujemy, \u017ce ta kombinacja zaskoczy\u0142a pozytywnie ju\u017c niejednego smakosza s\u0142odkich przek\u0105sek!<br \/>Zawiera substancj\u0119 s\u0142odz\u0105c\u0105. Spo\u017cycie w nadmiernych ilo\u015bciach mo\u017ce mie\u0107 efekt przeczyszczaj\u0105cy.<\/p>\n<p>WARTO\u015a\u0106 OD\u017bYWCZA W 100 g<br \/>Warto\u015b\u0107 energetyczna: 1897 kJ\/456 kcal<br \/>T\u0142uszcz: 36 g<br \/>w tym kwasy t\u0142uszczowe nasycone: 20 g<br \/>W\u0119glowodany: 28 g<br \/>w tym cukry: 6,1 g<br \/>w tym poliole: 15 g<br \/>B\u0142onnik: 26 g<br \/>Bia\u0142ko: 5,8 g<br \/>S\u00f3l: 0,21 g<\/p>\n<p>INFORMACJA ALERGENNA<br \/>Produkt mo\u017ce zawiera\u0107 ORZESZKI ZIEMNE i inne ORZECHY.<\/p>\n<p>ZALECANE WARUNKI PRZECHOWYWANIA<br \/>Przechowywa\u0107 w suchym i ch\u0142odnym miejscu.<\/p>","protected":false},"excerpt":{"rendered":"<p>SK\u0141ADNIKIt\u0142uszcz kakaowy*, inulina*, substancja s\u0142odz\u0105ca: erytrytol*, MIGDA\u0141Y*, sproszkowany nap\u00f3j OWSIANY*, niepra\u017cone ziarno kakao*, sproszkowany mi\u0105\u017csz kokosowy*, naturalne aromaty, liofilizowane truskawki* 2 %, emulgator: lecytyny (ze s\u0142onecznika*). (*certyfikowany sk\u0142adnik ekologiczny).Masa kakaowa min. 31 %. OPISNasza autorska kremowa czekolada to prawdziwa gratka dla mi\u0142o\u015bnik\u00f3w kremowo\u015bci! Jest niezwykle subtelna w smaku dzi\u0119ki u\u017cyciu czystego mi\u0105\u017cszu kokosowego. Surowa czekolada [&hellip;]<\/p>","protected":false},"featured_media":10824,"comment_status":"closed","ping_status":"open","template":"","meta":{"_acf_changed":false},"product_brand":[],"product_cat":[1187,139],"product_tag":[],"class_list":{"0":"post-10823","1":"product","2":"type-product","3":"status-publish","4":"has-post-thumbnail","6":"product_cat-czekolady-i-czekoladki","7":"product_cat-slodycze-i-przekaski","8":"pa_ean-matka-8205","9":"pa_gwarancja-przydatnosci-311","10":"pa_ilosc-w-opakowaniu-3660","11":"pa_jednostka-podstawowa-szt","12":"pa_kod-cn-1806-32-10","13":"pa_masa-netto-351","14":"pa_objetosc-brutto-2480","15":"pa_producent-cocoa-czekolady-i-bakalie-w-surowej-czekoladzie","16":"pa_producent-nazwa-adres-surovital-m-rendak-k-szwed-s-c","17":"pa_tagi-bez-cukru-w-skladnikach","18":"pa_tagi-certyfikat-bio","19":"pa_tagi-weganski","20":"pa_tagi-wegetarianski","22":"first","23":"instock","24":"taxable","25":"shipping-taxable","26":"purchasable","27":"product-type-simple"},"acf":[],"_links":{"self":[{"href":"https:\/\/wiejskieprzysmaki.estima.site\/en\/wp-json\/wp\/v2\/product\/10823","targetHints":{"allow":["GET"]}}],"collection":[{"href":"https:\/\/wiejskieprzysmaki.estima.site\/en\/wp-json\/wp\/v2\/product"}],"about":[{"href":"https:\/\/wiejskieprzysmaki.estima.site\/en\/wp-json\/wp\/v2\/types\/product"}],"replies":[{"embeddable":true,"href":"https:\/\/wiejskieprzysmaki.estima.site\/en\/wp-json\/wp\/v2\/comments?post=10823"}],"wp:featuredmedia":[{"embeddable":true,"href":"https:\/\/wiejskieprzysmaki.estima.site\/en\/wp-json\/wp\/v2\/media\/10824"}],"wp:attachment":[{"href":"https:\/\/wiejskieprzysmaki.estima.site\/en\/wp-json\/wp\/v2\/media?parent=10823"}],"wp:term":[{"taxonomy":"product_brand","embeddable":true,"href":"https:\/\/wiejskieprzysmaki.estima.site\/en\/wp-json\/wp\/v2\/product_brand?post=10823"},{"taxonomy":"product_cat","embeddable":true,"href":"https:\/\/wiejskieprzysmaki.estima.site\/en\/wp-json\/wp\/v2\/product_cat?post=10823"},{"taxonomy":"product_tag","embeddable":true,"href":"https:\/\/wiejskieprzysmaki.estima.site\/en\/wp-json\/wp\/v2\/product_tag?post=10823"}],"curies":[{"name":"wp","href":"https:\/\/api.w.org\/{rel}","templated":true}]}}