{"id":10843,"date":"2025-02-18T12:24:55","date_gmt":"2025-02-18T11:24:55","guid":{"rendered":"https:\/\/wiejskieprzysmaki.estima.site\/produkt\/papryka-slodka-mielona-bezglutenowa-bio-85-g-piec-przemian\/"},"modified":"2025-02-18T12:25:00","modified_gmt":"2025-02-18T11:25:00","slug":"papryka-slodka-mielona-bezglutenowa-bio-85-g-piec-przemian","status":"publish","type":"product","link":"https:\/\/wiejskieprzysmaki.estima.site\/en\/product\/papryka-slodka-mielona-bezglutenowa-bio-85-g-piec-przemian\/","title":{"rendered":"PAPRYKA S\u0141ODKA MIELONA BEZGLUTENOWA BIO 85 g &#8211; PI\u0118\u0106 PRZEMIAN"},"content":{"rendered":"<p>SK\u0141ADNIKI<br \/>ekologiczna papryka s\u0142odka mielona.<\/p>\n<p>WARTO\u015a\u0106 OD\u017bYWCZA w 100 g<br \/>Warto\u015b\u0107 energetyczna: 1494 kJ \/ 357 kcal<br \/>T\u0142uszcz: 13 g<br \/>w tym kwasy t\u0142uszczowe nasycone: 2,1 g<br \/>W\u0119glowodany: 35 g<br \/>w tym cukry: 33 g<br \/>Bia\u0142ko: 15 g<br \/>S\u00f3l: 0,10 g<\/p>\n<p>INFORMACJA ALERGENNA<br \/>Mo\u017ce zawiera\u0107 orzechy.<\/p>\n<p>ZALECANE WARUNKI PRZECHOWYWANIA<br \/>Przechowywa\u0107 w suchym i ch\u0142odnym miejscu, szczelnie zamkni\u0119te.<\/p>","protected":false},"excerpt":{"rendered":"<p>SK\u0141ADNIKIekologiczna papryka s\u0142odka mielona. WARTO\u015a\u0106 OD\u017bYWCZA w 100 gWarto\u015b\u0107 energetyczna: 1494 kJ \/ 357 kcalT\u0142uszcz: 13 gw tym kwasy t\u0142uszczowe nasycone: 2,1 gW\u0119glowodany: 35 gw tym cukry: 33 gBia\u0142ko: 15 gS\u00f3l: 0,10 g INFORMACJA ALERGENNAMo\u017ce zawiera\u0107 orzechy. ZALECANE WARUNKI PRZECHOWYWANIAPrzechowywa\u0107 w suchym i ch\u0142odnym miejscu, szczelnie zamkni\u0119te.<\/p>","protected":false},"featured_media":10844,"comment_status":"closed","ping_status":"open","template":"","meta":{"_acf_changed":false},"product_brand":[],"product_cat":[238,229],"product_tag":[],"class_list":{"0":"post-10843","1":"product","2":"type-product","3":"status-publish","4":"has-post-thumbnail","6":"product_cat-jednorodne","7":"product_cat-przyprawy-i-ziola","8":"pa_ean-matka-8215","9":"pa_gwarancja-przydatnosci-311","10":"pa_ilosc-w-opakowaniu-327","11":"pa_jednostka-podstawowa-szt","12":"pa_kod-cn-0904-22-00","13":"pa_masa-netto-7406","14":"pa_objetosc-brutto-1429","15":"pa_producent-piec-przemian-produkty-spozywcze","16":"pa_producent-nazwa-adres-simpatiko-sp-z-o-o-ul-luze-20-05-092-dabrowa","17":"pa_tagi-bez-cukru-w-skladnikach","18":"pa_tagi-bez-glutenu-deklaracja","19":"pa_tagi-bez-glutenu-w-skladnikach","20":"pa_tagi-certyfikat-bio","21":"pa_tagi-weganski","22":"pa_tagi-wegetarianski","24":"first","25":"instock","26":"taxable","27":"shipping-taxable","28":"purchasable","29":"product-type-simple"},"acf":[],"_links":{"self":[{"href":"https:\/\/wiejskieprzysmaki.estima.site\/en\/wp-json\/wp\/v2\/product\/10843","targetHints":{"allow":["GET"]}}],"collection":[{"href":"https:\/\/wiejskieprzysmaki.estima.site\/en\/wp-json\/wp\/v2\/product"}],"about":[{"href":"https:\/\/wiejskieprzysmaki.estima.site\/en\/wp-json\/wp\/v2\/types\/product"}],"replies":[{"embeddable":true,"href":"https:\/\/wiejskieprzysmaki.estima.site\/en\/wp-json\/wp\/v2\/comments?post=10843"}],"wp:featuredmedia":[{"embeddable":true,"href":"https:\/\/wiejskieprzysmaki.estima.site\/en\/wp-json\/wp\/v2\/media\/10844"}],"wp:attachment":[{"href":"https:\/\/wiejskieprzysmaki.estima.site\/en\/wp-json\/wp\/v2\/media?parent=10843"}],"wp:term":[{"taxonomy":"product_brand","embeddable":true,"href":"https:\/\/wiejskieprzysmaki.estima.site\/en\/wp-json\/wp\/v2\/product_brand?post=10843"},{"taxonomy":"product_cat","embeddable":true,"href":"https:\/\/wiejskieprzysmaki.estima.site\/en\/wp-json\/wp\/v2\/product_cat?post=10843"},{"taxonomy":"product_tag","embeddable":true,"href":"https:\/\/wiejskieprzysmaki.estima.site\/en\/wp-json\/wp\/v2\/product_tag?post=10843"}],"curies":[{"name":"wp","href":"https:\/\/api.w.org\/{rel}","templated":true}]}}