{"id":10851,"date":"2025-02-18T12:24:55","date_gmt":"2025-02-18T11:24:55","guid":{"rendered":"https:\/\/wiejskieprzysmaki.estima.site\/produkt\/ziola-prowansalskie-bezglutenowe-bio-30-g-piec-przemian\/"},"modified":"2025-02-18T12:25:10","modified_gmt":"2025-02-18T11:25:10","slug":"ziola-prowansalskie-bezglutenowe-bio-30-g-piec-przemian","status":"publish","type":"product","link":"https:\/\/wiejskieprzysmaki.estima.site\/en\/product\/ziola-prowansalskie-bezglutenowe-bio-30-g-piec-przemian\/","title":{"rendered":"ZIO\u0141A PROWANSALSKIE BEZGLUTENOWE BIO 30 g &#8211; PI\u0118\u0106 PRZEMIAN"},"content":{"rendered":"<p>SK\u0141ADNIKI<br \/>bazylia*, majeranek*, oregano*, rozmaryn*, cz\u0105ber*, tymianek*. (*certyfikowany sk\u0142adnik ekologiczny)<\/p>\n<p>OPIS<br \/>Zio\u0142a prowansalskie w kuchni:<br \/>dodatek do mi\u0119s i ryb<br \/>do zup, sos\u00f3w, warzyw<br \/>do nabia\u0142u, chleba, mas\u0142a<br \/>pozwalaj\u0105 ograniczy\u0107 s\u00f3l w potrawach<\/p>\n<p>INFORMACJA ALERGENNA<br \/>Mo\u017ce zawiera\u0107 orzechy.<\/p>\n<p>ZALECANE WARUNKI PRZECHOWYWANIA<br \/>Przechowywa\u0107 w suchym i ch\u0142odnym miejscu, szczelnie zamkni\u0119te.<\/p>","protected":false},"excerpt":{"rendered":"<p>SK\u0141ADNIKIbazylia*, majeranek*, oregano*, rozmaryn*, cz\u0105ber*, tymianek*. (*certyfikowany sk\u0142adnik ekologiczny) OPISZio\u0142a prowansalskie w kuchni:dodatek do mi\u0119s i rybdo zup, sos\u00f3w, warzywdo nabia\u0142u, chleba, mas\u0142apozwalaj\u0105 ograniczy\u0107 s\u00f3l w potrawach INFORMACJA ALERGENNAMo\u017ce zawiera\u0107 orzechy. ZALECANE WARUNKI PRZECHOWYWANIAPrzechowywa\u0107 w suchym i ch\u0142odnym miejscu, szczelnie zamkni\u0119te.<\/p>","protected":false},"featured_media":10852,"comment_status":"closed","ping_status":"open","template":"","meta":{"_acf_changed":false},"product_brand":[],"product_cat":[1052,229],"product_tag":[],"class_list":{"0":"post-10851","1":"product","2":"type-product","3":"status-publish","4":"has-post-thumbnail","6":"product_cat-mieszanki-przyprawy-i-ziola","7":"product_cat-przyprawy-i-ziola","8":"pa_ean-matka-8219","9":"pa_gwarancja-przydatnosci-776","10":"pa_ilosc-w-opakowaniu-327","11":"pa_jednostka-podstawowa-szt","12":"pa_kod-cn-2103-90-90","13":"pa_masa-netto-232","14":"pa_objetosc-brutto-1429","15":"pa_producent-piec-przemian-produkty-spozywcze","16":"pa_producent-nazwa-adres-simpatiko-sp-z-o-o-ul-luze-20-05-092-dabrowa","17":"pa_tagi-bez-cukru-w-skladnikach","18":"pa_tagi-bez-glutenu-deklaracja","19":"pa_tagi-bez-glutenu-w-skladnikach","20":"pa_tagi-certyfikat-bio","21":"pa_tagi-weganski","22":"pa_tagi-wegetarianski","24":"first","25":"instock","26":"taxable","27":"shipping-taxable","28":"purchasable","29":"product-type-simple"},"acf":[],"_links":{"self":[{"href":"https:\/\/wiejskieprzysmaki.estima.site\/en\/wp-json\/wp\/v2\/product\/10851","targetHints":{"allow":["GET"]}}],"collection":[{"href":"https:\/\/wiejskieprzysmaki.estima.site\/en\/wp-json\/wp\/v2\/product"}],"about":[{"href":"https:\/\/wiejskieprzysmaki.estima.site\/en\/wp-json\/wp\/v2\/types\/product"}],"replies":[{"embeddable":true,"href":"https:\/\/wiejskieprzysmaki.estima.site\/en\/wp-json\/wp\/v2\/comments?post=10851"}],"wp:featuredmedia":[{"embeddable":true,"href":"https:\/\/wiejskieprzysmaki.estima.site\/en\/wp-json\/wp\/v2\/media\/10852"}],"wp:attachment":[{"href":"https:\/\/wiejskieprzysmaki.estima.site\/en\/wp-json\/wp\/v2\/media?parent=10851"}],"wp:term":[{"taxonomy":"product_brand","embeddable":true,"href":"https:\/\/wiejskieprzysmaki.estima.site\/en\/wp-json\/wp\/v2\/product_brand?post=10851"},{"taxonomy":"product_cat","embeddable":true,"href":"https:\/\/wiejskieprzysmaki.estima.site\/en\/wp-json\/wp\/v2\/product_cat?post=10851"},{"taxonomy":"product_tag","embeddable":true,"href":"https:\/\/wiejskieprzysmaki.estima.site\/en\/wp-json\/wp\/v2\/product_tag?post=10851"}],"curies":[{"name":"wp","href":"https:\/\/api.w.org\/{rel}","templated":true}]}}