{"id":10859,"date":"2025-02-18T12:25:16","date_gmt":"2025-02-18T11:25:16","guid":{"rendered":"https:\/\/wiejskieprzysmaki.estima.site\/produkt\/czekolada-z-orzechami-laskowymi-70-mniej-cukru-bio-40-g-cocoa\/"},"modified":"2025-02-18T12:25:16","modified_gmt":"2025-02-18T11:25:16","slug":"czekolada-z-orzechami-laskowymi-70-mniej-cukru-bio-40-g-cocoa","status":"publish","type":"product","link":"https:\/\/wiejskieprzysmaki.estima.site\/en\/product\/czekolada-z-orzechami-laskowymi-70-mniej-cukru-bio-40-g-cocoa\/","title":{"rendered":"CZEKOLADA Z ORZECHAMI LASKOWYMI 70 % MNIEJ CUKRU BIO 40 g &#8211; COCOA"},"content":{"rendered":"<p>SK\u0141ADNIKI<br \/>inulina*, t\u0142uszcz kakaowy*, niepra\u017cone ziarno kakao*, ORZECHY LASKOWE* 14 %, cukier kokosowy*, MIGDA\u0141Y*, sproszkowany mi\u0105\u017csz kokosowy*, sproszkowany nap\u00f3j OWSIANY*, naturalny aromat, emulgator: lecytyny (ze s\u0142onecznika*), wanilia Bourbon*. (*certyfikowany sk\u0142adnik ekologiczny).<br \/>Zawarto\u015b\u0107 masy kakaowej min. 41 %.<\/p>\n<p>OPIS<br \/>Nasza dobrze znana gwiazda, w nowej ods\u0142onie! 70% mniej cukru, 22 % b\u0142onnika, 6 % bia\u0142ka oraz prebiotyki z inuliny! <br \/>Roztarte wraz z ziarnem kakao MIGDA\u0141Y prze\u0142amuj\u0105 czekoladow\u0105 gorycz nadaj\u0105c tabliczce delikatnie \u201cmlecznego\u201d akcentu. Kakao jest wci\u0105\u017c wyczuwalne, nie w dominuj\u0105cej formie jednak, a raczej, wraz z roztartymi migda\u0142ami tworzy t\u0142o dla wyrazistego smaku orzech\u00f3w laskowych.<\/p>\n<p>WARTO\u015a\u0106 OD\u017bYWCZA W 100 g<br \/>Warto\u015b\u0107 energetyczna: 2252 kJ\/541 kcal<br \/>T\u0142uszcz: 44 g<br \/>w tym kwasy nasycone: 22 g<br \/>W\u0119glowodany: 21 g<br \/>w tym cukry: 15 g<br \/>B\u0142onnik: 22 g<br \/>Bia\u0142ko: 6,0 g<br \/>S\u00f3l: 0,3 g<\/p>\n<p>INFORMACJA ALERGENNA<br \/>Produkt mo\u017ce zawiera\u0107 ORZESZKI ZIEMNE i inne ORZECHY.<\/p>\n<p>ZALECANE WARUNKI PRZECHOWYWANIA<br \/>Przechowywa\u0107 w suchym i ch\u0142odnym miejscu.<\/p>","protected":false},"excerpt":{"rendered":"<p>SK\u0141ADNIKIinulina*, t\u0142uszcz kakaowy*, niepra\u017cone ziarno kakao*, ORZECHY LASKOWE* 14 %, cukier kokosowy*, MIGDA\u0141Y*, sproszkowany mi\u0105\u017csz kokosowy*, sproszkowany nap\u00f3j OWSIANY*, naturalny aromat, emulgator: lecytyny (ze s\u0142onecznika*), wanilia Bourbon*. (*certyfikowany sk\u0142adnik ekologiczny).Zawarto\u015b\u0107 masy kakaowej min. 41 %. OPISNasza dobrze znana gwiazda, w nowej ods\u0142onie! 70% mniej cukru, 22 % b\u0142onnika, 6 % bia\u0142ka oraz prebiotyki z inuliny! [&hellip;]<\/p>","protected":false},"featured_media":10860,"comment_status":"closed","ping_status":"open","template":"","meta":{"_acf_changed":false},"product_brand":[],"product_cat":[1187,139],"product_tag":[],"class_list":{"0":"post-10859","1":"product","2":"type-product","3":"status-publish","4":"has-post-thumbnail","6":"product_cat-czekolady-i-czekoladki","7":"product_cat-slodycze-i-przekaski","8":"pa_ean-matka-8225","9":"pa_gwarancja-przydatnosci-311","10":"pa_ilosc-w-opakowaniu-3660","11":"pa_jednostka-podstawowa-szt","12":"pa_kod-cn-1806-32-10","13":"pa_masa-netto-351","14":"pa_objetosc-brutto-2480","15":"pa_producent-cocoa-czekolady-i-bakalie-w-surowej-czekoladzie","16":"pa_producent-nazwa-adres-surovital-m-rendak-k-szwed-s-c","17":"pa_tagi-certyfikat-bio","18":"pa_tagi-weganski","19":"pa_tagi-wegetarianski","21":"first","22":"instock","23":"taxable","24":"shipping-taxable","25":"purchasable","26":"product-type-simple"},"acf":[],"_links":{"self":[{"href":"https:\/\/wiejskieprzysmaki.estima.site\/en\/wp-json\/wp\/v2\/product\/10859","targetHints":{"allow":["GET"]}}],"collection":[{"href":"https:\/\/wiejskieprzysmaki.estima.site\/en\/wp-json\/wp\/v2\/product"}],"about":[{"href":"https:\/\/wiejskieprzysmaki.estima.site\/en\/wp-json\/wp\/v2\/types\/product"}],"replies":[{"embeddable":true,"href":"https:\/\/wiejskieprzysmaki.estima.site\/en\/wp-json\/wp\/v2\/comments?post=10859"}],"wp:featuredmedia":[{"embeddable":true,"href":"https:\/\/wiejskieprzysmaki.estima.site\/en\/wp-json\/wp\/v2\/media\/10860"}],"wp:attachment":[{"href":"https:\/\/wiejskieprzysmaki.estima.site\/en\/wp-json\/wp\/v2\/media?parent=10859"}],"wp:term":[{"taxonomy":"product_brand","embeddable":true,"href":"https:\/\/wiejskieprzysmaki.estima.site\/en\/wp-json\/wp\/v2\/product_brand?post=10859"},{"taxonomy":"product_cat","embeddable":true,"href":"https:\/\/wiejskieprzysmaki.estima.site\/en\/wp-json\/wp\/v2\/product_cat?post=10859"},{"taxonomy":"product_tag","embeddable":true,"href":"https:\/\/wiejskieprzysmaki.estima.site\/en\/wp-json\/wp\/v2\/product_tag?post=10859"}],"curies":[{"name":"wp","href":"https:\/\/api.w.org\/{rel}","templated":true}]}}