{"id":10865,"date":"2025-02-18T12:25:16","date_gmt":"2025-02-18T11:25:16","guid":{"rendered":"https:\/\/wiejskieprzysmaki.estima.site\/produkt\/kawa-ziarnista-arabica-robusta-kaapi-kerala-espresso-demeter-bio-250-g-lebensbaum\/"},"modified":"2025-02-20T15:23:50","modified_gmt":"2025-02-20T14:23:50","slug":"kawa-ziarnista-arabica-robusta-kaapi-kerala-espresso-demeter-bio-250-g-lebensbaum","status":"publish","type":"product","link":"https:\/\/wiejskieprzysmaki.estima.site\/en\/product\/kawa-ziarnista-arabica-robusta-kaapi-kerala-espresso-demeter-bio-250-g-lebensbaum\/","title":{"rendered":"KAWA ZIARNISTA ARABICA\/ROBUSTA KAAPI KERALA ESPRESSO DEMETER BIO 250 g &#8211; LEBENSBAUM"},"content":{"rendered":"<p>SK\u0141ADNIKI<br \/>ekologiczna kawa arabica i robusta.<\/p>\n<p>OPIS<br \/>Pikantny, wybuchowy i pe\u0142en tre\u015bciwo\u015bci: temperament tej mieszanki espresso Demeter wywodzi si\u0119 z jej dziedzictwa. \u201eKaapi\u201d tak rolnicy z po\u0142udniowych Indii nazywaj\u0105 kaw\u0119, kt\u00f3r\u0105 uprawiaj\u0105 dla nas na wy\u017cynach Kerali (1000 metr\u00f3w nad poziomem morza). Warunki s\u0105 idealne: gleba jest bogata w sk\u0142adniki od\u017cywcze, a drzewa cieniuj\u0105ce obficie wyginaj\u0105 si\u0119 nad krzewami kawy. Mnogo\u015b\u0107 flory i fauny sprawia, \u017ce \u200b\u200bten tropikalny region g\u00f3rski jest jednym z najbardziej r\u00f3\u017cnorodnych biologicznie na \u015bwiecie. Stosuj\u0105c metody uprawy Demeter, plantatorzy kawy z naszej partnerskiej plantacji chroni\u0105 ten wyj\u0105tkowy krajobraz i zbieraj\u0105 kaw\u0119 Arabica i Robusta o rzadkiej jako\u015bci. <\/p>\n<p>SPOS\u00d3B PRZYGOTOWANIA<br \/>Zaparza\u0107 za pomoc\u0105 filtra przy u\u017cyciu kawiarki lub ekspresu do kawy<\/p>\n<p>ZALECANE WARUNKI PRZECHOWYWANIA<br \/>Przechowywa\u0107 w suchym i ch\u0142odnym miejscu.<br \/>Po otwarciu przechowywa\u0107 w szczelnie zamkni\u0119tym opakowaniu.<\/p>","protected":false},"excerpt":{"rendered":"<p>SK\u0141ADNIKIekologiczna kawa arabica i robusta. OPISPikantny, wybuchowy i pe\u0142en tre\u015bciwo\u015bci: temperament tej mieszanki espresso Demeter wywodzi si\u0119 z jej dziedzictwa. \u201eKaapi\u201d tak rolnicy z po\u0142udniowych Indii nazywaj\u0105 kaw\u0119, kt\u00f3r\u0105 uprawiaj\u0105 dla nas na wy\u017cynach Kerali (1000 metr\u00f3w nad poziomem morza). Warunki s\u0105 idealne: gleba jest bogata w sk\u0142adniki od\u017cywcze, a drzewa cieniuj\u0105ce obficie wyginaj\u0105 si\u0119 [&hellip;]<\/p>","protected":false},"featured_media":10866,"comment_status":"closed","ping_status":"open","template":"","meta":{"_acf_changed":false},"product_brand":[],"product_cat":[897],"product_tag":[],"class_list":{"0":"post-10865","1":"product","2":"type-product","3":"status-publish","4":"has-post-thumbnail","6":"product_cat-kawa-i-kakao","7":"pa_ean-matka-8229","8":"pa_gwarancja-przydatnosci-320","9":"pa_ilosc-w-opakowaniu-298","10":"pa_jednostka-podstawowa-szt","11":"pa_kod-cn-0901-21-00","12":"pa_masa-netto-480","13":"pa_objetosc-brutto-2834","14":"pa_producent-lebensbaum-przyprawy-herbaty-kawy","15":"pa_producent-nazwa-adres-ulrich-walter-gmbh-dr-jurgen-ulderup-str-12-49356-diepholz","16":"pa_tagi-bez-cukru-w-skladnikach","17":"pa_tagi-bez-glutenu-w-skladnikach","18":"pa_tagi-certyfikat-bio","19":"pa_tagi-weganski","20":"pa_tagi-wegetarianski","22":"first","23":"instock","24":"taxable","25":"shipping-taxable","26":"purchasable","27":"product-type-simple"},"acf":[],"_links":{"self":[{"href":"https:\/\/wiejskieprzysmaki.estima.site\/en\/wp-json\/wp\/v2\/product\/10865","targetHints":{"allow":["GET"]}}],"collection":[{"href":"https:\/\/wiejskieprzysmaki.estima.site\/en\/wp-json\/wp\/v2\/product"}],"about":[{"href":"https:\/\/wiejskieprzysmaki.estima.site\/en\/wp-json\/wp\/v2\/types\/product"}],"replies":[{"embeddable":true,"href":"https:\/\/wiejskieprzysmaki.estima.site\/en\/wp-json\/wp\/v2\/comments?post=10865"}],"wp:featuredmedia":[{"embeddable":true,"href":"https:\/\/wiejskieprzysmaki.estima.site\/en\/wp-json\/wp\/v2\/media\/10866"}],"wp:attachment":[{"href":"https:\/\/wiejskieprzysmaki.estima.site\/en\/wp-json\/wp\/v2\/media?parent=10865"}],"wp:term":[{"taxonomy":"product_brand","embeddable":true,"href":"https:\/\/wiejskieprzysmaki.estima.site\/en\/wp-json\/wp\/v2\/product_brand?post=10865"},{"taxonomy":"product_cat","embeddable":true,"href":"https:\/\/wiejskieprzysmaki.estima.site\/en\/wp-json\/wp\/v2\/product_cat?post=10865"},{"taxonomy":"product_tag","embeddable":true,"href":"https:\/\/wiejskieprzysmaki.estima.site\/en\/wp-json\/wp\/v2\/product_tag?post=10865"}],"curies":[{"name":"wp","href":"https:\/\/api.w.org\/{rel}","templated":true}]}}