{"id":10869,"date":"2025-02-18T12:25:16","date_gmt":"2025-02-18T11:25:16","guid":{"rendered":"https:\/\/wiejskieprzysmaki.estima.site\/produkt\/przyprawa-umami-do-kuchni-weganskiej-bio-40-g-lebensbaum\/"},"modified":"2025-02-18T12:25:20","modified_gmt":"2025-02-18T11:25:20","slug":"przyprawa-umami-do-kuchni-weganskiej-bio-40-g-lebensbaum","status":"publish","type":"product","link":"https:\/\/wiejskieprzysmaki.estima.site\/en\/product\/przyprawa-umami-do-kuchni-weganskiej-bio-40-g-lebensbaum\/","title":{"rendered":"PRZYPRAWA UMAMI DO KUCHNI WEGA\u0143SKIEJ BIO 40 g &#8211; LEBENSBAUM"},"content":{"rendered":"<p>SK\u0141ADNIKI<br \/>s\u00f3l morska*, SELER*, cebula*, czosnek*, GORCZYCA*, cebula siedmiolatka*, por*, borowiki* (3 %), chrzan* (3 %), pietruszka* (3 %), kozieradka*, czosnek nied\u017awiedzi* (3 %), pieprz*. (*certyfikowany sk\u0142adnik ekologiczny)<\/p>\n<p>OPIS<br \/>Mieszanka dostarczaj\u0105ca pi\u0105ty element smaku: umami. Obfite i pikantne doznanie smakowe, charakterystyczne dla borowik\u00f3w, chrzanu, selera i tym podobnych. Warzywa te \u0142\u0105czymy z porem, pietruszk\u0105 i dzikim czosnkiem w naszej kuchni wegetaria\u0144skiej, aby stworzy\u0107 aromatyczny cud kuchni ro\u015blinnej.<br \/>Polecamy stosowa\u0107 2 \u0142y\u017ceczki przyprawy na 200 g warzyw.<\/p>\n<p>WARTO\u015a\u0106 OD\u017bYWCZA w 100 g<br \/>Warto\u015b\u0107 energetyczna: 987 kJ\/214 kcal<br \/>T\u0142uszcz: 3,8 g<br \/>w tym kwasy t\u0142uszczowe nasycone: 0,4 g<br \/>W\u0119glowodany: 23,9 g<br \/>w tym cukry: 15 g<br \/>Bia\u0142ko: 11,9 g<br \/>S\u00f3l: 33 g<\/p>\n<p>ZALECANE WARUNKI PRZECHOWYWANIA<br \/>Przechowywa\u0107 w suchym miejscu.<\/p>","protected":false},"excerpt":{"rendered":"<p>SK\u0141ADNIKIs\u00f3l morska*, SELER*, cebula*, czosnek*, GORCZYCA*, cebula siedmiolatka*, por*, borowiki* (3 %), chrzan* (3 %), pietruszka* (3 %), kozieradka*, czosnek nied\u017awiedzi* (3 %), pieprz*. (*certyfikowany sk\u0142adnik ekologiczny) OPISMieszanka dostarczaj\u0105ca pi\u0105ty element smaku: umami. Obfite i pikantne doznanie smakowe, charakterystyczne dla borowik\u00f3w, chrzanu, selera i tym podobnych. Warzywa te \u0142\u0105czymy z porem, pietruszk\u0105 i dzikim czosnkiem [&hellip;]<\/p>","protected":false},"featured_media":10870,"comment_status":"closed","ping_status":"open","template":"","meta":{"_acf_changed":false},"product_brand":[],"product_cat":[1052,229],"product_tag":[],"class_list":{"0":"post-10869","1":"product","2":"type-product","3":"status-publish","4":"has-post-thumbnail","6":"product_cat-mieszanki-przyprawy-i-ziola","7":"product_cat-przyprawy-i-ziola","8":"pa_ean-matka-8231","9":"pa_gwarancja-przydatnosci-320","10":"pa_ilosc-w-opakowaniu-298","11":"pa_jednostka-podstawowa-szt","12":"pa_kod-cn-0910-91-90","13":"pa_masa-netto-351","14":"pa_objetosc-brutto-1032","15":"pa_producent-lebensbaum-przyprawy-herbaty-kawy","16":"pa_producent-nazwa-adres-ulrich-walter-gmbh-dr-jurgen-ulderup-str-12-49356-diepholz","17":"pa_tagi-bez-cukru-w-skladnikach","18":"pa_tagi-bez-glutenu-w-skladnikach","19":"pa_tagi-certyfikat-bio","20":"pa_tagi-weganski","21":"pa_tagi-wegetarianski","23":"first","24":"instock","25":"taxable","26":"shipping-taxable","27":"purchasable","28":"product-type-simple"},"acf":[],"_links":{"self":[{"href":"https:\/\/wiejskieprzysmaki.estima.site\/en\/wp-json\/wp\/v2\/product\/10869","targetHints":{"allow":["GET"]}}],"collection":[{"href":"https:\/\/wiejskieprzysmaki.estima.site\/en\/wp-json\/wp\/v2\/product"}],"about":[{"href":"https:\/\/wiejskieprzysmaki.estima.site\/en\/wp-json\/wp\/v2\/types\/product"}],"replies":[{"embeddable":true,"href":"https:\/\/wiejskieprzysmaki.estima.site\/en\/wp-json\/wp\/v2\/comments?post=10869"}],"wp:featuredmedia":[{"embeddable":true,"href":"https:\/\/wiejskieprzysmaki.estima.site\/en\/wp-json\/wp\/v2\/media\/10870"}],"wp:attachment":[{"href":"https:\/\/wiejskieprzysmaki.estima.site\/en\/wp-json\/wp\/v2\/media?parent=10869"}],"wp:term":[{"taxonomy":"product_brand","embeddable":true,"href":"https:\/\/wiejskieprzysmaki.estima.site\/en\/wp-json\/wp\/v2\/product_brand?post=10869"},{"taxonomy":"product_cat","embeddable":true,"href":"https:\/\/wiejskieprzysmaki.estima.site\/en\/wp-json\/wp\/v2\/product_cat?post=10869"},{"taxonomy":"product_tag","embeddable":true,"href":"https:\/\/wiejskieprzysmaki.estima.site\/en\/wp-json\/wp\/v2\/product_tag?post=10869"}],"curies":[{"name":"wp","href":"https:\/\/api.w.org\/{rel}","templated":true}]}}