{"id":10871,"date":"2025-02-18T12:25:16","date_gmt":"2025-02-18T11:25:16","guid":{"rendered":"https:\/\/wiejskieprzysmaki.estima.site\/produkt\/herbatka-granat-pomarancza-bio-75-g-lebensbaum\/"},"modified":"2025-02-18T12:25:21","modified_gmt":"2025-02-18T11:25:21","slug":"herbatka-granat-pomarancza-bio-75-g-lebensbaum","status":"publish","type":"product","link":"https:\/\/wiejskieprzysmaki.estima.site\/en\/product\/herbatka-granat-pomarancza-bio-75-g-lebensbaum\/","title":{"rendered":"HERBATKA GRANAT &#8211; POMARA\u0143CZA BIO 75 g &#8211; LEBENSBAUM"},"content":{"rendered":"<p>SK\u0141ADNIKI<br \/>dzika r\u00f3\u017ca*, miodokrzew*, hibiskus*, li\u015b\u0107 s\u0142odkiej je\u017cyny*, jab\u0142ko*, sk\u00f3rka granatu* 5 %, sk\u00f3rka pomara\u0144czy* 5 %. (*certyfikowany sk\u0142adnik ekologiczny)<\/p>\n<p>OPIS<br \/>Delikatnie cierpki i owocowy \u2013 si\u0142a szlachetnych owoc\u00f3w.<br \/>Pomara\u0144cza i granat nadaj\u0105 ton tej mieszance. Krzew miodu, hibiskus, jab\u0142ko i li\u015b\u0107 s\u0142odkiej je\u017cyny harmonijnie uzupe\u0142niaj\u0105 t\u0119 herbat\u0119, kt\u00f3ra mieni si\u0119 pomara\u0144czowo-czerwon\u0105 barw\u0105. Zar\u00f3wno pomara\u0144cza, jak i granat to stare ro\u015bliny uprawne o azjatyckich korzeniach. Od wiek\u00f3w podziwiano je ze wzgl\u0119du na pi\u0119kne, bogato ubarwione owoce i pachn\u0105ce kwiaty. Ciesz si\u0119 t\u0105 znakomit\u0105 kompozycj\u0105!<\/p>\n<p>SPOS\u00d3B PRZYGOTOWANIA <br \/>Zala\u0107 wrz\u0105tkiem 1-2 \u0142y\u017ceczki na fili\u017cank\u0119 i odstawi\u0107 na 10 minut.<\/p>\n<p>ZALECANE WARUNKI PRZECHOWYWANIA<br \/>Przechowywa\u0107 w suchym miejscu.<\/p>","protected":false},"excerpt":{"rendered":"<p>SK\u0141ADNIKIdzika r\u00f3\u017ca*, miodokrzew*, hibiskus*, li\u015b\u0107 s\u0142odkiej je\u017cyny*, jab\u0142ko*, sk\u00f3rka granatu* 5 %, sk\u00f3rka pomara\u0144czy* 5 %. (*certyfikowany sk\u0142adnik ekologiczny) OPISDelikatnie cierpki i owocowy \u2013 si\u0142a szlachetnych owoc\u00f3w.Pomara\u0144cza i granat nadaj\u0105 ton tej mieszance. Krzew miodu, hibiskus, jab\u0142ko i li\u015b\u0107 s\u0142odkiej je\u017cyny harmonijnie uzupe\u0142niaj\u0105 t\u0119 herbat\u0119, kt\u00f3ra mieni si\u0119 pomara\u0144czowo-czerwon\u0105 barw\u0105. Zar\u00f3wno pomara\u0144cza, jak i granat [&hellip;]<\/p>","protected":false},"featured_media":10872,"comment_status":"closed","ping_status":"open","template":"","meta":{"_acf_changed":false},"product_brand":[],"product_cat":[282,478],"product_tag":[],"class_list":{"0":"post-10871","1":"product","2":"type-product","3":"status-publish","4":"has-post-thumbnail","6":"product_cat-herbaty-i-ziola","7":"product_cat-ziolowe-owocowe-mieszanki","8":"pa_ean-matka-8232","9":"pa_gwarancja-przydatnosci-320","10":"pa_ilosc-w-opakowaniu-298","11":"pa_jednostka-podstawowa-szt","12":"pa_kod-cn-2106-90-92","13":"pa_masa-netto-1377","14":"pa_objetosc-brutto-5958","15":"pa_producent-lebensbaum-przyprawy-herbaty-kawy","16":"pa_producent-nazwa-adres-ulrich-walter-gmbh-dr-jurgen-ulderup-str-12-49356-diepholz","17":"pa_tagi-bez-cukru-w-skladnikach","18":"pa_tagi-bez-glutenu-w-skladnikach","19":"pa_tagi-certyfikat-bio","20":"pa_tagi-weganski","21":"pa_tagi-wegetarianski","23":"first","24":"instock","25":"taxable","26":"shipping-taxable","27":"purchasable","28":"product-type-simple"},"acf":[],"_links":{"self":[{"href":"https:\/\/wiejskieprzysmaki.estima.site\/en\/wp-json\/wp\/v2\/product\/10871","targetHints":{"allow":["GET"]}}],"collection":[{"href":"https:\/\/wiejskieprzysmaki.estima.site\/en\/wp-json\/wp\/v2\/product"}],"about":[{"href":"https:\/\/wiejskieprzysmaki.estima.site\/en\/wp-json\/wp\/v2\/types\/product"}],"replies":[{"embeddable":true,"href":"https:\/\/wiejskieprzysmaki.estima.site\/en\/wp-json\/wp\/v2\/comments?post=10871"}],"wp:featuredmedia":[{"embeddable":true,"href":"https:\/\/wiejskieprzysmaki.estima.site\/en\/wp-json\/wp\/v2\/media\/10872"}],"wp:attachment":[{"href":"https:\/\/wiejskieprzysmaki.estima.site\/en\/wp-json\/wp\/v2\/media?parent=10871"}],"wp:term":[{"taxonomy":"product_brand","embeddable":true,"href":"https:\/\/wiejskieprzysmaki.estima.site\/en\/wp-json\/wp\/v2\/product_brand?post=10871"},{"taxonomy":"product_cat","embeddable":true,"href":"https:\/\/wiejskieprzysmaki.estima.site\/en\/wp-json\/wp\/v2\/product_cat?post=10871"},{"taxonomy":"product_tag","embeddable":true,"href":"https:\/\/wiejskieprzysmaki.estima.site\/en\/wp-json\/wp\/v2\/product_tag?post=10871"}],"curies":[{"name":"wp","href":"https:\/\/api.w.org\/{rel}","templated":true}]}}