{"id":1090,"date":"2025-02-18T10:34:14","date_gmt":"2025-02-18T09:34:14","guid":{"rendered":"https:\/\/wiejskieprzysmaki.estima.site\/produkt\/soda-oczyszczona-20-g-vitavegan\/"},"modified":"2025-02-18T10:34:25","modified_gmt":"2025-02-18T09:34:25","slug":"soda-oczyszczona-20-g-vitavegan","status":"publish","type":"product","link":"https:\/\/wiejskieprzysmaki.estima.site\/en\/product\/soda-oczyszczona-20-g-vitavegan\/","title":{"rendered":"SODA OCZYSZCZONA 20 g &#8211; VITAVEGAN"},"content":{"rendered":"<p>SK\u0141ADNIKI <br \/>wodorow\u0119glan sodu (soda oczyszczona).<\/p>\n<p>OPIS<br \/>Idealna do pieczenia i gotowania.<\/p>\n<p>INFORMACJA ALERGENNA<br \/>Mo\u017ce zawiera\u0107 SEZAM, GORCZYC\u0118, SOJ\u0118.<\/p>\n<p>ZALECANE WARUNKI PRZECHOWYWANIA<br \/>Przechowywa\u0107 w suchym i ch\u0142odnym miejscu.<\/p>","protected":false},"excerpt":{"rendered":"<p>SK\u0141ADNIKI wodorow\u0119glan sodu (soda oczyszczona). OPISIdealna do pieczenia i gotowania. INFORMACJA ALERGENNAMo\u017ce zawiera\u0107 SEZAM, GORCZYC\u0118, SOJ\u0118. ZALECANE WARUNKI PRZECHOWYWANIAPrzechowywa\u0107 w suchym i ch\u0142odnym miejscu.<\/p>","protected":false},"featured_media":1091,"comment_status":"closed","ping_status":"open","template":"","meta":{"_acf_changed":false},"product_brand":[],"product_cat":[36],"product_tag":[],"class_list":{"0":"post-1090","1":"product","2":"type-product","3":"status-publish","4":"has-post-thumbnail","6":"product_cat-dodatki-do-wypiekow-i-deserow","7":"pa_ean-matka-1134","8":"pa_gwarancja-przydatnosci-522","9":"pa_ilosc-w-opakowaniu-327","10":"pa_jednostka-podstawowa-szt","11":"pa_kod-cn-2836-30-00","12":"pa_kraj-pochodzenia-skladnikow-niemcy","13":"pa_masa-netto-737","14":"pa_objetosc-brutto-709","15":"pa_producent-biovegan-dodatki-do-wypiekow-drozdze","16":"pa_producent-nazwa-adres-biovegan-gmbh-biovegan-allee-1-56579-bonefeld","17":"pa_tagi-bez-cukru-w-skladnikach","18":"pa_tagi-bez-glutenu-w-skladnikach","19":"pa_tagi-weganski","20":"pa_tagi-wegetarianski","22":"first","23":"instock","24":"taxable","25":"shipping-taxable","26":"purchasable","27":"product-type-simple"},"acf":[],"_links":{"self":[{"href":"https:\/\/wiejskieprzysmaki.estima.site\/en\/wp-json\/wp\/v2\/product\/1090","targetHints":{"allow":["GET"]}}],"collection":[{"href":"https:\/\/wiejskieprzysmaki.estima.site\/en\/wp-json\/wp\/v2\/product"}],"about":[{"href":"https:\/\/wiejskieprzysmaki.estima.site\/en\/wp-json\/wp\/v2\/types\/product"}],"replies":[{"embeddable":true,"href":"https:\/\/wiejskieprzysmaki.estima.site\/en\/wp-json\/wp\/v2\/comments?post=1090"}],"wp:featuredmedia":[{"embeddable":true,"href":"https:\/\/wiejskieprzysmaki.estima.site\/en\/wp-json\/wp\/v2\/media\/1091"}],"wp:attachment":[{"href":"https:\/\/wiejskieprzysmaki.estima.site\/en\/wp-json\/wp\/v2\/media?parent=1090"}],"wp:term":[{"taxonomy":"product_brand","embeddable":true,"href":"https:\/\/wiejskieprzysmaki.estima.site\/en\/wp-json\/wp\/v2\/product_brand?post=1090"},{"taxonomy":"product_cat","embeddable":true,"href":"https:\/\/wiejskieprzysmaki.estima.site\/en\/wp-json\/wp\/v2\/product_cat?post=1090"},{"taxonomy":"product_tag","embeddable":true,"href":"https:\/\/wiejskieprzysmaki.estima.site\/en\/wp-json\/wp\/v2\/product_tag?post=1090"}],"curies":[{"name":"wp","href":"https:\/\/api.w.org\/{rel}","templated":true}]}}