{"id":10921,"date":"2025-02-18T12:25:48","date_gmt":"2025-02-18T11:25:48","guid":{"rendered":"https:\/\/wiejskieprzysmaki.estima.site\/produkt\/pigwowiec-w-syropie-bio-440-g-140-g-dary-natury\/"},"modified":"2025-02-18T12:25:49","modified_gmt":"2025-02-18T11:25:49","slug":"pigwowiec-w-syropie-bio-440-g-140-g-dary-natury","status":"publish","type":"product","link":"https:\/\/wiejskieprzysmaki.estima.site\/en\/product\/pigwowiec-w-syropie-bio-440-g-140-g-dary-natury\/","title":{"rendered":"PIGWOWIEC W SYROPIE BIO 440 g (140 g) &#8211; DARY NATURY"},"content":{"rendered":"<p>SK\u0141ADNIKI<br \/>cukier trzcinowy*, owoc pigwowca* 27 %, woda. (*certyfikowany sk\u0142adnik ekologiczny)<\/p>\n<p>OPIS<br \/>Pigwowiec w syropie nada charakteru s\u0142odkim potrawom, ale tak\u017ce sprawdzi si\u0119 jako dodatek do gor\u0105cych lub zimnych napoj\u00f3w.<br \/>Produkt pasteryzowany. <\/p>\n<p>WARTO\u015a\u0106 OD\u017bYWCZA w 100 g<br \/>Warto\u015b\u0107 energetyczna: 1253 kJ \/ 298 kcal<br \/>T\u0142uszcz: 9,1 g<br \/>w tym kwasy t\u0142uszczowe nasycone: 0,5 g<br \/>W\u0119glowodany: 52 g<br \/>w tym cukry: 20 g<br \/>B\u0142onnik: 2,9 g<br \/>Bia\u0142ko: 0,2 g<br \/>S\u00f3l: 0,6 g<\/p>\n<p>ZALECANE WARUNKI PRZECHOWYWANIA<br \/>Przechowywa\u0107 w suchym i ch\u0142odnym miejscu, po otwarciu w lod\u00f3wce.<\/p>","protected":false},"excerpt":{"rendered":"<p>SK\u0141ADNIKIcukier trzcinowy*, owoc pigwowca* 27 %, woda. (*certyfikowany sk\u0142adnik ekologiczny) OPISPigwowiec w syropie nada charakteru s\u0142odkim potrawom, ale tak\u017ce sprawdzi si\u0119 jako dodatek do gor\u0105cych lub zimnych napoj\u00f3w.Produkt pasteryzowany. WARTO\u015a\u0106 OD\u017bYWCZA w 100 gWarto\u015b\u0107 energetyczna: 1253 kJ \/ 298 kcalT\u0142uszcz: 9,1 gw tym kwasy t\u0142uszczowe nasycone: 0,5 gW\u0119glowodany: 52 gw tym cukry: 20 gB\u0142onnik: 2,9 [&hellip;]<\/p>","protected":false},"featured_media":10922,"comment_status":"closed","ping_status":"open","template":"","meta":{"_acf_changed":false},"product_brand":[],"product_cat":[1792,998],"product_tag":[],"class_list":{"0":"post-10921","1":"product","2":"type-product","3":"status-publish","4":"has-post-thumbnail","6":"product_cat-owoce-w-zalewie-kiszone","7":"product_cat-przetwory-warzywne-i-owocowe","8":"pa_ean-matka-8275","9":"pa_gwarancja-przydatnosci-320","10":"pa_ilosc-w-opakowaniu-298","11":"pa_jednostka-podstawowa-szt","12":"pa_kod-cn-2008-70-98","13":"pa_masa-netto-1135","14":"pa_objetosc-brutto-8274","15":"pa_producent-dary-natury-inne","16":"pa_producent-nazwa-adres-dary-natury-sp-z-o-o-koryciny-73-17-315-grodzisk-3","17":"pa_tagi-bez-glutenu-w-skladnikach","18":"pa_tagi-certyfikat-bio","19":"pa_tagi-weganski","20":"pa_tagi-wegetarianski","22":"first","23":"instock","24":"taxable","25":"shipping-taxable","26":"purchasable","27":"product-type-simple"},"acf":[],"_links":{"self":[{"href":"https:\/\/wiejskieprzysmaki.estima.site\/en\/wp-json\/wp\/v2\/product\/10921","targetHints":{"allow":["GET"]}}],"collection":[{"href":"https:\/\/wiejskieprzysmaki.estima.site\/en\/wp-json\/wp\/v2\/product"}],"about":[{"href":"https:\/\/wiejskieprzysmaki.estima.site\/en\/wp-json\/wp\/v2\/types\/product"}],"replies":[{"embeddable":true,"href":"https:\/\/wiejskieprzysmaki.estima.site\/en\/wp-json\/wp\/v2\/comments?post=10921"}],"wp:featuredmedia":[{"embeddable":true,"href":"https:\/\/wiejskieprzysmaki.estima.site\/en\/wp-json\/wp\/v2\/media\/10922"}],"wp:attachment":[{"href":"https:\/\/wiejskieprzysmaki.estima.site\/en\/wp-json\/wp\/v2\/media?parent=10921"}],"wp:term":[{"taxonomy":"product_brand","embeddable":true,"href":"https:\/\/wiejskieprzysmaki.estima.site\/en\/wp-json\/wp\/v2\/product_brand?post=10921"},{"taxonomy":"product_cat","embeddable":true,"href":"https:\/\/wiejskieprzysmaki.estima.site\/en\/wp-json\/wp\/v2\/product_cat?post=10921"},{"taxonomy":"product_tag","embeddable":true,"href":"https:\/\/wiejskieprzysmaki.estima.site\/en\/wp-json\/wp\/v2\/product_tag?post=10921"}],"curies":[{"name":"wp","href":"https:\/\/api.w.org\/{rel}","templated":true}]}}