{"id":10929,"date":"2025-02-18T12:25:48","date_gmt":"2025-02-18T11:25:48","guid":{"rendered":"https:\/\/wiejskieprzysmaki.estima.site\/produkt\/przyprawa-tandoori-masala-bio-32-g-sonnentor\/"},"modified":"2025-02-18T12:26:00","modified_gmt":"2025-02-18T11:26:00","slug":"przyprawa-tandoori-masala-bio-32-g-sonnentor","status":"publish","type":"product","link":"https:\/\/wiejskieprzysmaki.estima.site\/en\/product\/przyprawa-tandoori-masala-bio-32-g-sonnentor\/","title":{"rendered":"PRZYPRAWA TANDOORI MASALA BIO 32 g &#8211; SONNENTOR"},"content":{"rendered":"<p>SK\u0141ADNIKI<br \/>papryka s\u0142odka*, imbir*, kurkuma*, cynamon*, kolendra*, cynamon cassia*, czosnek*, kardamon*, ga\u0142ka muszkato\u0142owa*, go\u017adziki*, chili*. (*certyfikowany sk\u0142adnik ekologiczny)<\/p>\n<p>OPIS<br \/>Wyrusz do kolorowych Indii. Zapachy tej mieszanki sprawi\u0105, \u017ce Twoje garnki, a Twoje zmys\u0142y ta\u0144cz\u0105. <br \/>Ta egzotyczna mieszanka przypraw kr\u00f3luje w indyjskim kurczaku tandoori, daniach z ry\u017cu i potrawach z grilla. <\/p>\n<p>INFORMACJA ALERGENNA<br \/>Mo\u017ce zawiera\u0107 zbo\u017ca zawieraj\u0105ce gluten. <\/p>\n<p>ZALECANE WARUNKI PRZECHOWYWANIA<br \/>Przechowywa\u0107 w ch\u0142odnym, suchym miejscu.<\/p>","protected":false},"excerpt":{"rendered":"<p>SK\u0141ADNIKIpapryka s\u0142odka*, imbir*, kurkuma*, cynamon*, kolendra*, cynamon cassia*, czosnek*, kardamon*, ga\u0142ka muszkato\u0142owa*, go\u017adziki*, chili*. (*certyfikowany sk\u0142adnik ekologiczny) OPISWyrusz do kolorowych Indii. Zapachy tej mieszanki sprawi\u0105, \u017ce Twoje garnki, a Twoje zmys\u0142y ta\u0144cz\u0105. Ta egzotyczna mieszanka przypraw kr\u00f3luje w indyjskim kurczaku tandoori, daniach z ry\u017cu i potrawach z grilla. INFORMACJA ALERGENNAMo\u017ce zawiera\u0107 zbo\u017ca zawieraj\u0105ce gluten. ZALECANE [&hellip;]<\/p>","protected":false},"featured_media":10930,"comment_status":"closed","ping_status":"open","template":"","meta":{"_acf_changed":false},"product_brand":[],"product_cat":[1052,229],"product_tag":[],"class_list":{"0":"post-10929","1":"product","2":"type-product","3":"status-publish","4":"has-post-thumbnail","6":"product_cat-mieszanki-przyprawy-i-ziola","7":"product_cat-przyprawy-i-ziola","8":"pa_ean-matka-8280","9":"pa_gwarancja-przydatnosci-522","10":"pa_ilosc-w-opakowaniu-298","11":"pa_jednostka-podstawowa-szt","12":"pa_kod-cn-0910-91-90","13":"pa_masa-netto-2302","14":"pa_objetosc-brutto-2925","15":"pa_producent-sonnentor-herbaty","16":"pa_producent-nazwa-adres-sonnentor","17":"pa_tagi-bez-cukru-w-skladnikach","18":"pa_tagi-bez-glutenu-w-skladnikach","19":"pa_tagi-certyfikat-bio","20":"pa_tagi-weganski","21":"pa_tagi-wegetarianski","23":"first","24":"instock","25":"taxable","26":"shipping-taxable","27":"purchasable","28":"product-type-simple"},"acf":[],"_links":{"self":[{"href":"https:\/\/wiejskieprzysmaki.estima.site\/en\/wp-json\/wp\/v2\/product\/10929","targetHints":{"allow":["GET"]}}],"collection":[{"href":"https:\/\/wiejskieprzysmaki.estima.site\/en\/wp-json\/wp\/v2\/product"}],"about":[{"href":"https:\/\/wiejskieprzysmaki.estima.site\/en\/wp-json\/wp\/v2\/types\/product"}],"replies":[{"embeddable":true,"href":"https:\/\/wiejskieprzysmaki.estima.site\/en\/wp-json\/wp\/v2\/comments?post=10929"}],"wp:featuredmedia":[{"embeddable":true,"href":"https:\/\/wiejskieprzysmaki.estima.site\/en\/wp-json\/wp\/v2\/media\/10930"}],"wp:attachment":[{"href":"https:\/\/wiejskieprzysmaki.estima.site\/en\/wp-json\/wp\/v2\/media?parent=10929"}],"wp:term":[{"taxonomy":"product_brand","embeddable":true,"href":"https:\/\/wiejskieprzysmaki.estima.site\/en\/wp-json\/wp\/v2\/product_brand?post=10929"},{"taxonomy":"product_cat","embeddable":true,"href":"https:\/\/wiejskieprzysmaki.estima.site\/en\/wp-json\/wp\/v2\/product_cat?post=10929"},{"taxonomy":"product_tag","embeddable":true,"href":"https:\/\/wiejskieprzysmaki.estima.site\/en\/wp-json\/wp\/v2\/product_tag?post=10929"}],"curies":[{"name":"wp","href":"https:\/\/api.w.org\/{rel}","templated":true}]}}