{"id":10937,"date":"2025-02-18T12:25:48","date_gmt":"2025-02-18T11:25:48","guid":{"rendered":"https:\/\/wiejskieprzysmaki.estima.site\/produkt\/chleb-tostowy-gryczany-krojony-bezglutenowy-2-x-175-g-350-g-doria\/"},"modified":"2025-02-18T12:26:05","modified_gmt":"2025-02-18T11:26:05","slug":"chleb-tostowy-gryczany-krojony-bezglutenowy-2-x-175-g-350-g-doria","status":"publish","type":"product","link":"https:\/\/wiejskieprzysmaki.estima.site\/en\/product\/chleb-tostowy-gryczany-krojony-bezglutenowy-2-x-175-g-350-g-doria\/","title":{"rendered":"CHLEB TOSTOWY GRYCZANY KROJONY BEZGLUTENOWY (2 x 175 g) 350 g &#8211; DORIA"},"content":{"rendered":"<p>SK\u0141ADNIKI<br \/>woda, zakwas 20 % (m\u0105ka ry\u017cowa, woda), skrobia kukurydziana, gryka \u0142uskana 9 %, m\u0105ka ry\u017cowa, b\u0142onnik z babki jajowatej, olej s\u0142onecznikowy, syrop ry\u017cowy, m\u0105ka gryczana z gryki \u0142uskanej 2 %, substancja zag\u0119szczaj\u0105ca: hydroksypropylometyloceluloza, bia\u0142ko z grochu, s\u00f3l, m\u0105ka gryczana pe\u0142noziarnista 1 %, b\u0142onnik cytrusowy, dro\u017cd\u017ce piwne, m\u0105ka jaglana, ekstrakt jab\u0142kowy, emulgator: mono- i diglicerydy kwas\u00f3w t\u0142uszczowych.<\/p>\n<p>OPIS<br \/>Pakowano w atmosferze ochronnej.<\/p>\n<p>WARTO\u015a\u0106 OD\u017bYWCZA w 100 g<br \/>Warto\u015b\u0107 energetyczna: 1108 kJ \/ 263 kcal<br \/>T\u0142uszcz: 4,2 g<br \/>w tym kwasy t\u0142uszczowe nasycone: 0,6 g<br \/>W\u0119glowodany: 48 g<br \/>w tym cukry: 3,8 g<br \/>B\u0142onnik: 6,0 g<br \/>Bia\u0142ko: 4,7 g<br \/>S\u00f3l: 1,1 g<\/p>\n<p>INFORMACJA ALERGENNA<br \/>Mo\u017ce zawiera\u0107 SOJ\u0118, MLEKO, GORCZYC\u0118, JAJA, sezam.<\/p>\n<p>ZALECANE WARUNKI PRZECHOWYWANIA<br \/>Przechowywa\u0107 w suchym i ch\u0142odnym miejscu. Po otwarciu przechowywa\u0107 w lod\u00f3wce i spo\u017cy\u0107 w ci\u0105gu 3 dni.<\/p>","protected":false},"excerpt":{"rendered":"<p>SK\u0141ADNIKIwoda, zakwas 20 % (m\u0105ka ry\u017cowa, woda), skrobia kukurydziana, gryka \u0142uskana 9 %, m\u0105ka ry\u017cowa, b\u0142onnik z babki jajowatej, olej s\u0142onecznikowy, syrop ry\u017cowy, m\u0105ka gryczana z gryki \u0142uskanej 2 %, substancja zag\u0119szczaj\u0105ca: hydroksypropylometyloceluloza, bia\u0142ko z grochu, s\u00f3l, m\u0105ka gryczana pe\u0142noziarnista 1 %, b\u0142onnik cytrusowy, dro\u017cd\u017ce piwne, m\u0105ka jaglana, ekstrakt jab\u0142kowy, emulgator: mono- i diglicerydy kwas\u00f3w [&hellip;]<\/p>","protected":false},"featured_media":10938,"comment_status":"closed","ping_status":"open","template":"","meta":{"_acf_changed":false},"product_brand":[],"product_cat":[1437,64],"product_tag":[],"class_list":{"0":"post-10937","1":"product","2":"type-product","3":"status-publish","4":"has-post-thumbnail","6":"product_cat-chleby-bulki","7":"product_cat-pieczywo","8":"pa_ean-matka-8288","9":"pa_gwarancja-przydatnosci-535","10":"pa_ilosc-w-opakowaniu-298","11":"pa_jednostka-podstawowa-szt","12":"pa_kod-cn-1905-10-00","13":"pa_masa-netto-203","14":"pa_objetosc-brutto-8284","15":"pa_producent-doria-pieczywo-bezglutenowe-chleb-bulki","16":"pa_producent-nazwa-adres-bauli-s-p-a-via-g-verdi-31-37060-castel-dazzano-vr-cap-soc-e-11-094-000-i-v-cod-fisc-p-iva-it01233790235-r-e-a-verona-167745-sdi-mzo2a0u","17":"pa_tagi-bez-glutenu-deklaracja","18":"pa_tagi-bez-glutenu-w-skladnikach","19":"pa_tagi-weganski","20":"pa_tagi-wegetarianski","22":"first","23":"instock","24":"taxable","25":"shipping-taxable","26":"purchasable","27":"product-type-simple"},"acf":[],"_links":{"self":[{"href":"https:\/\/wiejskieprzysmaki.estima.site\/en\/wp-json\/wp\/v2\/product\/10937","targetHints":{"allow":["GET"]}}],"collection":[{"href":"https:\/\/wiejskieprzysmaki.estima.site\/en\/wp-json\/wp\/v2\/product"}],"about":[{"href":"https:\/\/wiejskieprzysmaki.estima.site\/en\/wp-json\/wp\/v2\/types\/product"}],"replies":[{"embeddable":true,"href":"https:\/\/wiejskieprzysmaki.estima.site\/en\/wp-json\/wp\/v2\/comments?post=10937"}],"wp:featuredmedia":[{"embeddable":true,"href":"https:\/\/wiejskieprzysmaki.estima.site\/en\/wp-json\/wp\/v2\/media\/10938"}],"wp:attachment":[{"href":"https:\/\/wiejskieprzysmaki.estima.site\/en\/wp-json\/wp\/v2\/media?parent=10937"}],"wp:term":[{"taxonomy":"product_brand","embeddable":true,"href":"https:\/\/wiejskieprzysmaki.estima.site\/en\/wp-json\/wp\/v2\/product_brand?post=10937"},{"taxonomy":"product_cat","embeddable":true,"href":"https:\/\/wiejskieprzysmaki.estima.site\/en\/wp-json\/wp\/v2\/product_cat?post=10937"},{"taxonomy":"product_tag","embeddable":true,"href":"https:\/\/wiejskieprzysmaki.estima.site\/en\/wp-json\/wp\/v2\/product_tag?post=10937"}],"curies":[{"name":"wp","href":"https:\/\/api.w.org\/{rel}","templated":true}]}}