{"id":10939,"date":"2025-02-18T12:26:08","date_gmt":"2025-02-18T11:26:08","guid":{"rendered":"https:\/\/wiejskieprzysmaki.estima.site\/produkt\/buleczki-miekkie-bezglutenowe-4-x-50-g-200-g-doria\/"},"modified":"2025-02-18T12:26:08","modified_gmt":"2025-02-18T11:26:08","slug":"buleczki-miekkie-bezglutenowe-4-x-50-g-200-g-doria","status":"publish","type":"product","link":"https:\/\/wiejskieprzysmaki.estima.site\/en\/product\/buleczki-miekkie-bezglutenowe-4-x-50-g-200-g-doria\/","title":{"rendered":"BU\u0141ECZKI MI\u0118KKIE BEZGLUTENOWE (4 x 50 g) 200 g &#8211; DORIA"},"content":{"rendered":"<p>SK\u0141ADNIKI<br \/>woda, zakwas 20 % (m\u0105ka ry\u017cowa, woda), skrobia kukurydziana, m\u0105ka ry\u017cowa, b\u0142onnik z babki jajowatej, m\u0105ka gryczana, olej s\u0142onecznikowy, syrop ry\u017cowy, bia\u0142ko ro\u015blinne (groch), substancja zag\u0119szczaj\u0105ca: hydroksypropylometyloceluloza, s\u00f3l, b\u0142onnik cytrusowy, dro\u017cd\u017ce piwne, m\u0105ka jaglana, emulgator: mono- i diglicerydy kwas\u00f3w t\u0142uszczowych. <\/p>\n<p>OPIS<br \/>Pakowano w atmosferze ochronnej.<\/p>\n<p>WARTO\u015a\u0106 OD\u017bYWCZA w 100 g <br \/>Warto\u015b\u0107 energetyczna: 970 kJ \/ 230 kcal<br \/>T\u0142uszcz: 3,8 g<br \/>w tym kwasy t\u0142uszczowe nasycone: 0,5 g<br \/>W\u0119glowodany: 41 g<br \/>w tym cukry: 2,2 g<br \/>B\u0142onnik: 7,0 g<br \/>Bia\u0142ko: 4,1 g<br \/>S\u00f3l: 1,2 g<\/p>\n<p>INFORMACJA ALERGENNA<br \/>Mo\u017ce zawiera\u0107 SOJ\u0118, MLEKO, GORCZYC\u0118, JAJA, sezam. <\/p>\n<p>ZALECANE WARUNKI PRZECHOWYWANIA<br \/>Przechowywa\u0107 w suchym i ch\u0142odnym miejscu.<\/p>","protected":false},"excerpt":{"rendered":"<p>SK\u0141ADNIKIwoda, zakwas 20 % (m\u0105ka ry\u017cowa, woda), skrobia kukurydziana, m\u0105ka ry\u017cowa, b\u0142onnik z babki jajowatej, m\u0105ka gryczana, olej s\u0142onecznikowy, syrop ry\u017cowy, bia\u0142ko ro\u015blinne (groch), substancja zag\u0119szczaj\u0105ca: hydroksypropylometyloceluloza, s\u00f3l, b\u0142onnik cytrusowy, dro\u017cd\u017ce piwne, m\u0105ka jaglana, emulgator: mono- i diglicerydy kwas\u00f3w t\u0142uszczowych. OPISPakowano w atmosferze ochronnej. WARTO\u015a\u0106 OD\u017bYWCZA w 100 g Warto\u015b\u0107 energetyczna: 970 kJ \/ 230 [&hellip;]<\/p>","protected":false},"featured_media":10940,"comment_status":"closed","ping_status":"open","template":"","meta":{"_acf_changed":false},"product_brand":[],"product_cat":[1437,64],"product_tag":[],"class_list":{"0":"post-10939","1":"product","2":"type-product","3":"status-publish","4":"has-post-thumbnail","6":"product_cat-chleby-bulki","7":"product_cat-pieczywo","8":"pa_ean-matka-8289","9":"pa_gwarancja-przydatnosci-535","10":"pa_ilosc-w-opakowaniu-298","11":"pa_jednostka-podstawowa-szt","12":"pa_kod-cn-1905-10-00","13":"pa_masa-netto-354","14":"pa_objetosc-brutto-8284","15":"pa_producent-doria-pieczywo-bezglutenowe-chleb-bulki","16":"pa_producent-nazwa-adres-bauli-s-p-a-via-g-verdi-31-37060-castel-dazzano-vr-cap-soc-e-11-094-000-i-v-cod-fisc-p-iva-it01233790235-r-e-a-verona-167745-sdi-mzo2a0u","17":"pa_tagi-bez-glutenu-deklaracja","18":"pa_tagi-bez-glutenu-w-skladnikach","19":"pa_tagi-weganski","20":"pa_tagi-wegetarianski","22":"first","23":"instock","24":"taxable","25":"shipping-taxable","26":"purchasable","27":"product-type-simple"},"acf":[],"_links":{"self":[{"href":"https:\/\/wiejskieprzysmaki.estima.site\/en\/wp-json\/wp\/v2\/product\/10939","targetHints":{"allow":["GET"]}}],"collection":[{"href":"https:\/\/wiejskieprzysmaki.estima.site\/en\/wp-json\/wp\/v2\/product"}],"about":[{"href":"https:\/\/wiejskieprzysmaki.estima.site\/en\/wp-json\/wp\/v2\/types\/product"}],"replies":[{"embeddable":true,"href":"https:\/\/wiejskieprzysmaki.estima.site\/en\/wp-json\/wp\/v2\/comments?post=10939"}],"wp:featuredmedia":[{"embeddable":true,"href":"https:\/\/wiejskieprzysmaki.estima.site\/en\/wp-json\/wp\/v2\/media\/10940"}],"wp:attachment":[{"href":"https:\/\/wiejskieprzysmaki.estima.site\/en\/wp-json\/wp\/v2\/media?parent=10939"}],"wp:term":[{"taxonomy":"product_brand","embeddable":true,"href":"https:\/\/wiejskieprzysmaki.estima.site\/en\/wp-json\/wp\/v2\/product_brand?post=10939"},{"taxonomy":"product_cat","embeddable":true,"href":"https:\/\/wiejskieprzysmaki.estima.site\/en\/wp-json\/wp\/v2\/product_cat?post=10939"},{"taxonomy":"product_tag","embeddable":true,"href":"https:\/\/wiejskieprzysmaki.estima.site\/en\/wp-json\/wp\/v2\/product_tag?post=10939"}],"curies":[{"name":"wp","href":"https:\/\/api.w.org\/{rel}","templated":true}]}}