{"id":10951,"date":"2025-02-18T12:26:22","date_gmt":"2025-02-18T11:26:22","guid":{"rendered":"https:\/\/wiejskieprzysmaki.estima.site\/produkt\/bulki-do-hot-dogow-bezglutenowe-2-x-75-g-150-g-doria\/"},"modified":"2025-02-18T12:26:23","modified_gmt":"2025-02-18T11:26:23","slug":"bulki-do-hot-dogow-bezglutenowe-2-x-75-g-150-g-doria","status":"publish","type":"product","link":"https:\/\/wiejskieprzysmaki.estima.site\/en\/product\/bulki-do-hot-dogow-bezglutenowe-2-x-75-g-150-g-doria\/","title":{"rendered":"BU\u0141KI DO HOT DOG\u00d3W BEZGLUTENOWE (2 x 75 g) 150 g &#8211; DORIA"},"content":{"rendered":"<p>SK\u0141ADNIKI<br \/>woda, m\u0105ka ry\u017cowa, zakwas 25 % (m\u0105ka ry\u017cowa, woda), b\u0142onnik z babki jajowatej, olej s\u0142onecznikowy, cukier, substancja zag\u0119szczaj\u0105ca: hydroksypropylometyloceluloza, s\u00f3l, dro\u017cd\u017ce piwne, m\u0105ka z soczewicy, ekstrakt oliwy z oliwek, emulgator: mono- i diglicerydy kwas\u00f3w t\u0142uszczowych. <\/p>\n<p>OPIS<br \/>Pakowano w atmosferze ochronnej.<\/p>\n<p>WARTO\u015a\u0106 OD\u017bYWCZA w 100 g<br \/>Warto\u015b\u0107 energetyczna: 1119 kJ \/ 265 kcal<br \/>T\u0142uszcz: 5,4 g<br \/>w tym kwasy t\u0142uszczowe nasycone: 0,8 g<br \/>W\u0119glowodany: 48 g<br \/>w tym cukry: 8,3 g<br \/>B\u0142onnik: 4,6 g<br \/>Bia\u0142ko: 4,4 g<br \/>S\u00f3l: 0,7 g<\/p>\n<p>INFORMACJA ALERGENNA<br \/>Mo\u017ce zawiera\u0107 SOJ\u0118, MLEKO, GORCZYC\u0118, JAJA, sezam.<\/p>\n<p>ZALECANE WARUNKI PRZECHOWYWANIA<br \/>Przechowywa\u0107 w suchym i ch\u0142odnym miejscu. <\/p>","protected":false},"excerpt":{"rendered":"<p>SK\u0141ADNIKIwoda, m\u0105ka ry\u017cowa, zakwas 25 % (m\u0105ka ry\u017cowa, woda), b\u0142onnik z babki jajowatej, olej s\u0142onecznikowy, cukier, substancja zag\u0119szczaj\u0105ca: hydroksypropylometyloceluloza, s\u00f3l, dro\u017cd\u017ce piwne, m\u0105ka z soczewicy, ekstrakt oliwy z oliwek, emulgator: mono- i diglicerydy kwas\u00f3w t\u0142uszczowych. OPISPakowano w atmosferze ochronnej. WARTO\u015a\u0106 OD\u017bYWCZA w 100 gWarto\u015b\u0107 energetyczna: 1119 kJ \/ 265 kcalT\u0142uszcz: 5,4 gw tym kwasy t\u0142uszczowe [&hellip;]<\/p>","protected":false},"featured_media":10952,"comment_status":"closed","ping_status":"open","template":"","meta":{"_acf_changed":false},"product_brand":[],"product_cat":[1437,64],"product_tag":[],"class_list":{"0":"post-10951","1":"product","2":"type-product","3":"status-publish","4":"has-post-thumbnail","6":"product_cat-chleby-bulki","7":"product_cat-pieczywo","8":"pa_ean-matka-8297","9":"pa_gwarancja-przydatnosci-535","10":"pa_ilosc-w-opakowaniu-401","11":"pa_jednostka-podstawowa-szt","12":"pa_kod-cn-1905-10-00","13":"pa_masa-netto-197","14":"pa_objetosc-brutto-8296","15":"pa_producent-doria-pieczywo-bezglutenowe-chleb-bulki","16":"pa_producent-nazwa-adres-bauli-s-p-a-via-g-verdi-31-37060-castel-dazzano-vr-cap-soc-e-11-094-000-i-v-cod-fisc-p-iva-it01233790235-r-e-a-verona-167745-sdi-mzo2a0u","17":"pa_tagi-bez-glutenu-deklaracja","18":"pa_tagi-bez-glutenu-w-skladnikach","19":"pa_tagi-weganski","20":"pa_tagi-wegetarianski","22":"first","23":"instock","24":"taxable","25":"shipping-taxable","26":"purchasable","27":"product-type-simple"},"acf":[],"_links":{"self":[{"href":"https:\/\/wiejskieprzysmaki.estima.site\/en\/wp-json\/wp\/v2\/product\/10951","targetHints":{"allow":["GET"]}}],"collection":[{"href":"https:\/\/wiejskieprzysmaki.estima.site\/en\/wp-json\/wp\/v2\/product"}],"about":[{"href":"https:\/\/wiejskieprzysmaki.estima.site\/en\/wp-json\/wp\/v2\/types\/product"}],"replies":[{"embeddable":true,"href":"https:\/\/wiejskieprzysmaki.estima.site\/en\/wp-json\/wp\/v2\/comments?post=10951"}],"wp:featuredmedia":[{"embeddable":true,"href":"https:\/\/wiejskieprzysmaki.estima.site\/en\/wp-json\/wp\/v2\/media\/10952"}],"wp:attachment":[{"href":"https:\/\/wiejskieprzysmaki.estima.site\/en\/wp-json\/wp\/v2\/media?parent=10951"}],"wp:term":[{"taxonomy":"product_brand","embeddable":true,"href":"https:\/\/wiejskieprzysmaki.estima.site\/en\/wp-json\/wp\/v2\/product_brand?post=10951"},{"taxonomy":"product_cat","embeddable":true,"href":"https:\/\/wiejskieprzysmaki.estima.site\/en\/wp-json\/wp\/v2\/product_cat?post=10951"},{"taxonomy":"product_tag","embeddable":true,"href":"https:\/\/wiejskieprzysmaki.estima.site\/en\/wp-json\/wp\/v2\/product_tag?post=10951"}],"curies":[{"name":"wp","href":"https:\/\/api.w.org\/{rel}","templated":true}]}}