{"id":10973,"date":"2025-02-18T12:26:31","date_gmt":"2025-02-18T11:26:31","guid":{"rendered":"https:\/\/wiejskieprzysmaki.estima.site\/produkt\/migdaly-w-czekoladzie-bez-dodatku-cukrow-bezglutenowe-100-g-piec-przemian\/"},"modified":"2025-02-18T12:26:36","modified_gmt":"2025-02-18T11:26:36","slug":"migdaly-w-czekoladzie-bez-dodatku-cukrow-bezglutenowe-100-g-piec-przemian","status":"publish","type":"product","link":"https:\/\/wiejskieprzysmaki.estima.site\/en\/product\/migdaly-w-czekoladzie-bez-dodatku-cukrow-bezglutenowe-100-g-piec-przemian\/","title":{"rendered":"MIGDA\u0141Y W CZEKOLADZIE BEZ DODATKU CUKR\u00d3W BEZGLUTENOWE 100 g &#8211; PI\u0118\u0106 PRZEMIAN"},"content":{"rendered":"<p>SK\u0141ADNIKI<br \/>MIGDA\u0141Y hiszpa\u0144skie 71 %, czekolada gorzka bez dodatku cukru 28 % [miazga kakaowa, substancje s\u0142odz\u0105ce (erytrytol 29,5 %, glikozydy stewiolowe 0,03 %), t\u0142uszcz kakaowy, inulina, odt\u0142uszczone kakao w proszku, emulgator (lecytyny z SOI), aromat waniliowy, masa kakaowa minimum 60 %], odt\u0142uszczone kakao w proszku, naturalny aromat pomara\u0144czowy, kardamon, cynamon, s\u00f3l morska. <\/p>\n<p>OPIS<br \/>Odkryj nasze MIGDA\u0141Y w gorzkiej czekoladzie! To po\u0142\u0105czenie chrupi\u0105cych MIGDA\u0141\u00d3W z gorzk\u0105 czekolad\u0105, kt\u00f3re rozgrzewa serca i zadowala podniebienia. Nasze MIGDA\u0141Y, otulone najwy\u017cszej jako\u015bci czekolad\u0105, to nie tylko przysmak dla podniebienia, ale tak\u017ce ho\u0142d dla zdrowia i dobrej jako\u015bci. Gotowy na wyj\u0105tkowy smak i bogactwo dozna\u0144? Spr\u00f3buj ju\u017c teraz!<br \/>Bez dodatku cukru. Zawiera naturalnie wyst\u0119puj\u0105ce cukry. Zawiera substancje s\u0142odz\u0105ce. <\/p>\n<p>WARTO\u015a\u0106 OD\u017bYWCZA w 100 g <br \/>Warto\u015b\u0107 energetyczna: 2282 kJ \/ 545 kcal<br \/>T\u0142uszcz: 48 g<br \/>w tym kwasy t\u0142uszczowe nasycone: 9,9 g<br \/>W\u0119glowodany: 16 g<br \/>w tym cukry: 3,0 g<br \/>w tym poliole: 9,5 g<br \/>B\u0142onnik: 14 g<br \/>Bia\u0142ko: 16 g<br \/>S\u00f3l: 0,3 g<\/p>\n<p>INFORMACJA ALERGENNA<br \/>Mo\u017ce zawiera\u0107 MLEKO, SEZAM <\/p>\n<p>ZALECANE WARUNKI PRZECHOWYWANIA<br \/>Przechowywa\u0107 w suchym i ch\u0142odnym miejscu, szczelnie zamkni\u0119te. Chroni\u0107 przed bezpo\u015brednim dzia\u0142aniem promieni s\u0142onecznych. <\/p>","protected":false},"excerpt":{"rendered":"<p>SK\u0141ADNIKIMIGDA\u0141Y hiszpa\u0144skie 71 %, czekolada gorzka bez dodatku cukru 28 % [miazga kakaowa, substancje s\u0142odz\u0105ce (erytrytol 29,5 %, glikozydy stewiolowe 0,03 %), t\u0142uszcz kakaowy, inulina, odt\u0142uszczone kakao w proszku, emulgator (lecytyny z SOI), aromat waniliowy, masa kakaowa minimum 60 %], odt\u0142uszczone kakao w proszku, naturalny aromat pomara\u0144czowy, kardamon, cynamon, s\u00f3l morska. OPISOdkryj nasze MIGDA\u0141Y w [&hellip;]<\/p>","protected":false},"featured_media":10974,"comment_status":"closed","ping_status":"open","template":"","meta":{"_acf_changed":false},"product_brand":[],"product_cat":[700,139],"product_tag":[],"class_list":{"0":"post-10973","1":"product","2":"type-product","3":"status-publish","4":"has-post-thumbnail","6":"product_cat-bakalie-w-czekol-i-kandyz","7":"product_cat-slodycze-i-przekaski","8":"pa_ean-matka-8312","9":"pa_gwarancja-przydatnosci-473","10":"pa_ilosc-w-opakowaniu-322","11":"pa_jednostka-podstawowa-szt","12":"pa_kod-cn-1806-90-50","13":"pa_masa-netto-242","14":"pa_objetosc-brutto-470","15":"pa_producent-piec-przemian-produkty-spozywcze","16":"pa_producent-nazwa-adres-simpatiko-sp-z-o-o-ul-luze-20-05-092-dabrowa","17":"pa_tagi-bez-cukru-w-skladnikach","18":"pa_tagi-bez-glutenu-deklaracja","19":"pa_tagi-bez-glutenu-w-skladnikach","20":"pa_tagi-weganski","21":"pa_tagi-wegetarianski","23":"first","24":"instock","25":"taxable","26":"shipping-taxable","27":"purchasable","28":"product-type-simple"},"acf":[],"_links":{"self":[{"href":"https:\/\/wiejskieprzysmaki.estima.site\/en\/wp-json\/wp\/v2\/product\/10973","targetHints":{"allow":["GET"]}}],"collection":[{"href":"https:\/\/wiejskieprzysmaki.estima.site\/en\/wp-json\/wp\/v2\/product"}],"about":[{"href":"https:\/\/wiejskieprzysmaki.estima.site\/en\/wp-json\/wp\/v2\/types\/product"}],"replies":[{"embeddable":true,"href":"https:\/\/wiejskieprzysmaki.estima.site\/en\/wp-json\/wp\/v2\/comments?post=10973"}],"wp:featuredmedia":[{"embeddable":true,"href":"https:\/\/wiejskieprzysmaki.estima.site\/en\/wp-json\/wp\/v2\/media\/10974"}],"wp:attachment":[{"href":"https:\/\/wiejskieprzysmaki.estima.site\/en\/wp-json\/wp\/v2\/media?parent=10973"}],"wp:term":[{"taxonomy":"product_brand","embeddable":true,"href":"https:\/\/wiejskieprzysmaki.estima.site\/en\/wp-json\/wp\/v2\/product_brand?post=10973"},{"taxonomy":"product_cat","embeddable":true,"href":"https:\/\/wiejskieprzysmaki.estima.site\/en\/wp-json\/wp\/v2\/product_cat?post=10973"},{"taxonomy":"product_tag","embeddable":true,"href":"https:\/\/wiejskieprzysmaki.estima.site\/en\/wp-json\/wp\/v2\/product_tag?post=10973"}],"curies":[{"name":"wp","href":"https:\/\/api.w.org\/{rel}","templated":true}]}}