{"id":1098,"date":"2025-02-18T10:34:14","date_gmt":"2025-02-18T09:34:14","guid":{"rendered":"https:\/\/wiejskieprzysmaki.estima.site\/produkt\/tempeh-naturalny-bio-200-g-merapi\/"},"modified":"2025-02-18T10:34:29","modified_gmt":"2025-02-18T09:34:29","slug":"tempeh-naturalny-bio-200-g-merapi","status":"publish","type":"product","link":"https:\/\/wiejskieprzysmaki.estima.site\/en\/product\/tempeh-naturalny-bio-200-g-merapi\/","title":{"rendered":"TEMPEH NATURALNY BIO 200 g &#8211; MERAPI"},"content":{"rendered":"<p>SK\u0141ADNIKI<br \/>SOJA* ugotowana, woda, kultury starterowe: Rhizopus oligosporus (*certyfikowany sk\u0142adnik ekologiczny)<\/p>\n<p>OPIS<br \/>Wega\u0144ski produkt SOJOWY o wysokiej zawartosci bia\u0142ka.<\/p>\n<p>UWAGA<br \/>Tempeh jest to produkt, kt\u00f3ry ca\u0142y czas dojrzewa. Grzybnia reaguje na promienie s\u0142oneczne oraz du\u017c\u0105 ilo\u015b\u0107 \u015bwiat\u0142a. Przebarwienia lub ciemne \u015blady na produkcie nie s\u0105 oznak\u0105 zepsucia. Tempeh mo\u017ce zmienia\u0107 sw\u00f3j odcie\u0144 w przeci\u0105gu okresu przydatno\u015bci od spo\u017cycia. Jest to uzale\u017cnione od ilo\u015bci \u015bwiat\u0142a, kt\u00f3re na niego pada.<\/p>\n<p>WARTO\u015a\u0106 OD\u017bYWCZA W 100 g<br \/>Warto\u015b\u0107 energetyczna: 757 kJ\/182 kcal  <br \/>T\u0142uszcz: 8,0 g  <br \/>W tym kwasy t\u0142uszczowe nasycone: 1,6 g  <br \/>W\u0119glowodany: 3,5 g  <br \/>W tym cukry: 0,7 g  <br \/>Bia\u0142ko: 19 g  <br \/>S\u00f3l: 0,1 g  <\/p>\n<p>ZALECANE WARUNKI PRZECHOWYWANIA<br \/>Przechowywa\u0107 w temperaturze od +2 \u00b0C do +8 \u00b0C<\/p>","protected":false},"excerpt":{"rendered":"<p>SK\u0141ADNIKISOJA* ugotowana, woda, kultury starterowe: Rhizopus oligosporus (*certyfikowany sk\u0142adnik ekologiczny) OPISWega\u0144ski produkt SOJOWY o wysokiej zawartosci bia\u0142ka. UWAGATempeh jest to produkt, kt\u00f3ry ca\u0142y czas dojrzewa. Grzybnia reaguje na promienie s\u0142oneczne oraz du\u017c\u0105 ilo\u015b\u0107 \u015bwiat\u0142a. Przebarwienia lub ciemne \u015blady na produkcie nie s\u0105 oznak\u0105 zepsucia. Tempeh mo\u017ce zmienia\u0107 sw\u00f3j odcie\u0144 w przeci\u0105gu okresu przydatno\u015bci od spo\u017cycia. [&hellip;]<\/p>","protected":false},"featured_media":1099,"comment_status":"closed","ping_status":"open","template":"","meta":{"_acf_changed":false},"product_brand":[],"product_cat":[274,484],"product_tag":[],"class_list":{"0":"post-1098","1":"product","2":"type-product","3":"status-publish","4":"has-post-thumbnail","6":"product_cat-lodowka-inne","7":"product_cat-roslinne-alternatywy-sera-miesa","8":"pa_ean-matka-1146","9":"pa_gwarancja-przydatnosci-681","10":"pa_ilosc-w-opakowaniu-298","11":"pa_jednostka-podstawowa-szt","12":"pa_kod-cn-2106-90-92","13":"pa_masa-netto-354","14":"pa_objetosc-brutto-1144","15":"pa_producent-merapi-tempeh","16":"pa_producent-nazwa-adres-merapi-rafal-wisniewski-budzynska-14-60-419-poznan","17":"pa_tagi-bez-cukru-w-skladnikach","18":"pa_tagi-bez-glutenu-w-skladnikach","19":"pa_tagi-certyfikat-bio","20":"pa_tagi-weganski","21":"pa_tagi-wegetarianski","23":"first","24":"instock","25":"taxable","26":"shipping-taxable","27":"purchasable","28":"product-type-simple"},"acf":[],"_links":{"self":[{"href":"https:\/\/wiejskieprzysmaki.estima.site\/en\/wp-json\/wp\/v2\/product\/1098","targetHints":{"allow":["GET"]}}],"collection":[{"href":"https:\/\/wiejskieprzysmaki.estima.site\/en\/wp-json\/wp\/v2\/product"}],"about":[{"href":"https:\/\/wiejskieprzysmaki.estima.site\/en\/wp-json\/wp\/v2\/types\/product"}],"replies":[{"embeddable":true,"href":"https:\/\/wiejskieprzysmaki.estima.site\/en\/wp-json\/wp\/v2\/comments?post=1098"}],"wp:featuredmedia":[{"embeddable":true,"href":"https:\/\/wiejskieprzysmaki.estima.site\/en\/wp-json\/wp\/v2\/media\/1099"}],"wp:attachment":[{"href":"https:\/\/wiejskieprzysmaki.estima.site\/en\/wp-json\/wp\/v2\/media?parent=1098"}],"wp:term":[{"taxonomy":"product_brand","embeddable":true,"href":"https:\/\/wiejskieprzysmaki.estima.site\/en\/wp-json\/wp\/v2\/product_brand?post=1098"},{"taxonomy":"product_cat","embeddable":true,"href":"https:\/\/wiejskieprzysmaki.estima.site\/en\/wp-json\/wp\/v2\/product_cat?post=1098"},{"taxonomy":"product_tag","embeddable":true,"href":"https:\/\/wiejskieprzysmaki.estima.site\/en\/wp-json\/wp\/v2\/product_tag?post=1098"}],"curies":[{"name":"wp","href":"https:\/\/api.w.org\/{rel}","templated":true}]}}