{"id":10997,"date":"2025-02-18T12:26:49","date_gmt":"2025-02-18T11:26:49","guid":{"rendered":"https:\/\/wiejskieprzysmaki.estima.site\/produkt\/carpaccio-z-czarnej-trufli-letniej-bio-50-g-sacchi-tartufi\/"},"modified":"2025-02-18T12:27:04","modified_gmt":"2025-02-18T11:27:04","slug":"carpaccio-z-czarnej-trufli-letniej-bio-50-g-sacchi-tartufi","status":"publish","type":"product","link":"https:\/\/wiejskieprzysmaki.estima.site\/en\/product\/carpaccio-z-czarnej-trufli-letniej-bio-50-g-sacchi-tartufi\/","title":{"rendered":"CARPACCIO Z CZARNEJ TRUFLI LETNIEJ BIO 50 g &#8211; SACCHI TARTUFI"},"content":{"rendered":"<p>SK\u0141ADNIKI<br \/>czarne trufle letnie* (Tuber aestivum Vittad.) 60 %, olej s\u0142onecznikowy*, s\u00f3l (*certyfikowany sk\u0142adnik ekologiczny)<\/p>\n<p>OPIS<br \/>Carpaccio przyrz\u0105dzone ze \u015bwie\u017cych letnich trufli, z dodatkiem oleju s\u0142onecznikowego, jest gotowe do u\u017cycia. Carpaccio z truflami Sacchi to niezb\u0119dna przyprawa i sk\u0142adnik najlepszych restauracji oraz domowych smakoszy. Wy\u015bmienite do bruschetty, ale tak\u017ce puree, makaron\u00f3w, ry\u017cu i risotto, mi\u0119sa, RYB, JAJEK i omlet\u00f3w. Niesko\u0144czona ilo\u015b\u0107 mo\u017cliwo\u015bci nadania Twoim potrawom wyj\u0105tkowego charakteru.<\/p>\n<p>WARTO\u015a\u0106 OD\u017bYWCZA w 100 g<br \/>Warto\u015b\u0107 energetyczna: 1514 kJ\/367 kcal<br \/>T\u0142uszcz: 35,6 g<br \/>w tym kwasy t\u0142uszczowe nasycone: 4,3 g<br \/>W\u0119glowodany: 5,5 g<br \/>w tym cukry: 0,4 g<br \/>Bia\u0142ko: 3,6 g<br \/>S\u00f3l: 1,68 g<\/p>\n<p>INFORMACJA ALERGENNA<br \/>Mo\u017ce zawiera\u0107 ZBO\u017bA ZAWIERAJ\u0104CE GLUTEN, MLEKO, JAJA i siarczyny.<\/p>\n<p>ZALECANE WARUNKI PRZECHOWYWANIA<br \/>Po otwarciu przechowywa\u0107 w lod\u00f3wce i spo\u017cy\u0107 w ci\u0105gu 4\/5 dni.<\/p>","protected":false},"excerpt":{"rendered":"<p>SK\u0141ADNIKIczarne trufle letnie* (Tuber aestivum Vittad.) 60 %, olej s\u0142onecznikowy*, s\u00f3l (*certyfikowany sk\u0142adnik ekologiczny) OPISCarpaccio przyrz\u0105dzone ze \u015bwie\u017cych letnich trufli, z dodatkiem oleju s\u0142onecznikowego, jest gotowe do u\u017cycia. Carpaccio z truflami Sacchi to niezb\u0119dna przyprawa i sk\u0142adnik najlepszych restauracji oraz domowych smakoszy. Wy\u015bmienite do bruschetty, ale tak\u017ce puree, makaron\u00f3w, ry\u017cu i risotto, mi\u0119sa, RYB, JAJEK [&hellip;]<\/p>","protected":false},"featured_media":10998,"comment_status":"closed","ping_status":"open","template":"","meta":{"_acf_changed":false},"product_brand":[],"product_cat":[1061,180],"product_tag":[],"class_list":{"0":"post-10997","1":"product","2":"type-product","3":"status-publish","4":"has-post-thumbnail","6":"product_cat-marynowane-kiszone","7":"product_cat-warzywa-i-grzyby-przetworzone","8":"pa_ean-matka-8328","9":"pa_gwarancja-przydatnosci-320","10":"pa_ilosc-w-opakowaniu-8326","11":"pa_jednostka-podstawowa-szt","12":"pa_kod-cn-2003-90-10","13":"pa_masa-netto-461","14":"pa_objetosc-brutto-2152","15":"pa_producent-sacchi-tartufi-pasty-sosy-oliwy-truflowe","16":"pa_producent-nazwa-adres-tartufi-delizie-srl-via-amedeo-avogadro-19-fano-pu-61032","17":"pa_tagi-bez-cukru-w-skladnikach","18":"pa_tagi-bez-glutenu-w-skladnikach","19":"pa_tagi-certyfikat-bio","20":"pa_tagi-weganski","21":"pa_tagi-wegetarianski","23":"first","24":"instock","25":"taxable","26":"shipping-taxable","27":"purchasable","28":"product-type-simple"},"acf":[],"_links":{"self":[{"href":"https:\/\/wiejskieprzysmaki.estima.site\/en\/wp-json\/wp\/v2\/product\/10997","targetHints":{"allow":["GET"]}}],"collection":[{"href":"https:\/\/wiejskieprzysmaki.estima.site\/en\/wp-json\/wp\/v2\/product"}],"about":[{"href":"https:\/\/wiejskieprzysmaki.estima.site\/en\/wp-json\/wp\/v2\/types\/product"}],"replies":[{"embeddable":true,"href":"https:\/\/wiejskieprzysmaki.estima.site\/en\/wp-json\/wp\/v2\/comments?post=10997"}],"wp:featuredmedia":[{"embeddable":true,"href":"https:\/\/wiejskieprzysmaki.estima.site\/en\/wp-json\/wp\/v2\/media\/10998"}],"wp:attachment":[{"href":"https:\/\/wiejskieprzysmaki.estima.site\/en\/wp-json\/wp\/v2\/media?parent=10997"}],"wp:term":[{"taxonomy":"product_brand","embeddable":true,"href":"https:\/\/wiejskieprzysmaki.estima.site\/en\/wp-json\/wp\/v2\/product_brand?post=10997"},{"taxonomy":"product_cat","embeddable":true,"href":"https:\/\/wiejskieprzysmaki.estima.site\/en\/wp-json\/wp\/v2\/product_cat?post=10997"},{"taxonomy":"product_tag","embeddable":true,"href":"https:\/\/wiejskieprzysmaki.estima.site\/en\/wp-json\/wp\/v2\/product_tag?post=10997"}],"curies":[{"name":"wp","href":"https:\/\/api.w.org\/{rel}","templated":true}]}}