{"id":11001,"date":"2025-02-18T12:26:49","date_gmt":"2025-02-18T11:26:49","guid":{"rendered":"https:\/\/wiejskieprzysmaki.estima.site\/produkt\/zestaw-sosow-z-trufla-3-x-30-g-90-g-sacchi-tartufi\/"},"modified":"2025-02-18T12:27:06","modified_gmt":"2025-02-18T11:27:06","slug":"zestaw-sosow-z-trufla-3-x-30-g-90-g-sacchi-tartufi","status":"publish","type":"product","link":"https:\/\/wiejskieprzysmaki.estima.site\/en\/product\/zestaw-sosow-z-trufla-3-x-30-g-90-g-sacchi-tartufi\/","title":{"rendered":"ZESTAW SOS\u00d3W Z TRUFL\u0104 (3 x 30 g) 90 g &#8211; SACCHI TARTUFI"},"content":{"rendered":"<p>SK\u0141ADNIKI<br \/>SALSA TARTUFATA BIANCA &#8211; Sos z trufl\u0105 bia\u0142\u0105 <br \/>Sk\u0142adniki: pieczarki (Agaricus bisporus), olej s\u0142onecznikowy, m\u0105ka ry\u017cowa, trufle bianchetto (Tuber borchii, Vittad) 2 %, s\u00f3l, aromat. <\/p>\n<p>SALSA TARTUFATA &#8211; Sos z czarn\u0105 trufl\u0105 letni\u0105 <br \/>Sk\u0142adniki: pieczarki (Agaricus bisporus), olej s\u0142onecznikowy, czarna trufla letnia (Tuber aestivum, Vittad.) 3 %, s\u00f3l, aromat, pieprz, czosnek. <\/p>\n<p>SALSA REALE CON TARTUFI BIANCHI &#8211; Sos z trufl\u0105 bia\u0142\u0105 i serem Grana Padano. <br \/>Sk\u0142adniki: \u015aMIETANA, m\u0105ka ry\u017cowa, trufle bianchetto (Tuber borchii, Vittad.) 3 %, SER Grana Padano (zawiera LIZOZYM z JAJA), bia\u0142a trufla (Tubermagnatum Pico) 1 %, s\u00f3l, aromat. <\/p>\n<p>OPIS<br \/>Produkt \u201eTrio\u201d to ekskluzywny zestaw przeznaczony dla mi\u0142o\u015bnik\u00f3w trufli, sk\u0142adaj\u0105cy si\u0119 z trzech r\u00f3\u017cnych rodzaj\u00f3w sos\u00f3w: sosu z czarnej trufli, sosu z bia\u0142ej trufli i sosu kr\u00f3lewskiego.<br \/>Trio prezentowane jest w eleganckich, \u0142atwych w u\u017cyciu pojemnikach, kt\u00f3re zachowuj\u0105 \u015bwie\u017co\u015b\u0107 i smak produkt\u00f3w truflowych, dzi\u0119ki czemu jest idealnym prezentem dla mi\u0142o\u015bnik\u00f3w wykwintnego jedzenia lub luksusowym dodatkiem do w\u0142asnej spi\u017carni.<br \/>\u0141atwo si\u0119 rozprowadza, mo\u017cna go je\u015b\u0107 na zimno z kanapkami, tapas i bruschettami lub podgrza\u0107 z makaronem, ry\u017cem lub risotto. Polecany tak\u017ce jako dodatek do da\u0144 na bazie mi\u0119sa i ryb.<\/p>\n<p>SALSA TARTUFATA BIANCA &#8211; Sos z trufl\u0105 bia\u0142\u0105 <br \/>WARTO\u015a\u0106 OD\u017bYWCZA W 100 g<br \/>Warto\u015b\u0107 energetyczna: 842 kJ\/204 kcal <br \/>T\u0142uszcz: 20,44 g <br \/>w tym kwasy t\u0142uszczowe nasycone: 2,44 g <br \/>W\u0119glowodany: 3,49 g<br \/>w tym cukry: 1,13 g <br \/>Bia\u0142ko: 0,32 g<br \/>S\u00f3l: 1,13 g. <\/p>\n<p>SALSA TARTUFATA &#8211; Sos z czarn\u0105 trufl\u0105 letni\u0105 <br \/>WARTO\u015a\u0106 OD\u017bYWCZA W 100 g<br \/>Warto\u015b\u0107 energetyczna: 917 kJ\/223 kcal<br \/>T\u0142uszcz: 23,62 g <br \/>w tym kwasy t\u0142uszczowe nasycone: 2,81 g <br \/>W\u0119glowodany: 1,1 g<br \/>w tym cukry: 1,1 g <br \/>Bia\u0142ko: 0,18 g <br \/>S\u00f3l: 1,52 g. <\/p>\n<p>SALSA REALE CON TARTUFI BIANCHI &#8211; Sos z trufl\u0105 bia\u0142\u0105 i serem Grana Padano.<br \/>WARTO\u015a\u0106 OD\u017bYWCZA W 100 g<br \/>Warto\u015b\u0107 energetyczna: 1366 kJ\/331 kcal<br \/>T\u0142uszcz: 32,51 g<br \/>w tym kwasy t\u0142uszczowe nasycone: 21,51 g<br \/>W\u0119glowodany: 6,36 g <br \/>w tym cukry: 2,58 g<br \/>Bia\u0142ko: 3,08 g<br \/>S\u00f3l: 1,15 g.&nbsp;<\/p>\n<p>INFORMACJA ALERGENNA<br \/>Mo\u017ce zawiera\u0107 ZBO\u017bA ZAWIERAJ\u0104CE GLUTEN, MLEKO, JAJA, siarczyny. <\/p>\n<p>ZALECANE WARUNKI PRZECHOWYWANIA<br \/>Po otwarciu przechowywa\u0107 w lod\u00f3wce w temperaturze 0-4 \u2103 i spo\u017cy\u0107 w ci\u0105gu 4\/5 dni.&nbsp;<\/p>","protected":false},"excerpt":{"rendered":"<p>SK\u0141ADNIKISALSA TARTUFATA BIANCA &#8211; Sos z trufl\u0105 bia\u0142\u0105 Sk\u0142adniki: pieczarki (Agaricus bisporus), olej s\u0142onecznikowy, m\u0105ka ry\u017cowa, trufle bianchetto (Tuber borchii, Vittad) 2 %, s\u00f3l, aromat. SALSA TARTUFATA &#8211; Sos z czarn\u0105 trufl\u0105 letni\u0105 Sk\u0142adniki: pieczarki (Agaricus bisporus), olej s\u0142onecznikowy, czarna trufla letnia (Tuber aestivum, Vittad.) 3 %, s\u00f3l, aromat, pieprz, czosnek. SALSA REALE CON TARTUFI [&hellip;]<\/p>","protected":false},"featured_media":11002,"comment_status":"closed","ping_status":"open","template":"","meta":{"_acf_changed":false},"product_brand":[],"product_cat":[1992,94],"product_tag":[],"class_list":{"0":"post-11001","1":"product","2":"type-product","3":"status-publish","4":"has-post-thumbnail","6":"product_cat-inne-sosy","7":"product_cat-sosy","8":"pa_ean-matka-8331","9":"pa_gwarancja-przydatnosci-320","10":"pa_ilosc-w-opakowaniu-8330","11":"pa_jednostka-podstawowa-szt","12":"pa_kod-cn-2103-90-90","13":"pa_masa-netto-2520","14":"pa_objetosc-brutto-3315","15":"pa_producent-sacchi-tartufi-pasty-sosy-oliwy-truflowe","16":"pa_producent-nazwa-adres-tartufi-delizie-srl-via-amedeo-avogadro-19-fano-pu-61032","17":"pa_tagi-bez-cukru-w-skladnikach","18":"pa_tagi-bez-glutenu-w-skladnikach","19":"pa_tagi-wegetarianski","21":"first","22":"instock","23":"taxable","24":"shipping-taxable","25":"purchasable","26":"product-type-simple"},"acf":[],"_links":{"self":[{"href":"https:\/\/wiejskieprzysmaki.estima.site\/en\/wp-json\/wp\/v2\/product\/11001","targetHints":{"allow":["GET"]}}],"collection":[{"href":"https:\/\/wiejskieprzysmaki.estima.site\/en\/wp-json\/wp\/v2\/product"}],"about":[{"href":"https:\/\/wiejskieprzysmaki.estima.site\/en\/wp-json\/wp\/v2\/types\/product"}],"replies":[{"embeddable":true,"href":"https:\/\/wiejskieprzysmaki.estima.site\/en\/wp-json\/wp\/v2\/comments?post=11001"}],"wp:featuredmedia":[{"embeddable":true,"href":"https:\/\/wiejskieprzysmaki.estima.site\/en\/wp-json\/wp\/v2\/media\/11002"}],"wp:attachment":[{"href":"https:\/\/wiejskieprzysmaki.estima.site\/en\/wp-json\/wp\/v2\/media?parent=11001"}],"wp:term":[{"taxonomy":"product_brand","embeddable":true,"href":"https:\/\/wiejskieprzysmaki.estima.site\/en\/wp-json\/wp\/v2\/product_brand?post=11001"},{"taxonomy":"product_cat","embeddable":true,"href":"https:\/\/wiejskieprzysmaki.estima.site\/en\/wp-json\/wp\/v2\/product_cat?post=11001"},{"taxonomy":"product_tag","embeddable":true,"href":"https:\/\/wiejskieprzysmaki.estima.site\/en\/wp-json\/wp\/v2\/product_tag?post=11001"}],"curies":[{"name":"wp","href":"https:\/\/api.w.org\/{rel}","templated":true}]}}