{"id":11005,"date":"2025-02-18T12:27:07","date_gmt":"2025-02-18T11:27:07","guid":{"rendered":"https:\/\/wiejskieprzysmaki.estima.site\/produkt\/rabarbar-w-czekoladzie-creamy-bio-70-g-cocoa\/"},"modified":"2025-02-18T12:27:08","modified_gmt":"2025-02-18T11:27:08","slug":"rabarbar-w-czekoladzie-creamy-bio-70-g-cocoa","status":"publish","type":"product","link":"https:\/\/wiejskieprzysmaki.estima.site\/en\/product\/rabarbar-w-czekoladzie-creamy-bio-70-g-cocoa\/","title":{"rendered":"RABARBAR W CZEKOLADZIE CREAMY BIO 70 g &#8211; COCOA"},"content":{"rendered":"<p>SK\u0141ADNIKI<br \/>rabarbar* 50 % (suszony rabarbar* 68 %, koncentrat soku jab\u0142kowego* 31 %, olej s\u0142onecznikowy* 1 %), czekolada* 50 % (t\u0142uszcz kakaowy*, inulina*, substancja s\u0142odz\u0105ca: erytrytol*, MIGDA\u0141Y*, sproszkowany nap\u00f3j OWSIANY*, niepra\u017cone ziarno kakao*, sproszkowany mi\u0105\u017csz koksowy*, naturalne aromaty, emulgator: lecytyny (ze s\u0142onecznika*) &#8211; zawarto\u015b\u0107 masy kakaowej minimum 31 %). (*certyfikowany sk\u0142adnik ekologiczny)<\/p>\n<p>OPIS<br \/>Nasza autorska surowa czekolada to prawdziwa gratka dla mi\u0142o\u015bnik\u00f3w czekolad! Jest subtelna w smaku i pozbawiona mocnej goryczy. Surowa czekolada zapewnia nam intensywny smak ziaren peruwia\u0144skiego kakaowca, kt\u00f3re \u015bwietnie komponuj\u0105 si\u0119 ze smakiem rabarbaru. Gwarantujemy, \u017ce ta kombinacja zaskoczy\u0142a pozytywnie ju\u017c niejednego smakosza s\u0142odkich przek\u0105sek!<\/p>\n<p>WARTO\u015a\u0106 OD\u017bYWCZA w 100 g <br \/>Warto\u015b\u0107 energetyczna: 1612 kJ \/ 387 kcal<br \/>T\u0142uszcz: 18 g<br \/>w tym kwasy t\u0142uszczowe nasycone: 10 g<br \/>W\u0119glowodany: 50 g<br \/>w tym cukry: 34 g<br \/>w tym poliole: 7,4 g<br \/>B\u0142onnik: 17 g<br \/>Bia\u0142ko: 3,9 g<br \/>S\u00f3l: 0,15 g<\/p>\n<p>INFORMACJA ALERGENNA<br \/>Mo\u017ce zawiera\u0107 ORZESZKI ZIEMNE i inne orzechy.<\/p>\n<p>ZALECANE WARUNKI PRZECHOWYWANIA<br \/>Przechowywa\u0107 w suchym i ch\u0142odnym miejscu.<\/p>","protected":false},"excerpt":{"rendered":"<p>SK\u0141ADNIKIrabarbar* 50 % (suszony rabarbar* 68 %, koncentrat soku jab\u0142kowego* 31 %, olej s\u0142onecznikowy* 1 %), czekolada* 50 % (t\u0142uszcz kakaowy*, inulina*, substancja s\u0142odz\u0105ca: erytrytol*, MIGDA\u0141Y*, sproszkowany nap\u00f3j OWSIANY*, niepra\u017cone ziarno kakao*, sproszkowany mi\u0105\u017csz koksowy*, naturalne aromaty, emulgator: lecytyny (ze s\u0142onecznika*) &#8211; zawarto\u015b\u0107 masy kakaowej minimum 31 %). (*certyfikowany sk\u0142adnik ekologiczny) OPISNasza autorska surowa czekolada [&hellip;]<\/p>","protected":false},"featured_media":11006,"comment_status":"closed","ping_status":"open","template":"","meta":{"_acf_changed":false},"product_brand":[],"product_cat":[700,139],"product_tag":[],"class_list":{"0":"post-11005","1":"product","2":"type-product","3":"status-publish","4":"has-post-thumbnail","6":"product_cat-bakalie-w-czekol-i-kandyz","7":"product_cat-slodycze-i-przekaski","8":"pa_ean-matka-8333","9":"pa_gwarancja-przydatnosci-324","10":"pa_ilosc-w-opakowaniu-694","11":"pa_jednostka-podstawowa-szt","12":"pa_kod-cn-1806-90-19","13":"pa_masa-netto-695","14":"pa_objetosc-brutto-4923","15":"pa_producent-cocoa-czekolady-i-bakalie-w-surowej-czekoladzie","16":"pa_producent-nazwa-adres-surovital-marcin-rendak-karol-szwed-s-c-sw-urszuli-ledochowskiej-5-18-02-972-warszawa","17":"pa_tagi-certyfikat-bio","18":"pa_tagi-weganski","19":"pa_tagi-wegetarianski","21":"first","22":"instock","23":"taxable","24":"shipping-taxable","25":"purchasable","26":"product-type-simple"},"acf":[],"_links":{"self":[{"href":"https:\/\/wiejskieprzysmaki.estima.site\/en\/wp-json\/wp\/v2\/product\/11005","targetHints":{"allow":["GET"]}}],"collection":[{"href":"https:\/\/wiejskieprzysmaki.estima.site\/en\/wp-json\/wp\/v2\/product"}],"about":[{"href":"https:\/\/wiejskieprzysmaki.estima.site\/en\/wp-json\/wp\/v2\/types\/product"}],"replies":[{"embeddable":true,"href":"https:\/\/wiejskieprzysmaki.estima.site\/en\/wp-json\/wp\/v2\/comments?post=11005"}],"wp:featuredmedia":[{"embeddable":true,"href":"https:\/\/wiejskieprzysmaki.estima.site\/en\/wp-json\/wp\/v2\/media\/11006"}],"wp:attachment":[{"href":"https:\/\/wiejskieprzysmaki.estima.site\/en\/wp-json\/wp\/v2\/media?parent=11005"}],"wp:term":[{"taxonomy":"product_brand","embeddable":true,"href":"https:\/\/wiejskieprzysmaki.estima.site\/en\/wp-json\/wp\/v2\/product_brand?post=11005"},{"taxonomy":"product_cat","embeddable":true,"href":"https:\/\/wiejskieprzysmaki.estima.site\/en\/wp-json\/wp\/v2\/product_cat?post=11005"},{"taxonomy":"product_tag","embeddable":true,"href":"https:\/\/wiejskieprzysmaki.estima.site\/en\/wp-json\/wp\/v2\/product_tag?post=11005"}],"curies":[{"name":"wp","href":"https:\/\/api.w.org\/{rel}","templated":true}]}}