{"id":11011,"date":"2025-02-18T12:27:07","date_gmt":"2025-02-18T11:27:07","guid":{"rendered":"https:\/\/wiejskieprzysmaki.estima.site\/produkt\/borowka-amerykanska-100-bio-240-g-batom\/"},"modified":"2025-02-18T12:27:11","modified_gmt":"2025-02-18T11:27:11","slug":"borowka-amerykanska-100-bio-240-g-batom","status":"publish","type":"product","link":"https:\/\/wiejskieprzysmaki.estima.site\/en\/product\/borowka-amerykanska-100-bio-240-g-batom\/","title":{"rendered":"BOR\u00d3WKA AMERYKA\u0143SKA 100 % BIO 240 g &#8211; BATOM"},"content":{"rendered":"<p>SK\u0141ADNIKI<br \/>ekologiczna bor\u00f3wka ameryka\u0144ska 100 %.<\/p>\n<p>OPIS<br \/>Ekologiczna bor\u00f3wka ameryka\u0144ska bez dodatku cukru. Zawiera naturalnie wyst\u0119puj\u0105ce cukry. <br \/>Bor\u00f3wka ameryka\u0144ska gotowana, pasteryzowana, bez dodanej wody. <\/p>\n<p>WARTO\u015a\u0106 OD\u017bYWCZA w 100 g<br \/>Warto\u015b\u0107 energetyczna: 229 kJ\/54 kcal<br \/>T\u0142uszcz: 0 g<br \/>w tym kwasy t\u0142uszczowe nasycone: 0 g<br \/>W\u0119glowodany: 14 g<br \/>w tym cukry: 10 g<br \/>Bia\u0142ko: &lt;0,5 g<br \/>S\u00f3l: 0,07 g<\/p>\n<p>ZALECANE WARUNKI PRZECHOWYWANIA<br \/>Po otwarciu przechowywa\u0107 w temperaturze ok +4\u00b0C <\/p>","protected":false},"excerpt":{"rendered":"<p>SK\u0141ADNIKIekologiczna bor\u00f3wka ameryka\u0144ska 100 %. OPISEkologiczna bor\u00f3wka ameryka\u0144ska bez dodatku cukru. Zawiera naturalnie wyst\u0119puj\u0105ce cukry. Bor\u00f3wka ameryka\u0144ska gotowana, pasteryzowana, bez dodanej wody. WARTO\u015a\u0106 OD\u017bYWCZA w 100 gWarto\u015b\u0107 energetyczna: 229 kJ\/54 kcalT\u0142uszcz: 0 gw tym kwasy t\u0142uszczowe nasycone: 0 gW\u0119glowodany: 14 gw tym cukry: 10 gBia\u0142ko: &lt;0,5 gS\u00f3l: 0,07 g ZALECANE WARUNKI PRZECHOWYWANIAPo otwarciu przechowywa\u0107 w [&hellip;]<\/p>","protected":false},"featured_media":11012,"comment_status":"closed","ping_status":"open","template":"","meta":{"_acf_changed":false},"product_brand":[],"product_cat":[999,998],"product_tag":[],"class_list":{"0":"post-11011","1":"product","2":"type-product","3":"status-publish","4":"has-post-thumbnail","6":"product_cat-dzemy-konfitury-musy","7":"product_cat-przetwory-warzywne-i-owocowe","8":"pa_ean-matka-8337","9":"pa_gwarancja-przydatnosci-324","10":"pa_ilosc-w-opakowaniu-331","11":"pa_jednostka-podstawowa-szt","12":"pa_kod-cn-2007-99-39","13":"pa_masa-netto-446","14":"pa_objetosc-brutto-361","15":"pa_producent-batom-oleje-soki-sole-kapielowe","16":"pa_producent-nazwa-adres-batom-pl-jozef-lesniak-30-079-krakow-ul-fieldorfa-nila-17","17":"pa_tagi-bez-cukru-w-skladnikach","18":"pa_tagi-bez-glutenu-w-skladnikach","19":"pa_tagi-certyfikat-bio","20":"pa_tagi-weganski","21":"pa_tagi-wegetarianski","23":"first","24":"instock","25":"taxable","26":"shipping-taxable","27":"purchasable","28":"product-type-simple"},"acf":[],"_links":{"self":[{"href":"https:\/\/wiejskieprzysmaki.estima.site\/en\/wp-json\/wp\/v2\/product\/11011","targetHints":{"allow":["GET"]}}],"collection":[{"href":"https:\/\/wiejskieprzysmaki.estima.site\/en\/wp-json\/wp\/v2\/product"}],"about":[{"href":"https:\/\/wiejskieprzysmaki.estima.site\/en\/wp-json\/wp\/v2\/types\/product"}],"replies":[{"embeddable":true,"href":"https:\/\/wiejskieprzysmaki.estima.site\/en\/wp-json\/wp\/v2\/comments?post=11011"}],"wp:featuredmedia":[{"embeddable":true,"href":"https:\/\/wiejskieprzysmaki.estima.site\/en\/wp-json\/wp\/v2\/media\/11012"}],"wp:attachment":[{"href":"https:\/\/wiejskieprzysmaki.estima.site\/en\/wp-json\/wp\/v2\/media?parent=11011"}],"wp:term":[{"taxonomy":"product_brand","embeddable":true,"href":"https:\/\/wiejskieprzysmaki.estima.site\/en\/wp-json\/wp\/v2\/product_brand?post=11011"},{"taxonomy":"product_cat","embeddable":true,"href":"https:\/\/wiejskieprzysmaki.estima.site\/en\/wp-json\/wp\/v2\/product_cat?post=11011"},{"taxonomy":"product_tag","embeddable":true,"href":"https:\/\/wiejskieprzysmaki.estima.site\/en\/wp-json\/wp\/v2\/product_tag?post=11011"}],"curies":[{"name":"wp","href":"https:\/\/api.w.org\/{rel}","templated":true}]}}