{"id":11013,"date":"2025-02-18T12:27:07","date_gmt":"2025-02-18T11:27:07","guid":{"rendered":"https:\/\/wiejskieprzysmaki.estima.site\/produkt\/cynamon-cejlonski-mielony-bio-1-kg-horeca-batom\/"},"modified":"2025-02-18T12:27:11","modified_gmt":"2025-02-18T11:27:11","slug":"cynamon-cejlonski-mielony-bio-1-kg-horeca-batom","status":"publish","type":"product","link":"https:\/\/wiejskieprzysmaki.estima.site\/en\/product\/cynamon-cejlonski-mielony-bio-1-kg-horeca-batom\/","title":{"rendered":"CYNAMON CEJLO\u0143SKI MIELONY BIO 1 kg &#8211; HORECA (BATOM)"},"content":{"rendered":"<p>SK\u0141ADNIKI<br \/>ekologiczny cynamon cejlo\u0144ski mielony 100 %.<\/p>\n<p>OPIS<br \/>Cynamon cejlo\u0144ski jest wysoko cenion\u0105 przypraw\u0105 o korzennym, s\u0142odkim, \u0142agodnym smaku. Znakomity do s\u0142odkich da\u0144 z ry\u017cu, pieczonych jab\u0142ek, ciast.<\/p>\n<p>INFORMACJA ALERGENNA<br \/>Mo\u017ce zawiera\u0107 ZBO\u017bA ZAWIERAJ\u0104CE GLUTEN, ORZECHY, nasiona sezamu.<\/p>\n<p>ZALECANE WARUNKI PRZECHOWYWANIA<br \/>Przechowywa\u0107 w suchym i ch\u0142odnym miejscu<\/p>","protected":false},"excerpt":{"rendered":"<p>SK\u0141ADNIKIekologiczny cynamon cejlo\u0144ski mielony 100 %. OPISCynamon cejlo\u0144ski jest wysoko cenion\u0105 przypraw\u0105 o korzennym, s\u0142odkim, \u0142agodnym smaku. Znakomity do s\u0142odkich da\u0144 z ry\u017cu, pieczonych jab\u0142ek, ciast. INFORMACJA ALERGENNAMo\u017ce zawiera\u0107 ZBO\u017bA ZAWIERAJ\u0104CE GLUTEN, ORZECHY, nasiona sezamu. ZALECANE WARUNKI PRZECHOWYWANIAPrzechowywa\u0107 w suchym i ch\u0142odnym miejscu<\/p>","protected":false},"featured_media":11014,"comment_status":"closed","ping_status":"open","template":"","meta":{"_acf_changed":false},"product_brand":[],"product_cat":[238,229],"product_tag":[],"class_list":{"0":"post-11013","1":"product","2":"type-product","3":"status-publish","4":"has-post-thumbnail","6":"product_cat-jednorodne","7":"product_cat-przyprawy-i-ziola","8":"pa_ean-matka-8338","9":"pa_gwarancja-przydatnosci-324","10":"pa_ilosc-w-opakowaniu-401","11":"pa_jednostka-podstawowa-szt","12":"pa_kod-cn-0906-20-00","13":"pa_masa-netto-209","14":"pa_objetosc-brutto-5781","15":"pa_producent-horeca-bio-pozostale","16":"pa_producent-nazwa-adres-batom-pl-jozef-lesniak-30-079-krakow-ul-fieldorfa-nila-17","17":"pa_tagi-bez-cukru-w-skladnikach","18":"pa_tagi-bez-glutenu-w-skladnikach","19":"pa_tagi-certyfikat-bio","20":"pa_tagi-weganski","21":"pa_tagi-wegetarianski","23":"first","24":"instock","25":"taxable","26":"shipping-taxable","27":"purchasable","28":"product-type-simple"},"acf":[],"_links":{"self":[{"href":"https:\/\/wiejskieprzysmaki.estima.site\/en\/wp-json\/wp\/v2\/product\/11013","targetHints":{"allow":["GET"]}}],"collection":[{"href":"https:\/\/wiejskieprzysmaki.estima.site\/en\/wp-json\/wp\/v2\/product"}],"about":[{"href":"https:\/\/wiejskieprzysmaki.estima.site\/en\/wp-json\/wp\/v2\/types\/product"}],"replies":[{"embeddable":true,"href":"https:\/\/wiejskieprzysmaki.estima.site\/en\/wp-json\/wp\/v2\/comments?post=11013"}],"wp:featuredmedia":[{"embeddable":true,"href":"https:\/\/wiejskieprzysmaki.estima.site\/en\/wp-json\/wp\/v2\/media\/11014"}],"wp:attachment":[{"href":"https:\/\/wiejskieprzysmaki.estima.site\/en\/wp-json\/wp\/v2\/media?parent=11013"}],"wp:term":[{"taxonomy":"product_brand","embeddable":true,"href":"https:\/\/wiejskieprzysmaki.estima.site\/en\/wp-json\/wp\/v2\/product_brand?post=11013"},{"taxonomy":"product_cat","embeddable":true,"href":"https:\/\/wiejskieprzysmaki.estima.site\/en\/wp-json\/wp\/v2\/product_cat?post=11013"},{"taxonomy":"product_tag","embeddable":true,"href":"https:\/\/wiejskieprzysmaki.estima.site\/en\/wp-json\/wp\/v2\/product_tag?post=11013"}],"curies":[{"name":"wp","href":"https:\/\/api.w.org\/{rel}","templated":true}]}}