{"id":11017,"date":"2025-02-18T12:27:07","date_gmt":"2025-02-18T11:27:07","guid":{"rendered":"https:\/\/wiejskieprzysmaki.estima.site\/produkt\/krowki-o-smaku-toffi-bezmleczne-bezglutenowe-bio-100-g-me-gusto-super-krowka\/"},"modified":"2025-02-18T12:27:12","modified_gmt":"2025-02-18T11:27:12","slug":"krowki-o-smaku-toffi-bezmleczne-bezglutenowe-bio-100-g-me-gusto-super-krowka","status":"publish","type":"product","link":"https:\/\/wiejskieprzysmaki.estima.site\/en\/product\/krowki-o-smaku-toffi-bezmleczne-bezglutenowe-bio-100-g-me-gusto-super-krowka\/","title":{"rendered":"KR\u00d3WKI O SMAKU TOFFI BEZMLECZNE BEZGLUTENOWE BIO 100 g &#8211; ME GUSTO (SUPER KR\u00d3WKA)"},"content":{"rendered":"<p>SK\u0141ADNIKI<br \/>cukier kokosowy*, proszek kokosowy*, syrop ry\u017cowy*, bia\u0142ko s\u0142onecznika*, guma arabska (b\u0142onnik z akacji)*. (*certyfikowany sk\u0142adnik ekologiczny)<\/p>\n<p>OPIS<br \/>Wega\u0144skie kr\u00f3wki bez MLEKA toffi s\u0105 niezwykle apetyczn\u0105 przek\u0105sk\u0105, idealn\u0105 dla ka\u017cdego, kto stawia na zdrowy spos\u00f3b \u017cycia. Pozbawione glutenu, laktozy i syropu glukozowo-fruktozowego, stanowi\u0105 doskona\u0142y wyb\u00f3r dla alergik\u00f3w, wegan oraz os\u00f3b prowadz\u0105cych aktywny tryb \u017cycia. Ich wyj\u0105tkowa formu\u0142a, oparta na proszku i cukrze kokosowym, nie tylko zachwyca podniebienie, ale r\u00f3wnie\u017c dostarcza b\u0142onnika pokarmowego oraz cennych minera\u0142\u00f3w. Wega\u0144skie kawa\u0142ki s\u0142odyczy bez MLEKA to harmonijne po\u0142\u0105czenie smaku i warto\u015bci od\u017cywczych, kt\u00f3re nie tylko sprawia przyjemno\u015b\u0107 podczas spo\u017cywania, ale r\u00f3wnie\u017c wspiera zdrowy tryb \u017cycia. \u0179r\u00f3d\u0142o b\u0142onnika pokarmowego, fosforu, magnezu, potasu, wapnia i \u017celaza. <\/p>\n<p>WARTO\u015a\u0106 OD\u017bYWCZA w 100 g <br \/>Warto\u015b\u0107 energetyczna: 1611 kJ \/ 383 kcal<br \/>T\u0142uszcz: 12 g<br \/>w tym kwasy t\u0142uszczowe nasycone: 10 g<br \/>W\u0119glowodany: 63 g<br \/>w tym cukry: 57 g<br \/>B\u0142onnik: 5,2 g<br \/>Bia\u0142ko: 4,1 g<br \/>S\u00f3l: 0,18 g<\/p>\n<p>Sk\u0142adniki mineralne:<br \/>Potas: 524 mg (26 %)**<br \/>Fosfor: 170 mg (24 %)**<br \/>Magnez: 65 mg (17 %)**<br \/>Wap\u0144: 168 mg (21 %)**<br \/>\u017belazo: 2,6 mg (19 %)**<br \/>** referencyjna warto\u015b\u0107 spo\u017cycia<\/p>\n<p>INFORMACJA ALERGENNA<br \/>Mo\u017ce zawiera\u0107 sezam.<\/p>\n<p>UWAGA<br \/>Dopuszcza si\u0119 nieznaczne r\u00f3\u017cnice pomi\u0119dzy poszczeg\u00f3lnymi partiami wynikaj\u0105ce z naturalnego pochodzenia produktu<\/p>\n<p>ZALECANE WARUNKI PRZECHOWYWANIA<br \/>Przechowywa\u0107 w suchym i ch\u0142odnym miejscu.<\/p>","protected":false},"excerpt":{"rendered":"<p>SK\u0141ADNIKIcukier kokosowy*, proszek kokosowy*, syrop ry\u017cowy*, bia\u0142ko s\u0142onecznika*, guma arabska (b\u0142onnik z akacji)*. (*certyfikowany sk\u0142adnik ekologiczny) OPISWega\u0144skie kr\u00f3wki bez MLEKA toffi s\u0105 niezwykle apetyczn\u0105 przek\u0105sk\u0105, idealn\u0105 dla ka\u017cdego, kto stawia na zdrowy spos\u00f3b \u017cycia. Pozbawione glutenu, laktozy i syropu glukozowo-fruktozowego, stanowi\u0105 doskona\u0142y wyb\u00f3r dla alergik\u00f3w, wegan oraz os\u00f3b prowadz\u0105cych aktywny tryb \u017cycia. Ich wyj\u0105tkowa formu\u0142a, [&hellip;]<\/p>","protected":false},"featured_media":11018,"comment_status":"closed","ping_status":"open","template":"","meta":{"_acf_changed":false},"product_brand":[],"product_cat":[1175,139],"product_tag":[],"class_list":{"0":"post-11017","1":"product","2":"type-product","3":"status-publish","4":"has-post-thumbnail","6":"product_cat-cukierki-lizaki","7":"product_cat-slodycze-i-przekaski","8":"pa_ean-matka-8341","9":"pa_gwarancja-przydatnosci-320","10":"pa_ilosc-w-opakowaniu-374","11":"pa_jednostka-podstawowa-szt","12":"pa_kod-cn-1704-90-75","13":"pa_masa-netto-242","14":"pa_objetosc-brutto-2065","15":"pa_producent-me-gusto-krowki-weganskie-czekolady-wafelki","16":"pa_producent-nazwa-adres-me-gusto","17":"pa_tagi-bez-glutenu-deklaracja","18":"pa_tagi-bez-glutenu-w-skladnikach","19":"pa_tagi-certyfikat-bio","20":"pa_tagi-weganski","21":"pa_tagi-wegetarianski","23":"first","24":"instock","25":"taxable","26":"shipping-taxable","27":"purchasable","28":"product-type-simple"},"acf":[],"_links":{"self":[{"href":"https:\/\/wiejskieprzysmaki.estima.site\/en\/wp-json\/wp\/v2\/product\/11017","targetHints":{"allow":["GET"]}}],"collection":[{"href":"https:\/\/wiejskieprzysmaki.estima.site\/en\/wp-json\/wp\/v2\/product"}],"about":[{"href":"https:\/\/wiejskieprzysmaki.estima.site\/en\/wp-json\/wp\/v2\/types\/product"}],"replies":[{"embeddable":true,"href":"https:\/\/wiejskieprzysmaki.estima.site\/en\/wp-json\/wp\/v2\/comments?post=11017"}],"wp:featuredmedia":[{"embeddable":true,"href":"https:\/\/wiejskieprzysmaki.estima.site\/en\/wp-json\/wp\/v2\/media\/11018"}],"wp:attachment":[{"href":"https:\/\/wiejskieprzysmaki.estima.site\/en\/wp-json\/wp\/v2\/media?parent=11017"}],"wp:term":[{"taxonomy":"product_brand","embeddable":true,"href":"https:\/\/wiejskieprzysmaki.estima.site\/en\/wp-json\/wp\/v2\/product_brand?post=11017"},{"taxonomy":"product_cat","embeddable":true,"href":"https:\/\/wiejskieprzysmaki.estima.site\/en\/wp-json\/wp\/v2\/product_cat?post=11017"},{"taxonomy":"product_tag","embeddable":true,"href":"https:\/\/wiejskieprzysmaki.estima.site\/en\/wp-json\/wp\/v2\/product_tag?post=11017"}],"curies":[{"name":"wp","href":"https:\/\/api.w.org\/{rel}","templated":true}]}}