{"id":1102,"date":"2025-02-18T10:34:30","date_gmt":"2025-02-18T09:34:30","guid":{"rendered":"https:\/\/wiejskieprzysmaki.estima.site\/produkt\/coconut-milk-napoj-kokosowy-w-proszku-bio-150-g-cocomi\/"},"modified":"2025-02-18T10:34:31","modified_gmt":"2025-02-18T09:34:31","slug":"coconut-milk-napoj-kokosowy-w-proszku-bio-150-g-cocomi","status":"publish","type":"product","link":"https:\/\/wiejskieprzysmaki.estima.site\/en\/product\/coconut-milk-napoj-kokosowy-w-proszku-bio-150-g-cocomi\/","title":{"rendered":"COCONUT MILK &#8211; NAP\u00d3J KOKOSOWY W PROSZKU BIO 150 g &#8211; COCOMI"},"content":{"rendered":"<p>SK\u0141ADNIKI <br \/>mi\u0105\u017csz z kokosa* (82 %), maltodekstryna*, bia\u0142ko ro\u015blinne, stabilizator: siarczan wapnia, regulator kwasowosci: weglany sodu (*certyfikowany sk\u0142adnik ekologiczny)<\/p>\n<p>SPOS\u00d3B PRZYGOTOWANIA <br \/>Aby uzyska\u0107 nap\u00f3j kokosowy nale\u017cy wymiesza\u0107 60 g proszku ze 190 ml ciep\u0142ej wody. Aby uzyska\u0107 g\u0119stsz\u0105 konsystencj\u0119 nale\u017cy u\u017cy\u0107 165 ml ciep\u0142ej wody i 90 g proszku.  <\/p>\n<p>WARTO\u015a\u0106 OD\u017bYWCZA W 100 g  <br \/>Warto\u015b\u0107 energetyczna: 2815 kJ \/ 680 kcal  <br \/>T\u0142uszcz: 60 g  <br \/>w tym kwasy t\u0142uszczowe nasycone: 54 g  <br \/>Weglowodany: 22 g  <br \/>w tym cukry: 8 g  <br \/>B\u0142onnik: 0,3 g  <br \/>Bia\u0142ko: 13 g  <br \/>S\u00f3l: 0,35 g<\/p>\n<p>INFORMACJA ALERGENNA  <br \/>Mo\u017ce zawiera\u0107 MLEKO (\u0142\u0105cznie z LAKTOZ\u0104).<\/p>\n<p>ZALECANE WARUNKI PRZECHOWYWANIA <br \/>Przechowywa\u0107 w suchym miejscu z dala od \u017ar\u00f3de\u0142 \u015bwiat\u0142a i ciep\u0142a. Po otwarciu przechowywa\u0107 szczelnie zamkni\u0119te w lod\u00f3wce i spo\u017cy\u0107 w ci\u0105gu 1 miesi\u0105ca.  <\/p>","protected":false},"excerpt":{"rendered":"<p>SK\u0141ADNIKI mi\u0105\u017csz z kokosa* (82 %), maltodekstryna*, bia\u0142ko ro\u015blinne, stabilizator: siarczan wapnia, regulator kwasowosci: weglany sodu (*certyfikowany sk\u0142adnik ekologiczny) SPOS\u00d3B PRZYGOTOWANIA Aby uzyska\u0107 nap\u00f3j kokosowy nale\u017cy wymiesza\u0107 60 g proszku ze 190 ml ciep\u0142ej wody. Aby uzyska\u0107 g\u0119stsz\u0105 konsystencj\u0119 nale\u017cy u\u017cy\u0107 165 ml ciep\u0142ej wody i 90 g proszku. WARTO\u015a\u0106 OD\u017bYWCZA W 100 g Warto\u015b\u0107 [&hellip;]<\/p>","protected":false},"featured_media":1103,"comment_status":"closed","ping_status":"open","template":"","meta":{"_acf_changed":false},"product_brand":[],"product_cat":[134,1008],"product_tag":[],"class_list":{"0":"post-1102","1":"product","2":"type-product","3":"status-publish","4":"has-post-thumbnail","6":"product_cat-napoje","7":"product_cat-roslinne-alternatywy-mleka-i-smietany","8":"pa_ean-matka-1149","9":"pa_gwarancja-przydatnosci-324","10":"pa_ilosc-w-opakowaniu-374","11":"pa_jednostka-podstawowa-szt","12":"pa_kod-cn-2106-90-98","13":"pa_kraj-pochodzenia-skladnikow-rolnictwo-spoza-ue","14":"pa_masa-netto-197","15":"pa_objetosc-brutto-1148","16":"pa_producent-cocomi-wody-kokosowe-oleje-kokosowe-smietanki","17":"pa_producent-nazwa-adres-renuka-agri-organics-limited-sri-jinaratana-road-69-2-colombo","18":"pa_tagi-bez-cukru-w-skladnikach","19":"pa_tagi-bez-glutenu-w-skladnikach","20":"pa_tagi-certyfikat-bio","21":"pa_tagi-weganski","22":"pa_tagi-wegetarianski","24":"first","25":"instock","26":"taxable","27":"shipping-taxable","28":"purchasable","29":"product-type-simple"},"acf":[],"_links":{"self":[{"href":"https:\/\/wiejskieprzysmaki.estima.site\/en\/wp-json\/wp\/v2\/product\/1102","targetHints":{"allow":["GET"]}}],"collection":[{"href":"https:\/\/wiejskieprzysmaki.estima.site\/en\/wp-json\/wp\/v2\/product"}],"about":[{"href":"https:\/\/wiejskieprzysmaki.estima.site\/en\/wp-json\/wp\/v2\/types\/product"}],"replies":[{"embeddable":true,"href":"https:\/\/wiejskieprzysmaki.estima.site\/en\/wp-json\/wp\/v2\/comments?post=1102"}],"wp:featuredmedia":[{"embeddable":true,"href":"https:\/\/wiejskieprzysmaki.estima.site\/en\/wp-json\/wp\/v2\/media\/1103"}],"wp:attachment":[{"href":"https:\/\/wiejskieprzysmaki.estima.site\/en\/wp-json\/wp\/v2\/media?parent=1102"}],"wp:term":[{"taxonomy":"product_brand","embeddable":true,"href":"https:\/\/wiejskieprzysmaki.estima.site\/en\/wp-json\/wp\/v2\/product_brand?post=1102"},{"taxonomy":"product_cat","embeddable":true,"href":"https:\/\/wiejskieprzysmaki.estima.site\/en\/wp-json\/wp\/v2\/product_cat?post=1102"},{"taxonomy":"product_tag","embeddable":true,"href":"https:\/\/wiejskieprzysmaki.estima.site\/en\/wp-json\/wp\/v2\/product_tag?post=1102"}],"curies":[{"name":"wp","href":"https:\/\/api.w.org\/{rel}","templated":true}]}}