{"id":1104,"date":"2025-02-18T10:34:30","date_gmt":"2025-02-18T09:34:30","guid":{"rendered":"https:\/\/wiejskieprzysmaki.estima.site\/produkt\/olej-kokosowy-virgin-bio-1-l-cocomi\/"},"modified":"2025-02-18T10:34:32","modified_gmt":"2025-02-18T09:34:32","slug":"olej-kokosowy-virgin-bio-1-l-cocomi","status":"publish","type":"product","link":"https:\/\/wiejskieprzysmaki.estima.site\/en\/product\/olej-kokosowy-virgin-bio-1-l-cocomi\/","title":{"rendered":"OLEJ KOKOSOWY VIRGIN BIO 1 L &#8211; COCOMI"},"content":{"rendered":"<p>SK\u0141ADNIKI<br \/>olej kokosowy virgin*. (*certyfikowany sk\u0142adnik ekologiczny)<\/p>\n<p>OPIS  <br \/>Olej jest stabilny termicznie, mo\u017ce by\u0107 stosowany do gotowania i pieczenia.<br \/>Produkt ma naturaln\u0105 tendencj\u0119 do krzepni\u0119cia w temperaturze <22 \u00b0c.\n\nwarto\u015a\u0106 od\u017bywcza w 100 ml <br \/>Wartosc energetyczna: 3700 kJ\/900 kcal  <br \/>T\u0142uszcz: 100 g  <br \/>w tym kwasy t\u0142uszczowe nasycone: 93 g  <br \/>Weglowodany: 0 g  <br \/>w tym cukry: 0 g  <br \/>Bia\u0142ko: 0 g  <br \/>S\u00f3l: 0 g<\/p>\n<p>ZALECANE WARUNKI PRZECHOWYWANIA<br \/>Przechowywa\u0107 w temperaturze pokojowej, chroni\u0107 przed \u015bwiat\u0142em.<\/p>","protected":false},"excerpt":{"rendered":"<p>SK\u0141ADNIKIolej kokosowy virgin*. (*certyfikowany sk\u0142adnik ekologiczny) OPIS Olej jest stabilny termicznie, mo\u017ce by\u0107 stosowany do gotowania i pieczenia.Produkt ma naturaln\u0105 tendencj\u0119 do krzepni\u0119cia w temperaturze<\/p>","protected":false},"featured_media":1105,"comment_status":"closed","ping_status":"open","template":"","meta":{"_acf_changed":false},"product_brand":[],"product_cat":[993,994],"product_tag":[],"class_list":{"0":"post-1104","1":"product","2":"type-product","3":"status-publish","4":"has-post-thumbnail","6":"product_cat-oleje-i-oliwy","7":"product_cat-stale-kokosowe-kakaowe-shea","8":"pa_ean-matka-1152","9":"pa_gwarancja-przydatnosci-320","10":"pa_ilosc-w-opakowaniu-298","11":"pa_jednostka-podstawowa-szt","12":"pa_kod-cn-1513-11-91","13":"pa_kraj-pochodzenia-skladnikow-sri-lanka","14":"pa_objetosc-brutto-1151","15":"pa_objetosc-netto-858","16":"pa_producent-cocomi-wody-kokosowe-oleje-kokosowe-smietanki","17":"pa_producent-nazwa-adres-renuka-agri-organics-limited-sri-jinaratana-road-69-2-colombo","18":"pa_tagi-bez-cukru-w-skladnikach","19":"pa_tagi-bez-glutenu-w-skladnikach","20":"pa_tagi-certyfikat-bio","21":"pa_tagi-weganski","22":"pa_tagi-wegetarianski","24":"first","25":"instock","26":"taxable","27":"shipping-taxable","28":"purchasable","29":"product-type-simple"},"acf":[],"_links":{"self":[{"href":"https:\/\/wiejskieprzysmaki.estima.site\/en\/wp-json\/wp\/v2\/product\/1104","targetHints":{"allow":["GET"]}}],"collection":[{"href":"https:\/\/wiejskieprzysmaki.estima.site\/en\/wp-json\/wp\/v2\/product"}],"about":[{"href":"https:\/\/wiejskieprzysmaki.estima.site\/en\/wp-json\/wp\/v2\/types\/product"}],"replies":[{"embeddable":true,"href":"https:\/\/wiejskieprzysmaki.estima.site\/en\/wp-json\/wp\/v2\/comments?post=1104"}],"wp:featuredmedia":[{"embeddable":true,"href":"https:\/\/wiejskieprzysmaki.estima.site\/en\/wp-json\/wp\/v2\/media\/1105"}],"wp:attachment":[{"href":"https:\/\/wiejskieprzysmaki.estima.site\/en\/wp-json\/wp\/v2\/media?parent=1104"}],"wp:term":[{"taxonomy":"product_brand","embeddable":true,"href":"https:\/\/wiejskieprzysmaki.estima.site\/en\/wp-json\/wp\/v2\/product_brand?post=1104"},{"taxonomy":"product_cat","embeddable":true,"href":"https:\/\/wiejskieprzysmaki.estima.site\/en\/wp-json\/wp\/v2\/product_cat?post=1104"},{"taxonomy":"product_tag","embeddable":true,"href":"https:\/\/wiejskieprzysmaki.estima.site\/en\/wp-json\/wp\/v2\/product_tag?post=1104"}],"curies":[{"name":"wp","href":"https:\/\/api.w.org\/{rel}","templated":true}]}}