{"id":11052,"date":"2025-02-18T12:27:29","date_gmt":"2025-02-18T11:27:29","guid":{"rendered":"https:\/\/wiejskieprzysmaki.estima.site\/produkt\/herbata-zielona-earl-grey-bio-100-g-ecoblik\/"},"modified":"2025-02-18T12:27:31","modified_gmt":"2025-02-18T11:27:31","slug":"herbata-zielona-earl-grey-bio-100-g-ecoblik","status":"publish","type":"product","link":"https:\/\/wiejskieprzysmaki.estima.site\/en\/product\/herbata-zielona-earl-grey-bio-100-g-ecoblik\/","title":{"rendered":"HERBATA ZIELONA EARL GREY BIO 100 g &#8211; ECOBLIK"},"content":{"rendered":"<p>SK\u0141ADNIKI<br \/>zielona herbata*, olejek z bergamotki*. (*certyfikowany sk\u0142adnik ekologiczny)<\/p>\n<p>OPIS<br \/>Herbata zielona EARL GREY li\u015bciasta EKO charakteryzuje si\u0119 bardzo przyjemnym i delikatnym smakiem. Wyczuwalny jest intensywny aromat bergamotki i bogaty, \u0142atwo rozpoznawalny smak, kt\u00f3ry jest charakterystyczny dla herbaty EARL GREY. Doskonale smakuje&nbsp;zar\u00f3wno na ciep\u0142o, jak i na zimno \u2013 dla orze\u017awienia. Herbata po zaparzeniu przybiera jasnozielon\u0105 barw\u0119, pi\u0119knie prezentuj\u0105c\u0105 si\u0119 w fili\u017cance.<\/p>\n<p>SPOS\u00d3B PRZYGOTOWANIA <br \/>Wsypa\u0107 1 \u0142y\u017ceczk\u0119 (2 g) Herbaty zielonej EARL GREY do fili\u017canki o pojemno\u015bci 200 ml. Nast\u0119pnie zala\u0107 li\u015bcie gor\u0105c\u0105, ale nie wrz\u0105c\u0105 wod\u0105 &#8211; najlepiej o temperaturze 60-80 \u2103. Napar parzy\u0107 pod przykryciem ok. 5 minut, a nast\u0119pnie odcedzi\u0107 i cieszy\u0107 si\u0119 fili\u017cank\u0105 doskona\u0142ej herbaty!<\/p>\n<p>ZALECANE WARUNKI PRZECHOWYWANIA<br \/>Przechowywa\u0107 w suchym miejscu.<\/p>","protected":false},"excerpt":{"rendered":"<p>SK\u0141ADNIKIzielona herbata*, olejek z bergamotki*. (*certyfikowany sk\u0142adnik ekologiczny) OPISHerbata zielona EARL GREY li\u015bciasta EKO charakteryzuje si\u0119 bardzo przyjemnym i delikatnym smakiem. Wyczuwalny jest intensywny aromat bergamotki i bogaty, \u0142atwo rozpoznawalny smak, kt\u00f3ry jest charakterystyczny dla herbaty EARL GREY. Doskonale smakuje&nbsp;zar\u00f3wno na ciep\u0142o, jak i na zimno \u2013 dla orze\u017awienia. Herbata po zaparzeniu przybiera jasnozielon\u0105 barw\u0119, [&hellip;]<\/p>","protected":false},"featured_media":11053,"comment_status":"closed","ping_status":"open","template":"","meta":{"_acf_changed":false},"product_brand":[],"product_cat":[282,950],"product_tag":[],"class_list":{"0":"post-11052","1":"product","2":"type-product","3":"status-publish","4":"has-post-thumbnail","6":"product_cat-herbaty-i-ziola","7":"product_cat-zielone-w-tym-z-dodatkami","8":"pa_ean-matka-8362","9":"pa_gwarancja-przydatnosci-320","10":"pa_ilosc-w-opakowaniu-366","11":"pa_jednostka-podstawowa-szt","12":"pa_kod-cn-0902-30-00","13":"pa_masa-netto-242","14":"pa_objetosc-brutto-4099","15":"pa_producent-ecoblik-herbatki","16":"pa_tagi-bez-cukru-w-skladnikach","17":"pa_tagi-bez-glutenu-w-skladnikach","18":"pa_tagi-certyfikat-bio","19":"pa_tagi-weganski","20":"pa_tagi-wegetarianski","22":"first","23":"instock","24":"taxable","25":"shipping-taxable","26":"purchasable","27":"product-type-simple"},"acf":[],"_links":{"self":[{"href":"https:\/\/wiejskieprzysmaki.estima.site\/en\/wp-json\/wp\/v2\/product\/11052","targetHints":{"allow":["GET"]}}],"collection":[{"href":"https:\/\/wiejskieprzysmaki.estima.site\/en\/wp-json\/wp\/v2\/product"}],"about":[{"href":"https:\/\/wiejskieprzysmaki.estima.site\/en\/wp-json\/wp\/v2\/types\/product"}],"replies":[{"embeddable":true,"href":"https:\/\/wiejskieprzysmaki.estima.site\/en\/wp-json\/wp\/v2\/comments?post=11052"}],"wp:featuredmedia":[{"embeddable":true,"href":"https:\/\/wiejskieprzysmaki.estima.site\/en\/wp-json\/wp\/v2\/media\/11053"}],"wp:attachment":[{"href":"https:\/\/wiejskieprzysmaki.estima.site\/en\/wp-json\/wp\/v2\/media?parent=11052"}],"wp:term":[{"taxonomy":"product_brand","embeddable":true,"href":"https:\/\/wiejskieprzysmaki.estima.site\/en\/wp-json\/wp\/v2\/product_brand?post=11052"},{"taxonomy":"product_cat","embeddable":true,"href":"https:\/\/wiejskieprzysmaki.estima.site\/en\/wp-json\/wp\/v2\/product_cat?post=11052"},{"taxonomy":"product_tag","embeddable":true,"href":"https:\/\/wiejskieprzysmaki.estima.site\/en\/wp-json\/wp\/v2\/product_tag?post=11052"}],"curies":[{"name":"wp","href":"https:\/\/api.w.org\/{rel}","templated":true}]}}