{"id":11058,"date":"2025-02-18T12:27:29","date_gmt":"2025-02-18T11:27:29","guid":{"rendered":"https:\/\/wiejskieprzysmaki.estima.site\/produkt\/pinsa-bio-400-g-terrasana\/"},"modified":"2025-02-18T12:27:43","modified_gmt":"2025-02-18T11:27:43","slug":"pinsa-bio-400-g-terrasana","status":"publish","type":"product","link":"https:\/\/wiejskieprzysmaki.estima.site\/en\/product\/pinsa-bio-400-g-terrasana\/","title":{"rendered":"PINSA BIO 400 g &#8211; TERRASANA"},"content":{"rendered":"<p>SK\u0141ADNIKI<br \/>m\u0105ka PSZENNA*, woda, semolina z PSZENICY durum*, m\u0105ka ry\u017cowa*, dro\u017cd\u017ce*, bia\u0142ko ry\u017cowe*, s\u00f3l morska, \u015brodek do przetwarzania m\u0105ki\/ polepszacz: lecytyny (ze s\u0142onecznika*). (*certyfikowany sk\u0142adnik ekologiczny)<\/p>\n<p>OPIS<br \/>W\u0142oska pinsa to obecny trend. Wyobra\u017a sobie ten pyszny, puszysty chleb z odpowiedni\u0105 chrupko\u015bci\u0105 na zewn\u0105trz. Ciep\u0142y, autentyczny w\u0142oski chleb, kt\u00f3rego nie mo\u017cesz mie\u0107 do\u015b\u0107. Pinsa to idealne po\u0142\u0105czenie pizzy i focacci. Nak\u0142adasz go jak pizz\u0119, ale chleb jest bardziej przewiewny ni\u017c sp\u00f3d pizzy. Czy wiesz, dlaczego ta ekologiczna pinsa jest l\u017cejsza do strawienia ni\u017c pizza? Ciasto fermentuje oko\u0142o 12 godzin. Powoduje to dodatkow\u0105 puszysto\u015b\u0107, a co za tym idzie, lepsz\u0105 strawno\u015b\u0107. Kolejna zaleta: pinsa zawiera mniej soli ni\u017c baza do pizzy. Wi\u0119c jesz co\u015b w rodzaju pizzy i nadal czujesz si\u0119 \u015bwietnie po posi\u0142ku.<br \/>Pinsa jest r\u00f3wnie\u017c idealna, je\u015bli masz rodzin\u0119. Jako zdrowy zamiennik pizzy lub po prostu jako spersonalizowana przek\u0105ska lub lunch. Po prostu wybierasz swoje ulubione sk\u0142adniki i doprawiasz tak, jak lubisz. Z sosem, bez sosu, to zale\u017cy od Ciebie! W\u0142osi zazwyczaj preferuj\u0105 danie bez sosu, z mozzarell\u0105 jako podstaw\u0105. Je\u015bli chodzi o popularne dodatki, pomy\u015bl o \u015bwie\u017cym sosie pomidorowym, mozzarelli, oliwie z oliwek i bazylii. Ale jako wega\u0144skie dodatki \u015bwietnie sprawdzaj\u0105 si\u0119 tak\u017ce grillowany bak\u0142a\u017can, karczochy czy grzyby. Eksperymentuj i ciesz si\u0119!<br \/>W opakowaniu s\u0105 2 sztuki. Pakowano w atmosferze ochronnej. <\/p>\n<p>SPOS\u00d3B PRZYGOTOWANIA <br \/>Pola\u0107 sosem (opcjonalnie), serem i smacznymi \u015br\u00f3dziemnomorskimi sk\u0142adnikami, takimi jak karczochy, oliwki, \u015bwie\u017ca bazylia, suszone pomidory. Piec pins\u0119 w piekarniku nagrzanym do 200\u00b0C przez 8-10 minut.<\/p>\n<p>WARTO\u015a\u0106 OD\u017bYWCZA w 100 g <br \/>Warto\u015b\u0107 energetyczna: 1125 kJ \/ 265 kcal<br \/>T\u0142uszcz: 1,4 g<br \/>w tym kwasy t\u0142uszczowe nasycone: 0,1 g<br \/>W\u0119glowodany: 52 g<br \/>w tym cukry: 1,2 g<br \/>B\u0142onnik: 2,6 g<br \/>Bia\u0142ko: 10 g<br \/>S\u00f3l: 1,18 g<\/p>\n<p>INFORMACJA ALERGENNA<br \/>Mo\u017ce zawiera\u0107 SOJ\u0118, MLEKO, ORZECHY, GORCZYC\u0118, \u0141UBIN i sezam.<\/p>\n<p>ZALECANE WARUNKI PRZECHOWYWANIA<br \/>Po otwarciu przechowywa\u0107 w lod\u00f3wce i zu\u017cy\u0107 w ci\u0105gu 3 dni<\/p>","protected":false},"excerpt":{"rendered":"<p>SK\u0141ADNIKIm\u0105ka PSZENNA*, woda, semolina z PSZENICY durum*, m\u0105ka ry\u017cowa*, dro\u017cd\u017ce*, bia\u0142ko ry\u017cowe*, s\u00f3l morska, \u015brodek do przetwarzania m\u0105ki\/ polepszacz: lecytyny (ze s\u0142onecznika*). (*certyfikowany sk\u0142adnik ekologiczny) OPISW\u0142oska pinsa to obecny trend. Wyobra\u017a sobie ten pyszny, puszysty chleb z odpowiedni\u0105 chrupko\u015bci\u0105 na zewn\u0105trz. Ciep\u0142y, autentyczny w\u0142oski chleb, kt\u00f3rego nie mo\u017cesz mie\u0107 do\u015b\u0107. Pinsa to idealne po\u0142\u0105czenie pizzy [&hellip;]<\/p>","protected":false},"featured_media":11059,"comment_status":"closed","ping_status":"open","template":"","meta":{"_acf_changed":false},"product_brand":[],"product_cat":[64,1045],"product_tag":[],"class_list":{"0":"post-11058","1":"product","2":"type-product","3":"status-publish","4":"has-post-thumbnail","6":"product_cat-pieczywo","7":"product_cat-tortille-spody-do-pizzy-papier-ryzowy","8":"pa_ean-matka-8366","9":"pa_gwarancja-przydatnosci-6614","10":"pa_ilosc-w-opakowaniu-298","11":"pa_jednostka-podstawowa-szt","12":"pa_kod-cn-1902-19-90","13":"pa_kraj-pochodzenia-skladnikow-turcja","14":"pa_masa-netto-268","15":"pa_objetosc-brutto-1461","16":"pa_producent-terrasana-kremy-makarony-sosy-sojowe-inne","17":"pa_producent-nazwa-adres-terrasana-natuurvoeding-b-v-waaier-10-2451-leimuiden","18":"pa_tagi-bez-cukru-w-skladnikach","19":"pa_tagi-certyfikat-bio","20":"pa_tagi-weganski","21":"pa_tagi-wegetarianski","23":"first","24":"instock","25":"taxable","26":"shipping-taxable","27":"purchasable","28":"product-type-simple"},"acf":[],"_links":{"self":[{"href":"https:\/\/wiejskieprzysmaki.estima.site\/en\/wp-json\/wp\/v2\/product\/11058","targetHints":{"allow":["GET"]}}],"collection":[{"href":"https:\/\/wiejskieprzysmaki.estima.site\/en\/wp-json\/wp\/v2\/product"}],"about":[{"href":"https:\/\/wiejskieprzysmaki.estima.site\/en\/wp-json\/wp\/v2\/types\/product"}],"replies":[{"embeddable":true,"href":"https:\/\/wiejskieprzysmaki.estima.site\/en\/wp-json\/wp\/v2\/comments?post=11058"}],"wp:featuredmedia":[{"embeddable":true,"href":"https:\/\/wiejskieprzysmaki.estima.site\/en\/wp-json\/wp\/v2\/media\/11059"}],"wp:attachment":[{"href":"https:\/\/wiejskieprzysmaki.estima.site\/en\/wp-json\/wp\/v2\/media?parent=11058"}],"wp:term":[{"taxonomy":"product_brand","embeddable":true,"href":"https:\/\/wiejskieprzysmaki.estima.site\/en\/wp-json\/wp\/v2\/product_brand?post=11058"},{"taxonomy":"product_cat","embeddable":true,"href":"https:\/\/wiejskieprzysmaki.estima.site\/en\/wp-json\/wp\/v2\/product_cat?post=11058"},{"taxonomy":"product_tag","embeddable":true,"href":"https:\/\/wiejskieprzysmaki.estima.site\/en\/wp-json\/wp\/v2\/product_tag?post=11058"}],"curies":[{"name":"wp","href":"https:\/\/api.w.org\/{rel}","templated":true}]}}