{"id":11086,"date":"2025-02-18T12:28:16","date_gmt":"2025-02-18T11:28:16","guid":{"rendered":"https:\/\/wiejskieprzysmaki.estima.site\/produkt\/krem-sniadaniowy-bezglutenowy-190-g-baton-warszawski\/"},"modified":"2025-02-18T12:28:17","modified_gmt":"2025-02-18T11:28:17","slug":"krem-sniadaniowy-bezglutenowy-190-g-baton-warszawski","status":"publish","type":"product","link":"https:\/\/wiejskieprzysmaki.estima.site\/en\/product\/krem-sniadaniowy-bezglutenowy-190-g-baton-warszawski\/","title":{"rendered":"KREM \u015aNIADANIOWY BEZGLUTENOWY 190 g &#8211; BATON WARSZAWSKI"},"content":{"rendered":"<p>SK\u0141ADNIKI<br \/>manna kokosowa, ORZECH laskowy niepra\u017cony 21 %, inulina z cykorii (b\u0142onnik pokarmowy), olej kokosowy, ksylitol (substancja s\u0142odz\u0105ca), erytrytol (substancja s\u0142odz\u0105ca), olej s\u0142onecznikowy,pasta z ORZECH\u00d3W LASKOWYCH 4,2 %, lecytyny (ze s\u0142onecznika), \u0142uska kakaowa (b\u0142onnik pokarmowy), karob, s\u00f3l k\u0142odawska.<\/p>\n<p>OPIS<br \/>Wyj\u0105tkowy orzechowo-czekoladowy smak kremu, kt\u00f3ry urozmaici ka\u017cde s\u0142odkie danie, a jednocze\u015bnie dostarczy pot\u0119\u017cn\u0105 dawk\u0119 b\u0142onnika, witamin i mikroelement\u00f3w potrzebnych na co dzie\u0144 z najlepszych naturalnych sk\u0142adnik\u00f3w.<br \/>Zawiera substancje s\u0142odz\u0105ce. <\/p>\n<p>WARTO\u015a\u0106 OD\u017bYWCZA W 100 g<br \/>Warto\u015b\u0107 energetyczna: 2251 kJ\/538 kcal<br \/>T\u0142uszcz: 50,8 g<br \/>w tym kwasy t\u0142uszczowe nasycone: 27,7 g<br \/>W\u0119glowodany: 24,3 g<br \/>w tym cukry: 4,0 g<br \/>B\u0142onnik: 19 g<br \/>Bia\u0142ko: 6,3 g<br \/>S\u00f3l: 0,11 g<\/p>\n<p>UWAGA<br \/>Spo\u017cycie w nadmiernych ilo\u015bciach mo\u017ce mie\u0107 efekt przeczyszczaj\u0105cy. <\/p>\n<p>INFORMACJA ALERGENNA<br \/>Mo\u017ce zawiera\u0107 MIGDA\u0141Y i sezam.<\/p>\n<p>ZALECANE WARUNKI PRZECHOWYWANIA<br \/>Przechowywa\u0107 w temperaturze pokojowej. Po otwarciu przechowywa\u0107 w lod\u00f3wce i spo\u017cy\u0107 w ci\u0105gu 1 miesi\u0105ca.<\/p>","protected":false},"excerpt":{"rendered":"<p>SK\u0141ADNIKImanna kokosowa, ORZECH laskowy niepra\u017cony 21 %, inulina z cykorii (b\u0142onnik pokarmowy), olej kokosowy, ksylitol (substancja s\u0142odz\u0105ca), erytrytol (substancja s\u0142odz\u0105ca), olej s\u0142onecznikowy,pasta z ORZECH\u00d3W LASKOWYCH 4,2 %, lecytyny (ze s\u0142onecznika), \u0142uska kakaowa (b\u0142onnik pokarmowy), karob, s\u00f3l k\u0142odawska. OPISWyj\u0105tkowy orzechowo-czekoladowy smak kremu, kt\u00f3ry urozmaici ka\u017cde s\u0142odkie danie, a jednocze\u015bnie dostarczy pot\u0119\u017cn\u0105 dawk\u0119 b\u0142onnika, witamin i mikroelement\u00f3w [&hellip;]<\/p>","protected":false},"featured_media":11087,"comment_status":"closed","ping_status":"open","template":"","meta":{"_acf_changed":false},"product_brand":[],"product_cat":[734],"product_tag":[],"class_list":{"0":"post-11086","1":"product","2":"type-product","3":"status-publish","4":"has-post-thumbnail","6":"product_cat-kremy-orzechowe-czekoladowe-tahini","7":"pa_ean-matka-8383","8":"pa_gwarancja-przydatnosci-320","9":"pa_ilosc-w-opakowaniu-374","10":"pa_jednostka-podstawowa-szt","11":"pa_kod-cn-2008-19-19","12":"pa_kraj-pochodzenia-skladnikow-turcja","13":"pa_masa-netto-1057","14":"pa_objetosc-brutto-3582","15":"pa_producent-baton-warszawski-batony-ciastka-kremy","16":"pa_producent-nazwa-adres-alicja-malicka-baton-warszawski-ul-pokretna-43-05-500-nowa-iwiczna","17":"pa_tagi-bez-cukru-w-skladnikach","18":"pa_tagi-bez-glutenu-deklaracja","19":"pa_tagi-bez-glutenu-w-skladnikach","20":"pa_tagi-weganski","21":"pa_tagi-wegetarianski","23":"first","24":"instock","25":"taxable","26":"shipping-taxable","27":"purchasable","28":"product-type-simple"},"acf":[],"_links":{"self":[{"href":"https:\/\/wiejskieprzysmaki.estima.site\/en\/wp-json\/wp\/v2\/product\/11086","targetHints":{"allow":["GET"]}}],"collection":[{"href":"https:\/\/wiejskieprzysmaki.estima.site\/en\/wp-json\/wp\/v2\/product"}],"about":[{"href":"https:\/\/wiejskieprzysmaki.estima.site\/en\/wp-json\/wp\/v2\/types\/product"}],"replies":[{"embeddable":true,"href":"https:\/\/wiejskieprzysmaki.estima.site\/en\/wp-json\/wp\/v2\/comments?post=11086"}],"wp:featuredmedia":[{"embeddable":true,"href":"https:\/\/wiejskieprzysmaki.estima.site\/en\/wp-json\/wp\/v2\/media\/11087"}],"wp:attachment":[{"href":"https:\/\/wiejskieprzysmaki.estima.site\/en\/wp-json\/wp\/v2\/media?parent=11086"}],"wp:term":[{"taxonomy":"product_brand","embeddable":true,"href":"https:\/\/wiejskieprzysmaki.estima.site\/en\/wp-json\/wp\/v2\/product_brand?post=11086"},{"taxonomy":"product_cat","embeddable":true,"href":"https:\/\/wiejskieprzysmaki.estima.site\/en\/wp-json\/wp\/v2\/product_cat?post=11086"},{"taxonomy":"product_tag","embeddable":true,"href":"https:\/\/wiejskieprzysmaki.estima.site\/en\/wp-json\/wp\/v2\/product_tag?post=11086"}],"curies":[{"name":"wp","href":"https:\/\/api.w.org\/{rel}","templated":true}]}}