{"id":11092,"date":"2025-02-18T12:28:16","date_gmt":"2025-02-18T11:28:16","guid":{"rendered":"https:\/\/wiejskieprzysmaki.estima.site\/produkt\/grys-liofilizowany-kosteczki-truskaweczki-bio-20-g-helpa\/"},"modified":"2025-02-18T12:28:23","modified_gmt":"2025-02-18T11:28:23","slug":"grys-liofilizowany-kosteczki-truskaweczki-bio-20-g-helpa","status":"publish","type":"product","link":"https:\/\/wiejskieprzysmaki.estima.site\/en\/product\/grys-liofilizowany-kosteczki-truskaweczki-bio-20-g-helpa\/","title":{"rendered":"GRYS LIOFILIZOWANY (KOSTECZKI TRUSKAWECZKI) BIO 20 g &#8211; HELPA"},"content":{"rendered":"<p>SK\u0141ADNIKI<br \/>ekologiczna liofilizowana truskawka grys 100 %.<\/p>\n<p>OPIS<br \/>Odkryj Bio Grys Liofilizowany &#8211; to naturalna posypka z liofilizowanych owoc\u00f3w. Dodaj go do jogurtu, owsianki i kaszki, by wzbogaci\u0107 smak i kolor swojego posi\u0142ku. Ciesz si\u0119 ulubionymi owocami r\u00f3wnie\u017c poza sezonem. Co wyr\u00f3\u017cnia Bio Grys Co wyr\u00f3\u017cnia Bio Grys Liofilizowany Kosteczki Truskaweczki?<br \/>\u2022 Sk\u0142ad &#8211; 100 % ekologicznych truskawek i nic wi\u0119cej, bez dodatku cukru i zb\u0119dnych dodatk\u00f3w.<br \/>\u2022 Kolor, smak i aromat \u015bwie\u017cych truskawek.<br \/>\u2022 Cenne warto\u015bci od\u017cywcze: produkt poddany procesowi liofilizacji zachowuje wi\u0119kszo\u015b\u0107 sk\u0142adnik\u00f3w od\u017cywczych.<br \/>\u2022 Wygodna forma: bardzo lekkie liofilizowane owoce w formie ma\u0142ych, chrupi\u0105cych kawa\u0142k\u00f3w w opakowaniu z wygodn\u0105, zamykan\u0105 strun\u0105.<br \/>Aby wyprodukowa\u0107 20 g grysu u\u017cyli\u015bmy 240 g \u015bwie\u017cych ekologicznych truskawek.<br \/>Spr\u00f3buj naturalnej, owocowej posypki!<\/p>\n<p>WARTO\u015a\u0106 OD\u017bYWCZA w 100 g <br \/>Warto\u015b\u0107 energetyczna: 1615 kJ \/ 380 kcal<br \/>T\u0142uszcz: 2,0 g<br \/>w tym kwasy t\u0142uszczowe nasycone: 1,1 g<br \/>W\u0119glowodany: 56 g<br \/>w tym cukry: 55 g<br \/>B\u0142onnik: 24 g<br \/>Bia\u0142ko: 8,2 g<br \/>S\u00f3l: &lt;0,1 g<\/p>\n<p>ZALECANE WARUNKI PRZECHOWYWANIA<br \/>Po otwarciu przechowywa\u0107 w suchym i ch\u0142odnym miejscu w szczelnie zamkni\u0119tym opakowaniu. <\/p>","protected":false},"excerpt":{"rendered":"<p>SK\u0141ADNIKIekologiczna liofilizowana truskawka grys 100 %. OPISOdkryj Bio Grys Liofilizowany &#8211; to naturalna posypka z liofilizowanych owoc\u00f3w. Dodaj go do jogurtu, owsianki i kaszki, by wzbogaci\u0107 smak i kolor swojego posi\u0142ku. Ciesz si\u0119 ulubionymi owocami r\u00f3wnie\u017c poza sezonem. Co wyr\u00f3\u017cnia Bio Grys Co wyr\u00f3\u017cnia Bio Grys Liofilizowany Kosteczki Truskaweczki?\u2022 Sk\u0142ad &#8211; 100 % ekologicznych truskawek [&hellip;]<\/p>","protected":false},"featured_media":11093,"comment_status":"closed","ping_status":"open","template":"","meta":{"_acf_changed":false},"product_brand":[],"product_cat":[830],"product_tag":[],"class_list":{"0":"post-11092","1":"product","2":"type-product","3":"status-publish","4":"has-post-thumbnail","6":"product_cat-orzechy-i-owoce-suszone","7":"pa_ean-matka-8387","8":"pa_gwarancja-przydatnosci-1581","9":"pa_ilosc-w-opakowaniu-350","10":"pa_jednostka-podstawowa-szt","11":"pa_kod-cn-0813-40-95","12":"pa_masa-netto-737","13":"pa_objetosc-brutto-1673","14":"pa_producent-helpa-kaszki","15":"pa_producent-nazwa-adres-helpa-spolka-z-ograniczona-odpowiedzialnoscia-spolka-komandytowa-zabia-40-05-504-henrykow-urocze","16":"pa_tagi-bez-cukru-w-skladnikach","17":"pa_tagi-bez-glutenu-w-skladnikach","18":"pa_tagi-certyfikat-bio","19":"pa_tagi-weganski","20":"pa_tagi-wegetarianski","22":"first","23":"instock","24":"taxable","25":"shipping-taxable","26":"purchasable","27":"product-type-simple"},"acf":[],"_links":{"self":[{"href":"https:\/\/wiejskieprzysmaki.estima.site\/en\/wp-json\/wp\/v2\/product\/11092","targetHints":{"allow":["GET"]}}],"collection":[{"href":"https:\/\/wiejskieprzysmaki.estima.site\/en\/wp-json\/wp\/v2\/product"}],"about":[{"href":"https:\/\/wiejskieprzysmaki.estima.site\/en\/wp-json\/wp\/v2\/types\/product"}],"replies":[{"embeddable":true,"href":"https:\/\/wiejskieprzysmaki.estima.site\/en\/wp-json\/wp\/v2\/comments?post=11092"}],"wp:featuredmedia":[{"embeddable":true,"href":"https:\/\/wiejskieprzysmaki.estima.site\/en\/wp-json\/wp\/v2\/media\/11093"}],"wp:attachment":[{"href":"https:\/\/wiejskieprzysmaki.estima.site\/en\/wp-json\/wp\/v2\/media?parent=11092"}],"wp:term":[{"taxonomy":"product_brand","embeddable":true,"href":"https:\/\/wiejskieprzysmaki.estima.site\/en\/wp-json\/wp\/v2\/product_brand?post=11092"},{"taxonomy":"product_cat","embeddable":true,"href":"https:\/\/wiejskieprzysmaki.estima.site\/en\/wp-json\/wp\/v2\/product_cat?post=11092"},{"taxonomy":"product_tag","embeddable":true,"href":"https:\/\/wiejskieprzysmaki.estima.site\/en\/wp-json\/wp\/v2\/product_tag?post=11092"}],"curies":[{"name":"wp","href":"https:\/\/api.w.org\/{rel}","templated":true}]}}