{"id":11116,"date":"2025-02-18T12:28:42","date_gmt":"2025-02-18T11:28:42","guid":{"rendered":"https:\/\/wiejskieprzysmaki.estima.site\/produkt\/herbatka-czerwone-owoce-wanilia-berry-vanilla-bio-17-x-2-g-34-g-yogi-tea\/"},"modified":"2025-02-18T12:28:47","modified_gmt":"2025-02-18T11:28:47","slug":"herbatka-czerwone-owoce-wanilia-berry-vanilla-bio-17-x-2-g-34-g-yogi-tea","status":"publish","type":"product","link":"https:\/\/wiejskieprzysmaki.estima.site\/en\/product\/herbatka-czerwone-owoce-wanilia-berry-vanilla-bio-17-x-2-g-34-g-yogi-tea\/","title":{"rendered":"HERBATKA CZERWONE OWOCE &#8211; WANILIA (BERRY VANILLA) BIO (17 x 2 g) 34 g &#8211; YOGI TEA"},"content":{"rendered":"<p>SK\u0141ADNIKI<br \/>hibiskus*, lukrecja*, jab\u0142ko*, dzika r\u00f3\u017ca*, cynamon*, aronia* 4 %, sk\u00f3rka z pomara\u0144czy*, imbir*, kwiat czarnego bzu* 2 %, burak*, ekstrakt z wanilii* 1,5 %, truskawki* 1,4 %, \u017curawina* 1 %, czarny bez* 1 %, jagody ja\u0142owca* 1 %, olejek pomara\u0144czowy*, laska wanilii* 0,5 %. (*certyfikowany sk\u0142adnik ekologiczny).<\/p>\n<p>OPIS<br \/>Herbatka dla wszystkich mi\u0142o\u015bnik\u00f3w owocowych smak\u00f3w. <br \/>Po prostu wy\u0142\u0105cz si\u0119 i&nbsp;w pe\u0142ni rozkoszuj chwil\u0105 \u2013 tylko Ty i&nbsp;ten niezr\u00f3wnanie pyszny duet owoc\u00f3w i&nbsp;wanilii. W&nbsp;herbatce&nbsp;YOGI TEA\u00ae Berry Vanilla&nbsp;owoce jagodowe i&nbsp;pachn\u0105ce kwiaty bzu \u0142\u0105cz\u0105 si\u0119 z&nbsp;wyszukanymi nutami wanilii, kreuj\u0105c wyj\u0105tkowe doznanie smakowe dla Twoich zmys\u0142\u00f3w. S\u0142odka i&nbsp;pe\u0142na smaku, a&nbsp;jednocze\u015bnie \u0142agodna i&nbsp;relaksuj\u0105ca, ta wyj\u0105tkowa herbatka tworzy niepowtarzalne chwile przyjemno\u015bci dla bardzo wyj\u0105tkowej osoby: dla Ciebie.<\/p>\n<p>SPOS\u00d3B PRZYGOTOWANIA<br \/>Torebk\u0119 zala\u0107 wrz\u0105c\u0105 wod\u0105 (250 ml) i zaparza\u0107 przez 5 minut lub d\u0142u\u017cej w celu uzyskania mocniejszego smaku.&nbsp;<\/p>\n<p>UWAGA<br \/>Zawiera lukrecj\u0119 &#8211; chorzy na nadci\u015bnienie powinni unika\u0107 nadmiernego spo\u017cycia.<\/p>\n<p>ZALECANE WARUNKI PRZECHOWYWANIA<br \/>Przechowywa\u0107 w suchym i ch\u0142odnym miejscu. <\/p>","protected":false},"excerpt":{"rendered":"<p>SK\u0141ADNIKIhibiskus*, lukrecja*, jab\u0142ko*, dzika r\u00f3\u017ca*, cynamon*, aronia* 4 %, sk\u00f3rka z pomara\u0144czy*, imbir*, kwiat czarnego bzu* 2 %, burak*, ekstrakt z wanilii* 1,5 %, truskawki* 1,4 %, \u017curawina* 1 %, czarny bez* 1 %, jagody ja\u0142owca* 1 %, olejek pomara\u0144czowy*, laska wanilii* 0,5 %. (*certyfikowany sk\u0142adnik ekologiczny). OPISHerbatka dla wszystkich mi\u0142o\u015bnik\u00f3w owocowych smak\u00f3w. Po prostu [&hellip;]<\/p>","protected":false},"featured_media":11117,"comment_status":"closed","ping_status":"open","template":"","meta":{"_acf_changed":false},"product_brand":[],"product_cat":[282,478],"product_tag":[],"class_list":{"0":"post-11116","1":"product","2":"type-product","3":"status-publish","4":"has-post-thumbnail","6":"product_cat-herbaty-i-ziola","7":"product_cat-ziolowe-owocowe-mieszanki","8":"pa_ean-matka-8399","9":"pa_gwarancja-przydatnosci-522","10":"pa_ilosc-w-opakowaniu-298","11":"pa_jednostka-podstawowa-szt","12":"pa_kod-cn-2106-90-98","13":"pa_masa-netto-2294","14":"pa_objetosc-brutto-5856","15":"pa_producent-yogi-tea-herbaty-i-herbatki","16":"pa_producent-nazwa-adres-yogi-tea-gmbh-burchardstr-24-d-20095-hamburg","17":"pa_tagi-bez-cukru-w-skladnikach","18":"pa_tagi-bez-glutenu-w-skladnikach","19":"pa_tagi-certyfikat-bio","20":"pa_tagi-weganski","21":"pa_tagi-wegetarianski","23":"first","24":"instock","25":"taxable","26":"shipping-taxable","27":"purchasable","28":"product-type-simple"},"acf":[],"_links":{"self":[{"href":"https:\/\/wiejskieprzysmaki.estima.site\/en\/wp-json\/wp\/v2\/product\/11116","targetHints":{"allow":["GET"]}}],"collection":[{"href":"https:\/\/wiejskieprzysmaki.estima.site\/en\/wp-json\/wp\/v2\/product"}],"about":[{"href":"https:\/\/wiejskieprzysmaki.estima.site\/en\/wp-json\/wp\/v2\/types\/product"}],"replies":[{"embeddable":true,"href":"https:\/\/wiejskieprzysmaki.estima.site\/en\/wp-json\/wp\/v2\/comments?post=11116"}],"wp:featuredmedia":[{"embeddable":true,"href":"https:\/\/wiejskieprzysmaki.estima.site\/en\/wp-json\/wp\/v2\/media\/11117"}],"wp:attachment":[{"href":"https:\/\/wiejskieprzysmaki.estima.site\/en\/wp-json\/wp\/v2\/media?parent=11116"}],"wp:term":[{"taxonomy":"product_brand","embeddable":true,"href":"https:\/\/wiejskieprzysmaki.estima.site\/en\/wp-json\/wp\/v2\/product_brand?post=11116"},{"taxonomy":"product_cat","embeddable":true,"href":"https:\/\/wiejskieprzysmaki.estima.site\/en\/wp-json\/wp\/v2\/product_cat?post=11116"},{"taxonomy":"product_tag","embeddable":true,"href":"https:\/\/wiejskieprzysmaki.estima.site\/en\/wp-json\/wp\/v2\/product_tag?post=11116"}],"curies":[{"name":"wp","href":"https:\/\/api.w.org\/{rel}","templated":true}]}}