{"id":11134,"date":"2025-02-18T12:28:50","date_gmt":"2025-02-18T11:28:50","guid":{"rendered":"https:\/\/wiejskieprzysmaki.estima.site\/produkt\/krem-kasztany-kakao-bezglutenowy-bio-235-g-san-e-bun\/"},"modified":"2025-02-18T12:28:54","modified_gmt":"2025-02-18T11:28:54","slug":"krem-kasztany-kakao-bezglutenowy-bio-235-g-san-e-bun","status":"publish","type":"product","link":"https:\/\/wiejskieprzysmaki.estima.site\/en\/product\/krem-kasztany-kakao-bezglutenowy-bio-235-g-san-e-bun\/","title":{"rendered":"KREM KASZTANY &#8211; KAKAO BEZGLUTENOWY BIO 235 g &#8211; SAN E BUN"},"content":{"rendered":"<p>SK\u0141ADNIKI<br \/>cukier trzcinowy*, przecier z kasztan\u00f3w* 40 %, kakao w proszku* 5 %, substancja zag\u0119szczaj\u0105ca: pektyny. (*certyfikowany sk\u0142adnik ekologiczny)<\/p>\n<p>OPIS<br \/>Krem z kasztan\u00f3w i kakao marki &#8220;San e Bun&#8221; to naturalny produkt bez konserwant\u00f3w, idealny dla zdrowej diety.<br \/>\u0141\u0105czy w sobie wysokiej jako\u015bci kasztany i kakao, tworz\u0105c s\u0142odki i intensywny smak. Produkt bezglutenowy, doskona\u0142y dla os\u00f3b z nietolerancjami pokarmowymi. Jego kremowa konsystencja i zr\u00f3wnowa\u017cony smak sprawiaj\u0105, \u017ce jest uniwersalnym dodatkiem do deser\u00f3w i \u015bniada\u0144.<\/p>\n<p>Propozycja podania:<br \/>do dekoracji lod\u00f3w czekoladowych lub \u015bmietankowych<br \/>do wzbogacenia smaku kawy ze \u015bmietank\u0105<br \/>jako dodatek do tart i ciast<\/p>\n<p>WARTO\u015a\u0106 OD\u017bYWCZA W 100 g<br \/>Warto\u015b\u0107 energetyczna: 1213 kJ\/290 kcal<br \/>T\u0142uszcz: 1,2 g<br \/>w tym kwasy t\u0142uszczowe nasycone: 0,4 g<br \/>W\u0119glowodany: 67 g<br \/>w tym cukry: 59 g<br \/>Bia\u0142ko: 2,4 g<br \/>S\u00f3l: &lt;0,01 g<\/p>\n<p>ZALECANE WARUNKI PRZECHOWYWANIA<br \/>Przechowywa\u0107 w ch\u0142odnym, suchym miejscu, z dala od bezpo\u015bredniego dzia\u0142ania promieni s\u0142onecznych. Przed otwarciem nale\u017cy sprawdzi\u0107, czy wieczko jest wkl\u0119\u015bni\u0119te. Po otwarciu przechowywa\u0107 w lod\u00f3wce i spo\u017cy\u0107 w ci\u0105gu 15 dni.<\/p>","protected":false},"excerpt":{"rendered":"<p>SK\u0141ADNIKIcukier trzcinowy*, przecier z kasztan\u00f3w* 40 %, kakao w proszku* 5 %, substancja zag\u0119szczaj\u0105ca: pektyny. (*certyfikowany sk\u0142adnik ekologiczny) OPISKrem z kasztan\u00f3w i kakao marki &#8220;San e Bun&#8221; to naturalny produkt bez konserwant\u00f3w, idealny dla zdrowej diety.\u0141\u0105czy w sobie wysokiej jako\u015bci kasztany i kakao, tworz\u0105c s\u0142odki i intensywny smak. Produkt bezglutenowy, doskona\u0142y dla os\u00f3b z nietolerancjami [&hellip;]<\/p>","protected":false},"featured_media":11135,"comment_status":"closed","ping_status":"open","template":"","meta":{"_acf_changed":false},"product_brand":[],"product_cat":[734],"product_tag":[],"class_list":{"0":"post-11134","1":"product","2":"type-product","3":"status-publish","4":"has-post-thumbnail","6":"product_cat-kremy-orzechowe-czekoladowe-tahini","7":"pa_ean-matka-8411","8":"pa_ilosc-w-opakowaniu-331","9":"pa_jednostka-podstawowa-szt","10":"pa_kod-cn-1806-90-60","11":"pa_masa-netto-5900","12":"pa_objetosc-brutto-1087","13":"pa_producent-nazwa-adres-disanapianta-soc-agr-cooperativa-via-delle-industrie6-10040-almese-to","14":"pa_tagi-bez-glutenu-deklaracja","15":"pa_tagi-bez-glutenu-w-skladnikach","16":"pa_tagi-certyfikat-bio","17":"pa_tagi-weganski","18":"pa_tagi-wegetarianski","19":"pa_termin-przydatnosci-31-05-2026","21":"first","22":"instock","23":"taxable","24":"shipping-taxable","25":"purchasable","26":"product-type-simple"},"acf":[],"_links":{"self":[{"href":"https:\/\/wiejskieprzysmaki.estima.site\/en\/wp-json\/wp\/v2\/product\/11134","targetHints":{"allow":["GET"]}}],"collection":[{"href":"https:\/\/wiejskieprzysmaki.estima.site\/en\/wp-json\/wp\/v2\/product"}],"about":[{"href":"https:\/\/wiejskieprzysmaki.estima.site\/en\/wp-json\/wp\/v2\/types\/product"}],"replies":[{"embeddable":true,"href":"https:\/\/wiejskieprzysmaki.estima.site\/en\/wp-json\/wp\/v2\/comments?post=11134"}],"wp:featuredmedia":[{"embeddable":true,"href":"https:\/\/wiejskieprzysmaki.estima.site\/en\/wp-json\/wp\/v2\/media\/11135"}],"wp:attachment":[{"href":"https:\/\/wiejskieprzysmaki.estima.site\/en\/wp-json\/wp\/v2\/media?parent=11134"}],"wp:term":[{"taxonomy":"product_brand","embeddable":true,"href":"https:\/\/wiejskieprzysmaki.estima.site\/en\/wp-json\/wp\/v2\/product_brand?post=11134"},{"taxonomy":"product_cat","embeddable":true,"href":"https:\/\/wiejskieprzysmaki.estima.site\/en\/wp-json\/wp\/v2\/product_cat?post=11134"},{"taxonomy":"product_tag","embeddable":true,"href":"https:\/\/wiejskieprzysmaki.estima.site\/en\/wp-json\/wp\/v2\/product_tag?post=11134"}],"curies":[{"name":"wp","href":"https:\/\/api.w.org\/{rel}","templated":true}]}}